{"id":27024,"date":"2025-04-15T15:44:52","date_gmt":"2025-04-15T13:44:52","guid":{"rendered":"https:\/\/vivarapro.nl\/product\/vk-sw-01-gite-pour-chauves-souris\/"},"modified":"2025-10-30T09:39:02","modified_gmt":"2025-10-30T08:39:02","slug":"vk-sw-01-gite-pour-chauves-souris","status":"publish","type":"product","link":"https:\/\/viva.ezxdemo.com\/fr\/produit\/vk-sw-01-gite-pour-chauves-souris\/","title":{"rendered":"VK SW 01 G\u00eete pour chauves-souris"},"content":{"rendered":"<p>Ce g\u00eete pour chauves-souris en b\u00e9ton de bois peut \u00eatre install\u00e9 aussi bien dans les arbres que sur les fa\u00e7ades de b\u00e2timents. Il est \u00e9quip\u00e9 d\u2019un insert \u00e0 l\u2019int\u00e9rieur qui limite l\u2019acc\u00e8s aux m\u00e9sanges. Les nervures ajout\u00e9es \u00e0 l\u2019arri\u00e8re permettent de le fixer de mani\u00e8re tr\u00e8s s\u00e9curis\u00e9e et le support de fixation amovible permet de le suspendre librement \u00e0 une branche.<\/p>\n<p>Le b\u00e9ton de bois est un mat\u00e9riau durable compos\u00e9 d\u2019un m\u00e9lange de b\u00e9ton et de bois certifi\u00e9 FSC\u00ae.<\/p>\n","protected":false},"excerpt":{"rendered":"<p>Ce g\u00eete pour chauves-souris en b\u00e9ton de bois peut \u00eatre install\u00e9 aussi bien dans les arbres que sur les fa\u00e7ades de b\u00e2timents. Il est \u00e9quip\u00e9 d\u2019un insert \u00e0 l\u2019int\u00e9rieur qui limite l\u2019acc\u00e8s aux m\u00e9sanges. Les nervures ajout\u00e9es \u00e0 l\u2019arri\u00e8re permettent de le fixer de mani\u00e8re tr\u00e8s s\u00e9curis\u00e9e et le support de fixation amovible permet de [&hellip;]<\/p>\n","protected":false},"featured_media":29719,"template":"","meta":{"_acf_changed":false,"_relevanssi_hide_post":"","_relevanssi_hide_content":"","_relevanssi_pin_for_all":"","_relevanssi_pin_keywords":"","_relevanssi_unpin_keywords":"","_relevanssi_related_keywords":"","_relevanssi_related_include_ids":"","_relevanssi_related_exclude_ids":"","_relevanssi_related_no_append":"","_relevanssi_related_not_related":"","_relevanssi_related_posts":"","_relevanssi_noindex_reason":""},"product_brand":[],"product_cat":[5024,5039,5042,5040,5037],"product_tag":[],"class_list":{"0":"post-27024","1":"product","2":"type-product","3":"status-publish","4":"has-post-thumbnail","6":"product_cat-chauves-souris","7":"product_cat-gite-de-maternite-pour-chauves-souris","8":"product_cat-gites-darbre-pour-chauves-souris","9":"product_cat-nichoirs-muraux","10":"product_cat-nichoirs-muraux-chauves-souris","11":"pa_binnenmaat-b-x-h-x-d-cm-13-x-21-x-13","12":"pa_buitenmaat-b-x-h-x-d-cm-17-x-26-x-17-fr","13":"pa_gewicht-kg-7522","14":"pa_kleur-grijs-met-wit-front","15":"pa_materiaal-woodstone-fr","16":"pa_soort-murin-de-daubenton","17":"pa_soort-murin-de-natterer","18":"pa_soort-noctule-commune","19":"pa_soort-noctule-de-leisler","20":"pa_soort-oreillard-roux","21":"pa_soort-pipistrelle-de-nathusius","22":"pa_soort-pipistrelle-pygmee","23":"pa_soortgroep-chauves-souris","25":"first","26":"instock","27":"shipping-taxable","28":"purchasable","29":"product-type-simple"},"acf":[],"_links":{"self":[{"href":"https:\/\/viva.ezxdemo.com\/fr\/wp-json\/wp\/v2\/product\/27024","targetHints":{"allow":["GET"]}}],"collection":[{"href":"https:\/\/viva.ezxdemo.com\/fr\/wp-json\/wp\/v2\/product"}],"about":[{"href":"https:\/\/viva.ezxdemo.com\/fr\/wp-json\/wp\/v2\/types\/product"}],"wp:featuredmedia":[{"embeddable":true,"href":"https:\/\/viva.ezxdemo.com\/fr\/wp-json\/wp\/v2\/media\/29719"}],"wp:attachment":[{"href":"https:\/\/viva.ezxdemo.com\/fr\/wp-json\/wp\/v2\/media?parent=27024"}],"wp:term":[{"taxonomy":"product_brand","embeddable":true,"href":"https:\/\/viva.ezxdemo.com\/fr\/wp-json\/wp\/v2\/product_brand?post=27024"},{"taxonomy":"product_cat","embeddable":true,"href":"https:\/\/viva.ezxdemo.com\/fr\/wp-json\/wp\/v2\/product_cat?post=27024"},{"taxonomy":"product_tag","embeddable":true,"href":"https:\/\/viva.ezxdemo.com\/fr\/wp-json\/wp\/v2\/product_tag?post=27024"}],"curies":[{"name":"wp","href":"https:\/\/api.w.org\/{rel}","templated":true}]}}