{"id":27026,"date":"2025-04-16T16:38:23","date_gmt":"2025-04-16T14:38:23","guid":{"rendered":"https:\/\/vivarapro.nl\/product\/ip-bl-03-hotel-a-insectes-jaune\/"},"modified":"2025-10-30T09:41:19","modified_gmt":"2025-10-30T08:41:19","slug":"ip-bl-03-hotel-a-insectes-jaune","status":"publish","type":"product","link":"https:\/\/viva.ezxdemo.com\/fr\/produit\/ip-bl-03-hotel-a-insectes-jaune\/","title":{"rendered":"IP BL 03 H\u00f4tel \u00e0 insectes jaune"},"content":{"rendered":"<p>Cet h\u00f4tel \u00e0 insectes aux formes \u00e9l\u00e9gantes offre aux abeilles et aux gu\u00eapes solitaires un lieu de nidification id\u00e9al.<\/p>\n","protected":false},"excerpt":{"rendered":"<p>Cet h\u00f4tel \u00e0 insectes aux formes \u00e9l\u00e9gantes offre aux abeilles et aux gu\u00eapes solitaires un lieu de nidification id\u00e9al.<\/p>\n","protected":false},"featured_media":19081,"template":"","meta":{"_acf_changed":false,"_relevanssi_hide_post":"","_relevanssi_hide_content":"","_relevanssi_pin_for_all":"","_relevanssi_pin_keywords":"","_relevanssi_unpin_keywords":"","_relevanssi_related_keywords":"","_relevanssi_related_include_ids":"","_relevanssi_related_exclude_ids":"","_relevanssi_related_no_append":"","_relevanssi_related_not_related":"","_relevanssi_related_posts":"","_relevanssi_noindex_reason":""},"product_brand":[],"product_cat":[5031,5057],"product_tag":[],"class_list":{"0":"post-27026","1":"product","2":"type-product","3":"status-publish","4":"has-post-thumbnail","6":"product_cat-nichoirs-a-insectes","7":"product_cat-hotel-a-insectes","8":"pa_buitenmaat-b-x-h-x-d-cm-14-x-22-x-10","9":"pa_gewicht-kg-7525","10":"pa_kleur-geel","11":"pa_materiaal-woodstone-fr","12":"pa_soort-abeilles-solitaires","13":"pa_soortgroep-abeilles-solitaires","14":"pa_soortgroep-insectes","16":"first","17":"instock","18":"shipping-taxable","19":"purchasable","20":"product-type-simple"},"acf":[],"_links":{"self":[{"href":"https:\/\/viva.ezxdemo.com\/fr\/wp-json\/wp\/v2\/product\/27026","targetHints":{"allow":["GET"]}}],"collection":[{"href":"https:\/\/viva.ezxdemo.com\/fr\/wp-json\/wp\/v2\/product"}],"about":[{"href":"https:\/\/viva.ezxdemo.com\/fr\/wp-json\/wp\/v2\/types\/product"}],"wp:featuredmedia":[{"embeddable":true,"href":"https:\/\/viva.ezxdemo.com\/fr\/wp-json\/wp\/v2\/media\/19081"}],"wp:attachment":[{"href":"https:\/\/viva.ezxdemo.com\/fr\/wp-json\/wp\/v2\/media?parent=27026"}],"wp:term":[{"taxonomy":"product_brand","embeddable":true,"href":"https:\/\/viva.ezxdemo.com\/fr\/wp-json\/wp\/v2\/product_brand?post=27026"},{"taxonomy":"product_cat","embeddable":true,"href":"https:\/\/viva.ezxdemo.com\/fr\/wp-json\/wp\/v2\/product_cat?post=27026"},{"taxonomy":"product_tag","embeddable":true,"href":"https:\/\/viva.ezxdemo.com\/fr\/wp-json\/wp\/v2\/product_tag?post=27026"}],"curies":[{"name":"wp","href":"https:\/\/api.w.org\/{rel}","templated":true}]}}