{"id":27028,"date":"2025-04-09T10:24:06","date_gmt":"2025-04-09T08:24:06","guid":{"rendered":"https:\/\/vivarapro.nl\/product\/nk-sw-03-nichoir-oval\/"},"modified":"2025-10-30T09:59:11","modified_gmt":"2025-10-30T08:59:11","slug":"nk-sw-03-nichoir-oval","status":"publish","type":"product","link":"https:\/\/viva.ezxdemo.com\/fr\/produit\/nk-sw-03-nichoir-oval\/","title":{"rendered":"NK SW 03 Nichoir Oval"},"content":{"rendered":"<p class=\"\" data-start=\"57\" data-end=\"356\">Ce nichoir durable en woodstone convient aux m\u00e9sanges et \u00e0 d\u2019autres esp\u00e8ces comme le gobemouche noir.<br data-start=\"168\" data-end=\"171\" \/>Le nichoir peut \u00eatre install\u00e9 contre un mur ou dans un arbre. Les nervures au dos assurent une suspension stable. Gr\u00e2ce \u00e0 son support amovible, ce nichoir peut \u00e9galement \u00eatre accroch\u00e9 librement \u00e0 une branche.<\/p>\n<p class=\"\" data-start=\"358\" data-end=\"640\">\u00c0 l\u2019int\u00e9rieur du panneau avant, une protection contre les martres a \u00e9t\u00e9 ajout\u00e9e afin de pr\u00e9venir les attaques de pr\u00e9dateurs. La porte se retire ais\u00e9ment pour faciliter l\u2019entretien. Le Woodstone, compos\u00e9 de b\u00e9ton et de bois certifi\u00e9 FSC\u00ae, est un mat\u00e9riau durable qui assure \u00e0 la fois une bonne isolation et une longue dur\u00e9e de vie.<\/p>\n","protected":false},"excerpt":{"rendered":"<p>Ce nichoir durable en woodstone convient aux m\u00e9sanges et \u00e0 d\u2019autres esp\u00e8ces comme le gobemouche noir.Le nichoir peut \u00eatre install\u00e9 contre un mur ou dans un arbre. Les nervures au dos assurent une suspension stable. Gr\u00e2ce \u00e0 son support amovible, ce nichoir peut \u00e9galement \u00eatre accroch\u00e9 librement \u00e0 une branche. \u00c0 l\u2019int\u00e9rieur du panneau avant, [&hellip;]<\/p>\n","protected":false},"featured_media":19151,"template":"","meta":{"_acf_changed":false,"_relevanssi_hide_post":"","_relevanssi_hide_content":"","_relevanssi_pin_for_all":"","_relevanssi_pin_keywords":"","_relevanssi_unpin_keywords":"","_relevanssi_related_keywords":"","_relevanssi_related_include_ids":"","_relevanssi_related_exclude_ids":"","_relevanssi_related_no_append":"","_relevanssi_related_not_related":"","_relevanssi_related_posts":"","_relevanssi_noindex_reason":""},"product_brand":[],"product_cat":[5029,5026,5051,5040,5043,5059,7868],"product_tag":[],"class_list":{"0":"post-27028","1":"product","2":"type-product","3":"status-publish","4":"has-post-thumbnail","6":"product_cat-nichoirs-oiseaux-chanteurs","7":"product_cat-moineaux-domestiques","8":"product_cat-nichoirs-a-moineaux-domestiques","9":"product_cat-nichoirs-muraux","10":"product_cat-nichoirs-muraux-pour-moineaux-domestiques","11":"product_cat-nichoirs-pour-les-rouge-queues-a-front-blanc","12":"product_cat-nichoirs","13":"pa_binnenmaat-b-x-h-x-d-cm-13-x-21-x-13","14":"pa_buitenmaat-b-x-h-x-d-cm-17-x-26-x-17-fr","15":"pa_gewicht-kg-4-fr","16":"pa_invliegopening-32x50","17":"pa_kleur-gris-blanc","18":"pa_materiaal-woodstone-fr","19":"pa_soort-moineau-domestique","20":"pa_soort-rougequeue-a-front-blanc","21":"pa_soortgroep-oiseaux-chanteurs","23":"first","24":"instock","25":"shipping-taxable","26":"purchasable","27":"product-type-simple"},"acf":[],"_links":{"self":[{"href":"https:\/\/viva.ezxdemo.com\/fr\/wp-json\/wp\/v2\/product\/27028","targetHints":{"allow":["GET"]}}],"collection":[{"href":"https:\/\/viva.ezxdemo.com\/fr\/wp-json\/wp\/v2\/product"}],"about":[{"href":"https:\/\/viva.ezxdemo.com\/fr\/wp-json\/wp\/v2\/types\/product"}],"wp:featuredmedia":[{"embeddable":true,"href":"https:\/\/viva.ezxdemo.com\/fr\/wp-json\/wp\/v2\/media\/19151"}],"wp:attachment":[{"href":"https:\/\/viva.ezxdemo.com\/fr\/wp-json\/wp\/v2\/media?parent=27028"}],"wp:term":[{"taxonomy":"product_brand","embeddable":true,"href":"https:\/\/viva.ezxdemo.com\/fr\/wp-json\/wp\/v2\/product_brand?post=27028"},{"taxonomy":"product_cat","embeddable":true,"href":"https:\/\/viva.ezxdemo.com\/fr\/wp-json\/wp\/v2\/product_cat?post=27028"},{"taxonomy":"product_tag","embeddable":true,"href":"https:\/\/viva.ezxdemo.com\/fr\/wp-json\/wp\/v2\/product_tag?post=27028"}],"curies":[{"name":"wp","href":"https:\/\/api.w.org\/{rel}","templated":true}]}}