{"id":27031,"date":"2025-04-16T16:18:56","date_gmt":"2025-04-16T14:18:56","guid":{"rendered":"https:\/\/vivarapro.nl\/product\/nv-bo-03-brosse-dexclusion-150-mm\/"},"modified":"2025-10-30T10:01:56","modified_gmt":"2025-10-30T09:01:56","slug":"nv-bo-03-brosse-dexclusion-150-mm","status":"publish","type":"product","link":"https:\/\/viva.ezxdemo.com\/fr\/produit\/nv-bo-03-brosse-dexclusion-150-mm\/","title":{"rendered":"NV BO 03 Brosse d\u2019exclusion 150\u00a0mm"},"content":{"rendered":"<p>Vivara Pro propose des brosses d\u2019exclusion en quatre diam\u00e8tres diff\u00e9rents, con\u00e7ues pour le colmatage professionnel des rives de toit, tuiles, et autres ouvertures dans les b\u00e2timents. Ces brosses d\u2019exclusion sont particuli\u00e8rement adapt\u00e9es pour dissuader les animaux comme les moineaux domestiques ou les chauves-souris de s\u2019installer dans les b\u00e2timents, lorsqu\u2019on souhaite entreprendre des travaux de r\u00e9novation et\/ou d\u2019isolation en toute s\u00e9r\u00e9nit\u00e9. Gr\u00e2ce \u00e0 leurs poils robustes et \u00e0 leur grand diam\u00e8tre, elles cr\u00e9ent une barri\u00e8re efficace sans endommager la structure du toit.<\/p>\n","protected":false},"excerpt":{"rendered":"<p>Vivara Pro propose des brosses d\u2019exclusion en quatre diam\u00e8tres diff\u00e9rents, con\u00e7ues pour le colmatage professionnel des rives de toit, tuiles, et autres ouvertures dans les b\u00e2timents. Ces brosses d\u2019exclusion sont particuli\u00e8rement adapt\u00e9es pour dissuader les animaux comme les moineaux domestiques ou les chauves-souris de s\u2019installer dans les b\u00e2timents, lorsqu\u2019on souhaite entreprendre des travaux de r\u00e9novation [&hellip;]<\/p>\n","protected":false},"featured_media":19263,"template":"","meta":{"_acf_changed":false,"_relevanssi_hide_post":"","_relevanssi_hide_content":"","_relevanssi_pin_for_all":"","_relevanssi_pin_keywords":"","_relevanssi_unpin_keywords":"","_relevanssi_related_keywords":"","_relevanssi_related_include_ids":"","_relevanssi_related_exclude_ids":"","_relevanssi_related_no_append":"","_relevanssi_related_not_related":"","_relevanssi_related_posts":"","_relevanssi_noindex_reason":""},"product_brand":[],"product_cat":[5024,5022,5080],"product_tag":[],"class_list":{"0":"post-27031","1":"product","2":"type-product","3":"status-publish","4":"has-post-thumbnail","6":"product_cat-chauves-souris","7":"product_cat-ne-fait-partie-daucune-categorie","8":"product_cat-produits-de-decouragement","10":"first","11":"instock","12":"shipping-taxable","13":"purchasable","14":"product-type-simple"},"acf":[],"_links":{"self":[{"href":"https:\/\/viva.ezxdemo.com\/fr\/wp-json\/wp\/v2\/product\/27031","targetHints":{"allow":["GET"]}}],"collection":[{"href":"https:\/\/viva.ezxdemo.com\/fr\/wp-json\/wp\/v2\/product"}],"about":[{"href":"https:\/\/viva.ezxdemo.com\/fr\/wp-json\/wp\/v2\/types\/product"}],"wp:featuredmedia":[{"embeddable":true,"href":"https:\/\/viva.ezxdemo.com\/fr\/wp-json\/wp\/v2\/media\/19263"}],"wp:attachment":[{"href":"https:\/\/viva.ezxdemo.com\/fr\/wp-json\/wp\/v2\/media?parent=27031"}],"wp:term":[{"taxonomy":"product_brand","embeddable":true,"href":"https:\/\/viva.ezxdemo.com\/fr\/wp-json\/wp\/v2\/product_brand?post=27031"},{"taxonomy":"product_cat","embeddable":true,"href":"https:\/\/viva.ezxdemo.com\/fr\/wp-json\/wp\/v2\/product_cat?post=27031"},{"taxonomy":"product_tag","embeddable":true,"href":"https:\/\/viva.ezxdemo.com\/fr\/wp-json\/wp\/v2\/product_tag?post=27031"}],"curies":[{"name":"wp","href":"https:\/\/api.w.org\/{rel}","templated":true}]}}