{"id":27033,"date":"2025-04-16T14:13:09","date_gmt":"2025-04-16T12:13:09","guid":{"rendered":"https:\/\/vivarapro.nl\/product\/vl-gg-01-filet-de-protection-special-chauves-souris\/"},"modified":"2025-10-30T10:04:16","modified_gmt":"2025-10-30T09:04:16","slug":"vl-gg-01-filet-de-protection-special-chauves-souris","status":"publish","type":"product","link":"https:\/\/viva.ezxdemo.com\/fr\/produit\/vl-gg-01-filet-de-protection-special-chauves-souris\/","title":{"rendered":"VL GG 01 Filet de protection sp\u00e9cial chauves-souris"},"content":{"rendered":"<p class=\"\" data-start=\"80\" data-end=\"406\">Ce filet sp\u00e9cial, respectueux des chauves-souris, a \u00e9t\u00e9 con\u00e7u pour prot\u00e9ger les parties fragiles d\u2019un b\u00e2timent, comme les membranes et mat\u00e9riaux isolants, des dommages caus\u00e9s par les chauves-souris et les oiseaux. Ce filet emp\u00eache les animaux de nicher ou de s\u2019agripper aux mat\u00e9riaux fragiles, tout en leur offrant une accroche suffisante pour utiliser l\u2019espace comme refuge en toute s\u00e9curit\u00e9.<\/p>\n<p class=\"\" data-start=\"408\" data-end=\"668\">Gr\u00e2ce \u00e0 sa r\u00e9sistance aux UV, le filet reste solide et efficace m\u00eame apr\u00e8s une exposition prolong\u00e9e au soleil. Il est parfait pour les murs creux, les toitures et les autres abris o\u00f9 protection des b\u00e2timents et pr\u00e9servation de la nature vont de pair.<\/p>\n","protected":false},"excerpt":{"rendered":"<p>Ce filet sp\u00e9cial, respectueux des chauves-souris, a \u00e9t\u00e9 con\u00e7u pour prot\u00e9ger les parties fragiles d\u2019un b\u00e2timent, comme les membranes et mat\u00e9riaux isolants, des dommages caus\u00e9s par les chauves-souris et les oiseaux. Ce filet emp\u00eache les animaux de nicher ou de s\u2019agripper aux mat\u00e9riaux fragiles, tout en leur offrant une accroche suffisante pour utiliser l\u2019espace comme [&hellip;]<\/p>\n","protected":false},"featured_media":19291,"template":"","meta":{"_acf_changed":false,"_relevanssi_hide_post":"","_relevanssi_hide_content":"","_relevanssi_pin_for_all":"","_relevanssi_pin_keywords":"","_relevanssi_unpin_keywords":"","_relevanssi_related_keywords":"","_relevanssi_related_include_ids":"","_relevanssi_related_exclude_ids":"","_relevanssi_related_no_append":"","_relevanssi_related_not_related":"","_relevanssi_related_posts":"","_relevanssi_noindex_reason":""},"product_brand":[],"product_cat":[5024],"product_tag":[],"class_list":{"0":"post-27033","1":"product","2":"type-product","3":"status-publish","4":"has-post-thumbnail","6":"product_cat-chauves-souris","8":"first","9":"instock","10":"shipping-taxable","11":"purchasable","12":"product-type-simple"},"acf":[],"_links":{"self":[{"href":"https:\/\/viva.ezxdemo.com\/fr\/wp-json\/wp\/v2\/product\/27033","targetHints":{"allow":["GET"]}}],"collection":[{"href":"https:\/\/viva.ezxdemo.com\/fr\/wp-json\/wp\/v2\/product"}],"about":[{"href":"https:\/\/viva.ezxdemo.com\/fr\/wp-json\/wp\/v2\/types\/product"}],"wp:featuredmedia":[{"embeddable":true,"href":"https:\/\/viva.ezxdemo.com\/fr\/wp-json\/wp\/v2\/media\/19291"}],"wp:attachment":[{"href":"https:\/\/viva.ezxdemo.com\/fr\/wp-json\/wp\/v2\/media?parent=27033"}],"wp:term":[{"taxonomy":"product_brand","embeddable":true,"href":"https:\/\/viva.ezxdemo.com\/fr\/wp-json\/wp\/v2\/product_brand?post=27033"},{"taxonomy":"product_cat","embeddable":true,"href":"https:\/\/viva.ezxdemo.com\/fr\/wp-json\/wp\/v2\/product_cat?post=27033"},{"taxonomy":"product_tag","embeddable":true,"href":"https:\/\/viva.ezxdemo.com\/fr\/wp-json\/wp\/v2\/product_tag?post=27033"}],"curies":[{"name":"wp","href":"https:\/\/api.w.org\/{rel}","templated":true}]}}