{"id":27034,"date":"2025-05-14T11:26:52","date_gmt":"2025-05-14T09:26:52","guid":{"rendered":"https:\/\/vivarapro.nl\/product\/ib-mu-08-nichoir-a-encastrer-pour-moineau-domestique\/"},"modified":"2025-10-30T10:05:17","modified_gmt":"2025-10-30T09:05:17","slug":"ib-mu-08-nichoir-a-encastrer-pour-moineau-domestique","status":"publish","type":"product","link":"https:\/\/viva.ezxdemo.com\/fr\/produit\/ib-mu-08-nichoir-a-encastrer-pour-moineau-domestique\/","title":{"rendered":"IB MU 08 Nichoir \u00e0 encastrer pour moineau domestique"},"content":{"rendered":"<p>Ce nichoir \u00e0 encastrer est adapt\u00e9 aux nouvelles constructions pour compenser la perte des nids des moineaux domestiques dans les fa\u00e7ades. Ses dimensions int\u00e9rieures sont id\u00e9ales pour la nidification des moineaux domestiques. La hauteur de ce nichoir \u00e0 encastrer correspond parfaitement \u00e0 un format de mur \u00e0 4\u00a0rang\u00e9es de briques. Les moineaux vivant en colonies, il est recommand\u00e9 de placer plusieurs nichoirs sur la m\u00eame zone. Le nichoir \u00e0 encastrer est aussi r\u00e9guli\u00e8rement habit\u00e9 par d\u2019autres esp\u00e8ces comme les m\u00e9sanges. Il est fabriqu\u00e9 en WoodStone et peut \u00eatre ouvert \u00e0 l\u2019avant pour \u00eatre nettoy\u00e9 si n\u00e9cessaire. Le WoodStone est un m\u00e9lange de fibres de bois certifi\u00e9es FSC\u00ae \u00e0 100\u00a0% et de b\u00e9ton. Ce mat\u00e9riau robuste est respectueux de l\u2019environnement et con\u00e7u pour durer des d\u00e9cennies.<\/p>\n","protected":false},"excerpt":{"rendered":"<p>Ce nichoir \u00e0 encastrer est adapt\u00e9 aux nouvelles constructions pour compenser la perte des nids des moineaux domestiques dans les fa\u00e7ades. Ses dimensions int\u00e9rieures sont id\u00e9ales pour la nidification des moineaux domestiques. La hauteur de ce nichoir \u00e0 encastrer correspond parfaitement \u00e0 un format de mur \u00e0 4\u00a0rang\u00e9es de briques. Les moineaux vivant en colonies, [&hellip;]<\/p>\n","protected":false},"featured_media":31477,"template":"","meta":{"_acf_changed":false,"_relevanssi_hide_post":"","_relevanssi_hide_content":"","_relevanssi_pin_for_all":"","_relevanssi_pin_keywords":"","_relevanssi_unpin_keywords":"","_relevanssi_related_keywords":"","_relevanssi_related_include_ids":"","_relevanssi_related_exclude_ids":"","_relevanssi_related_no_append":"","_relevanssi_related_not_related":"","_relevanssi_related_posts":"","_relevanssi_noindex_reason":""},"product_brand":[],"product_cat":[5023,5026,5034],"product_tag":[],"class_list":{"0":"post-27034","1":"product","2":"type-product","3":"status-publish","4":"has-post-thumbnail","6":"product_cat-gites-et-nichoirs-a-encastrer","7":"product_cat-moineaux-domestiques","8":"product_cat-nichoir-a-encastrer-pour-les-moineaux-domestiques","9":"pa_buitenmaat-b-x-h-x-d-cm-29x22x165-fr","10":"pa_gewicht-kg-7-fr","11":"pa_invliegopening-34-mm-fr","12":"pa_kleur-gris-blanc","13":"pa_materiaal-woodstone-fr","14":"pa_materiaal-voor-filter-beton-de-bois","15":"pa_soort-moineau-domestique","16":"pa_soortgroep-moineaux","18":"first","19":"instock","20":"purchasable","21":"product-type-simple"},"acf":[],"_links":{"self":[{"href":"https:\/\/viva.ezxdemo.com\/fr\/wp-json\/wp\/v2\/product\/27034","targetHints":{"allow":["GET"]}}],"collection":[{"href":"https:\/\/viva.ezxdemo.com\/fr\/wp-json\/wp\/v2\/product"}],"about":[{"href":"https:\/\/viva.ezxdemo.com\/fr\/wp-json\/wp\/v2\/types\/product"}],"wp:featuredmedia":[{"embeddable":true,"href":"https:\/\/viva.ezxdemo.com\/fr\/wp-json\/wp\/v2\/media\/31477"}],"wp:attachment":[{"href":"https:\/\/viva.ezxdemo.com\/fr\/wp-json\/wp\/v2\/media?parent=27034"}],"wp:term":[{"taxonomy":"product_brand","embeddable":true,"href":"https:\/\/viva.ezxdemo.com\/fr\/wp-json\/wp\/v2\/product_brand?post=27034"},{"taxonomy":"product_cat","embeddable":true,"href":"https:\/\/viva.ezxdemo.com\/fr\/wp-json\/wp\/v2\/product_cat?post=27034"},{"taxonomy":"product_tag","embeddable":true,"href":"https:\/\/viva.ezxdemo.com\/fr\/wp-json\/wp\/v2\/product_tag?post=27034"}],"curies":[{"name":"wp","href":"https:\/\/api.w.org\/{rel}","templated":true}]}}