{"id":27035,"date":"2025-05-14T10:58:20","date_gmt":"2025-05-14T08:58:20","guid":{"rendered":"https:\/\/vivarapro.nl\/product\/90096-nichoir-a-encastrer-pour-martinets-noirs\/"},"modified":"2025-10-30T09:11:01","modified_gmt":"2025-10-30T08:11:01","slug":"90096-nichoir-a-encastrer-pour-martinets-noirs","status":"publish","type":"product","link":"https:\/\/viva.ezxdemo.com\/fr\/produit\/90096-nichoir-a-encastrer-pour-martinets-noirs\/","title":{"rendered":"90096 Nichoir \u00e0 encastrer pour martinets noirs"},"content":{"rendered":"<p class=\"\" data-start=\"0\" data-end=\"178\">Ce nichoir pour martinets noirs s\u2019int\u00e8gre parfaitement dans les b\u00e2timents neufs ou en r\u00e9novation, en particulier dans les endroits difficiles d\u2019acc\u00e8s que les martinets affectionnent g\u00e9n\u00e9ralement, comme sous les avant-toits.<\/p>\n<p class=\"\" data-start=\"180\" data-end=\"390\">Comme tous nos produits en WoodStone\u00ae, ce nichoir offre une excellente protection contre les pr\u00e9dateurs ainsi qu&#8217;une isolation efficace contre les temp\u00e9ratures extr\u00eames. Il constitue ainsi pour ses occupants un refuge s\u00fbr et confortable.<\/p>\n<p class=\"\" data-start=\"888\" data-end=\"961\">Ce nichoir \u00e0 encastrer est enti\u00e8rement fabriqu\u00e9 en b\u00e9ton de bois certifi\u00e9 FSC\u00ae.<\/p>\n","protected":false},"excerpt":{"rendered":"<p>Ce nichoir pour martinets noirs s\u2019int\u00e8gre parfaitement dans les b\u00e2timents neufs ou en r\u00e9novation, en particulier dans les endroits difficiles d\u2019acc\u00e8s que les martinets affectionnent g\u00e9n\u00e9ralement, comme sous les avant-toits. Comme tous nos produits en WoodStone\u00ae, ce nichoir offre une excellente protection contre les pr\u00e9dateurs ainsi qu&#8217;une isolation efficace contre les temp\u00e9ratures extr\u00eames. Il constitue [&hellip;]<\/p>\n","protected":false},"featured_media":20058,"template":"","meta":{"_acf_changed":false,"_relevanssi_hide_post":"","_relevanssi_hide_content":"","_relevanssi_pin_for_all":"","_relevanssi_pin_keywords":"","_relevanssi_unpin_keywords":"","_relevanssi_related_keywords":"","_relevanssi_related_include_ids":"","_relevanssi_related_exclude_ids":"","_relevanssi_related_no_append":"","_relevanssi_related_not_related":"","_relevanssi_related_posts":"","_relevanssi_noindex_reason":"Rank MathWooCommerce Exclusion de l\u2019index de Relevanssi"},"product_brand":[],"product_cat":[5023,5025,5038],"product_tag":[],"class_list":{"0":"post-27035","1":"product","2":"type-product","3":"status-publish","4":"has-post-thumbnail","6":"product_cat-gites-et-nichoirs-a-encastrer","7":"product_cat-martinets-noir","8":"product_cat-nichoirs-a-encastrer-pour-martinets-noir","9":"pa_buitenmaat-b-x-h-x-d-cm-31x17x17-fr","10":"pa_gewicht-kg-3-65","11":"pa_kleur-gris","12":"pa_materiaal-woodstone-fr","13":"pa_materiaal-voor-filter-beton-de-bois","14":"pa_soort-martinet-noir","15":"pa_soortgroep-martinets","17":"first","18":"instock","19":"purchasable","20":"product-type-simple"},"acf":[],"_links":{"self":[{"href":"https:\/\/viva.ezxdemo.com\/fr\/wp-json\/wp\/v2\/product\/27035","targetHints":{"allow":["GET"]}}],"collection":[{"href":"https:\/\/viva.ezxdemo.com\/fr\/wp-json\/wp\/v2\/product"}],"about":[{"href":"https:\/\/viva.ezxdemo.com\/fr\/wp-json\/wp\/v2\/types\/product"}],"wp:featuredmedia":[{"embeddable":true,"href":"https:\/\/viva.ezxdemo.com\/fr\/wp-json\/wp\/v2\/media\/20058"}],"wp:attachment":[{"href":"https:\/\/viva.ezxdemo.com\/fr\/wp-json\/wp\/v2\/media?parent=27035"}],"wp:term":[{"taxonomy":"product_brand","embeddable":true,"href":"https:\/\/viva.ezxdemo.com\/fr\/wp-json\/wp\/v2\/product_brand?post=27035"},{"taxonomy":"product_cat","embeddable":true,"href":"https:\/\/viva.ezxdemo.com\/fr\/wp-json\/wp\/v2\/product_cat?post=27035"},{"taxonomy":"product_tag","embeddable":true,"href":"https:\/\/viva.ezxdemo.com\/fr\/wp-json\/wp\/v2\/product_tag?post=27035"}],"curies":[{"name":"wp","href":"https:\/\/api.w.org\/{rel}","templated":true}]}}