{"id":27036,"date":"2024-11-06T08:43:30","date_gmt":"2024-11-06T07:43:30","guid":{"rendered":"https:\/\/vivarapro.nl\/product\/ib-mu-10-nichoir-a-encastrer-pour-moineau-domestique\/"},"modified":"2025-10-30T10:09:47","modified_gmt":"2025-10-30T09:09:47","slug":"ib-mu-10-nichoir-a-encastrer-pour-moineau-domestique","status":"publish","type":"product","link":"https:\/\/viva.ezxdemo.com\/fr\/produit\/ib-mu-10-nichoir-a-encastrer-pour-moineau-domestique\/","title":{"rendered":"IB MU 10 Nichoir \u00e0 encastrer pour moineau domestique"},"content":{"rendered":"<p data-start=\"28\" data-end=\"472\"><strong data-start=\"28\" data-end=\"63\">Nichoir \u00e0 encastrer pour moineau domestique<\/strong><br data-start=\"63\" data-end=\"66\" \/>Con\u00e7u en collaboration avec Vogelbescherming Vlaanderen, ce type de nichoir est l\u2019un des lieux d\u2019accouplement pr\u00e9f\u00e9r\u00e9 des moineaux domestiques. Ce nichoir est facile \u00e0 fixer au mur, mais peut \u00e9galement \u00eatre int\u00e9gr\u00e9 dans la structure. Une cloison entre la terrasse et la chambre de nidification offre une protection suppl\u00e9mentaire contre les pr\u00e9dateurs. Depuis la terrasse, les moineaux domestiques peuvent observer les alentours en toute s\u00e9curit\u00e9 avant de quitter le nichoir.<\/p>\n<p data-start=\"474\" data-end=\"487\"><strong data-start=\"474\" data-end=\"487\">Caract\u00e9ristiques :<\/strong><\/p>\n<ul data-start=\"489\" data-end=\"538\">\n<li data-start=\"489\" data-end=\"514\">\n<p data-start=\"491\" data-end=\"514\">B\u00e9ton de bois durable<\/p>\n<\/li>\n<li data-start=\"515\" data-end=\"538\">\n<p data-start=\"517\" data-end=\"538\">Vis non incluses<\/p>\n<\/li>\n<\/ul>\n<p data-start=\"540\" data-end=\"555\"><strong data-start=\"540\" data-end=\"555\">Dimensions :<\/strong><\/p>\n<ul data-start=\"557\" data-end=\"692\">\n<li data-start=\"557\" data-end=\"586\">\n<p data-start=\"559\" data-end=\"586\">Dimensions ext\u00e9rieures : 32 x 15 cm<\/p>\n<\/li>\n<li data-start=\"587\" data-end=\"639\">\n<p data-start=\"589\" data-end=\"639\">Dimensions int\u00e9rieures du plus petit compartiment : 9 x 12 cm<\/p>\n<\/li>\n<li data-start=\"640\" data-end=\"692\">\n<p data-start=\"642\" data-end=\"692\">Dimensions int\u00e9rieures du plus grand compartiment : 17 x 12 cm<\/p>\n<\/li>\n<\/ul>\n","protected":false},"excerpt":{"rendered":"<p>Nichoir \u00e0 encastrer pour moineau domestiqueCon\u00e7u en collaboration avec Vogelbescherming Vlaanderen, ce type de nichoir est l\u2019un des lieux d\u2019accouplement pr\u00e9f\u00e9r\u00e9 des moineaux domestiques. Ce nichoir est facile \u00e0 fixer au mur, mais peut \u00e9galement \u00eatre int\u00e9gr\u00e9 dans la structure. Une cloison entre la terrasse et la chambre de nidification offre une protection suppl\u00e9mentaire contre [&hellip;]<\/p>\n","protected":false},"featured_media":31506,"template":"","meta":{"_acf_changed":false,"_relevanssi_hide_post":"","_relevanssi_hide_content":"","_relevanssi_pin_for_all":"","_relevanssi_pin_keywords":"","_relevanssi_unpin_keywords":"","_relevanssi_related_keywords":"","_relevanssi_related_include_ids":"","_relevanssi_related_exclude_ids":"","_relevanssi_related_no_append":"","_relevanssi_related_not_related":"","_relevanssi_related_posts":"","_relevanssi_noindex_reason":""},"product_brand":[],"product_cat":[5026,5023,5034,5051,5040,5043,7868],"product_tag":[],"class_list":{"0":"post-27036","1":"product","2":"type-product","3":"status-publish","4":"has-post-thumbnail","6":"product_cat-moineaux-domestiques","7":"product_cat-gites-et-nichoirs-a-encastrer","8":"product_cat-nichoir-a-encastrer-pour-les-moineaux-domestiques","9":"product_cat-nichoirs-a-moineaux-domestiques","10":"product_cat-nichoirs-muraux","11":"product_cat-nichoirs-muraux-pour-moineaux-domestiques","12":"product_cat-nichoirs","13":"pa_buitenmaat-b-x-h-x-d-cm-15-x-15-x-32-fr","14":"pa_kleur-gris","15":"pa_materiaal-beton-de-bois","16":"pa_soort-moineau-domestique","17":"pa_soort-moineau-friquet","18":"pa_soortgroep-moineaux","20":"first","21":"instock","22":"purchasable","23":"product-type-simple"},"acf":[],"_links":{"self":[{"href":"https:\/\/viva.ezxdemo.com\/fr\/wp-json\/wp\/v2\/product\/27036","targetHints":{"allow":["GET"]}}],"collection":[{"href":"https:\/\/viva.ezxdemo.com\/fr\/wp-json\/wp\/v2\/product"}],"about":[{"href":"https:\/\/viva.ezxdemo.com\/fr\/wp-json\/wp\/v2\/types\/product"}],"wp:featuredmedia":[{"embeddable":true,"href":"https:\/\/viva.ezxdemo.com\/fr\/wp-json\/wp\/v2\/media\/31506"}],"wp:attachment":[{"href":"https:\/\/viva.ezxdemo.com\/fr\/wp-json\/wp\/v2\/media?parent=27036"}],"wp:term":[{"taxonomy":"product_brand","embeddable":true,"href":"https:\/\/viva.ezxdemo.com\/fr\/wp-json\/wp\/v2\/product_brand?post=27036"},{"taxonomy":"product_cat","embeddable":true,"href":"https:\/\/viva.ezxdemo.com\/fr\/wp-json\/wp\/v2\/product_cat?post=27036"},{"taxonomy":"product_tag","embeddable":true,"href":"https:\/\/viva.ezxdemo.com\/fr\/wp-json\/wp\/v2\/product_tag?post=27036"}],"curies":[{"name":"wp","href":"https:\/\/api.w.org\/{rel}","templated":true}]}}