{"id":27037,"date":"2024-11-05T08:48:04","date_gmt":"2024-11-05T07:48:04","guid":{"rendered":"https:\/\/vivarapro.nl\/product\/nk-ma-01-nichoir-32-mm\/"},"modified":"2026-02-24T09:56:49","modified_gmt":"2026-02-24T08:56:49","slug":"nk-ma-01-nichoir-32-mm","status":"publish","type":"product","link":"https:\/\/viva.ezxdemo.com\/fr\/produit\/nk-ma-01-nichoir-32-mm\/","title":{"rendered":"NK MA 01 Nichoir 32\u00a0mm"},"content":{"rendered":"<p data-start=\"116\" data-end=\"377\">Le nichoir Malaga en Woodstone\u00ae imite une cavit\u00e9 de nidification naturelle et pr\u00e9sente un design \u00e9l\u00e9gant. Il se compose de deux parties qui s\u2019embo\u00eetent facilement par simple rotation. Gr\u00e2ce \u00e0 son support de suspension solide, il s\u2019accroche facilement \u00e0 une branche ou \u00e0 tout autre emplacement adapt\u00e9.<\/p>\n<p data-start=\"379\" data-end=\"649\">Le trou d\u2019envol de 32 mm le rend particuli\u00e8rement attractif pour les m\u00e9sanges de grande taille, comme la m\u00e9sange charbonni\u00e8re, mais d\u2019autres esp\u00e8ces d\u2019oiseaux peuvent \u00e9galement profiter des qualit\u00e9s isolantes et respirantes du b\u00e9ton de bois certifi\u00e9 FSC\u00ae. Capable de maintenir une temp\u00e9rature stable, ce mat\u00e9riau contribue au bon d\u00e9roulement de la reproduction.<\/p>\n<p data-start=\"651\" data-end=\"695\"><strong data-start=\"651\" data-end=\"675\">Dimensions int\u00e9rieures :<\/strong> 19 x 13.5 x 13.5 cm<\/p>\n","protected":false},"excerpt":{"rendered":"<p>Le nichoir Malaga en Woodstone\u00ae imite une cavit\u00e9 de nidification naturelle et pr\u00e9sente un design \u00e9l\u00e9gant. Il se compose de deux parties qui s\u2019embo\u00eetent facilement par simple rotation. Gr\u00e2ce \u00e0 son support de suspension solide, il s\u2019accroche facilement \u00e0 une branche ou \u00e0 tout autre emplacement adapt\u00e9. Le trou d\u2019envol de 32 mm le rend [&hellip;]<\/p>\n","protected":false},"featured_media":15550,"template":"","meta":{"_acf_changed":false,"_relevanssi_hide_post":"","_relevanssi_hide_content":"","_relevanssi_pin_for_all":"","_relevanssi_pin_keywords":"","_relevanssi_unpin_keywords":"","_relevanssi_related_keywords":"","_relevanssi_related_include_ids":"","_relevanssi_related_exclude_ids":"","_relevanssi_related_no_append":"","_relevanssi_related_not_related":"","_relevanssi_related_posts":"","_relevanssi_noindex_reason":""},"product_brand":[],"product_cat":[5029,5063,5060,5061,5079,7868],"product_tag":[],"class_list":{"0":"post-27037","1":"product","2":"type-product","3":"status-publish","4":"has-post-thumbnail","6":"product_cat-nichoirs-oiseaux-chanteurs","7":"product_cat-nichoirs-autres","8":"product_cat-nichoirs-pour-les-gobe-mouches","9":"product_cat-nichoirs-pour-mesanges","10":"product_cat-nichoirs-pour-sittelles-torchepot","11":"product_cat-nichoirs","12":"pa_invliegopening-32mm-fr","13":"pa_kleur-vert","14":"pa_materiaal-beton-de-bois","15":"pa_soort-gobe-mouche-noir","16":"pa_soort-mesange-charbonniere","17":"pa_soort-mesange-huppee","18":"pa_soort-moineau-friquet","19":"pa_soort-sittelle-torchepot","20":"pa_soortgroep-oiseaux-chanteurs","22":"first","23":"instock","24":"purchasable","25":"product-type-simple"},"acf":[],"_links":{"self":[{"href":"https:\/\/viva.ezxdemo.com\/fr\/wp-json\/wp\/v2\/product\/27037","targetHints":{"allow":["GET"]}}],"collection":[{"href":"https:\/\/viva.ezxdemo.com\/fr\/wp-json\/wp\/v2\/product"}],"about":[{"href":"https:\/\/viva.ezxdemo.com\/fr\/wp-json\/wp\/v2\/types\/product"}],"wp:featuredmedia":[{"embeddable":true,"href":"https:\/\/viva.ezxdemo.com\/fr\/wp-json\/wp\/v2\/media\/15550"}],"wp:attachment":[{"href":"https:\/\/viva.ezxdemo.com\/fr\/wp-json\/wp\/v2\/media?parent=27037"}],"wp:term":[{"taxonomy":"product_brand","embeddable":true,"href":"https:\/\/viva.ezxdemo.com\/fr\/wp-json\/wp\/v2\/product_brand?post=27037"},{"taxonomy":"product_cat","embeddable":true,"href":"https:\/\/viva.ezxdemo.com\/fr\/wp-json\/wp\/v2\/product_cat?post=27037"},{"taxonomy":"product_tag","embeddable":true,"href":"https:\/\/viva.ezxdemo.com\/fr\/wp-json\/wp\/v2\/product_tag?post=27037"}],"curies":[{"name":"wp","href":"https:\/\/api.w.org\/{rel}","templated":true}]}}