{"id":27038,"date":"2024-11-05T09:21:52","date_gmt":"2024-11-05T08:21:52","guid":{"rendered":"https:\/\/vivarapro.nl\/product\/nk-al-01-nichoir-ovale\/"},"modified":"2025-10-30T10:13:48","modified_gmt":"2025-10-30T09:13:48","slug":"nk-al-01-nichoir-ovale","status":"publish","type":"product","link":"https:\/\/viva.ezxdemo.com\/fr\/produit\/nk-al-01-nichoir-ovale\/","title":{"rendered":"NK AL 01 Nichoir Ovale"},"content":{"rendered":"<p class=\"\" data-start=\"78\" data-end=\"248\">Ce nichoir ovale en Woodstone\u00ae fournit aux oiseaux un lieu de nidification confortable et s\u00e9curis\u00e9. Il est \u00e9quip\u00e9 d\u2019une protection contre les martres qui permet de r\u00e9duire les risques d\u2019attaques de pr\u00e9dateurs.<\/p>\n<p class=\"\" data-start=\"250\" data-end=\"276\"><strong data-start=\"250\" data-end=\"276\">Avantages du Woodstone\u00ae<\/strong><\/p>\n<ul data-start=\"278\" data-end=\"401\">\n<li class=\"\" data-start=\"278\" data-end=\"346\">\n<p class=\"\" data-start=\"280\" data-end=\"346\">Mat\u00e9riau isolant et respirant permettant un meilleur d\u00e9roulement de la reproduction<\/p>\n<\/li>\n<li class=\"\" data-start=\"347\" data-end=\"385\">\n<p class=\"\" data-start=\"349\" data-end=\"385\">Protection renforc\u00e9e contre les pr\u00e9dateurs<\/p>\n<\/li>\n<li class=\"\" data-start=\"386\" data-end=\"401\">\n<p class=\"\" data-start=\"388\" data-end=\"401\">Longue dur\u00e9e de vie<\/p>\n<\/li>\n<\/ul>\n<p class=\"\" data-start=\"403\" data-end=\"528\">Les nichoirs en Woodstone\u00ae sont vivement recommand\u00e9s par l\u2019Association n\u00e9erlandaise de protection des oiseaux (Vogelbescherming Nederland).<\/p>\n","protected":false},"excerpt":{"rendered":"<p>Ce nichoir ovale en Woodstone\u00ae fournit aux oiseaux un lieu de nidification confortable et s\u00e9curis\u00e9. Il est \u00e9quip\u00e9 d\u2019une protection contre les martres qui permet de r\u00e9duire les risques d\u2019attaques de pr\u00e9dateurs. Avantages du Woodstone\u00ae Mat\u00e9riau isolant et respirant permettant un meilleur d\u00e9roulement de la reproduction Protection renforc\u00e9e contre les pr\u00e9dateurs Longue dur\u00e9e de vie [&hellip;]<\/p>\n","protected":false},"featured_media":15634,"template":"","meta":{"_acf_changed":false,"_relevanssi_hide_post":"","_relevanssi_hide_content":"","_relevanssi_pin_for_all":"","_relevanssi_pin_keywords":"","_relevanssi_unpin_keywords":"","_relevanssi_related_keywords":"","_relevanssi_related_include_ids":"","_relevanssi_related_exclude_ids":"","_relevanssi_related_no_append":"","_relevanssi_related_not_related":"","_relevanssi_related_posts":"","_relevanssi_noindex_reason":""},"product_brand":[],"product_cat":[5029,5026,5051,5040,5043,5059,7868],"product_tag":[],"class_list":{"0":"post-27038","1":"product","2":"type-product","3":"status-publish","4":"has-post-thumbnail","6":"product_cat-nichoirs-oiseaux-chanteurs","7":"product_cat-moineaux-domestiques","8":"product_cat-nichoirs-a-moineaux-domestiques","9":"product_cat-nichoirs-muraux","10":"product_cat-nichoirs-muraux-pour-moineaux-domestiques","11":"product_cat-nichoirs-pour-les-rouge-queues-a-front-blanc","12":"product_cat-nichoirs","13":"pa_invliegopening-ovale","14":"pa_kleur-vert","15":"pa_materiaal-beton-de-bois","16":"pa_soort-moineau-domestique","17":"pa_soort-rougequeue-a-front-blanc","18":"pa_soortgroep-moineaux","19":"pa_soortgroep-oiseaux-chanteurs","21":"first","22":"instock","23":"purchasable","24":"product-type-simple"},"acf":[],"_links":{"self":[{"href":"https:\/\/viva.ezxdemo.com\/fr\/wp-json\/wp\/v2\/product\/27038","targetHints":{"allow":["GET"]}}],"collection":[{"href":"https:\/\/viva.ezxdemo.com\/fr\/wp-json\/wp\/v2\/product"}],"about":[{"href":"https:\/\/viva.ezxdemo.com\/fr\/wp-json\/wp\/v2\/types\/product"}],"wp:featuredmedia":[{"embeddable":true,"href":"https:\/\/viva.ezxdemo.com\/fr\/wp-json\/wp\/v2\/media\/15634"}],"wp:attachment":[{"href":"https:\/\/viva.ezxdemo.com\/fr\/wp-json\/wp\/v2\/media?parent=27038"}],"wp:term":[{"taxonomy":"product_brand","embeddable":true,"href":"https:\/\/viva.ezxdemo.com\/fr\/wp-json\/wp\/v2\/product_brand?post=27038"},{"taxonomy":"product_cat","embeddable":true,"href":"https:\/\/viva.ezxdemo.com\/fr\/wp-json\/wp\/v2\/product_cat?post=27038"},{"taxonomy":"product_tag","embeddable":true,"href":"https:\/\/viva.ezxdemo.com\/fr\/wp-json\/wp\/v2\/product_tag?post=27038"}],"curies":[{"name":"wp","href":"https:\/\/api.w.org\/{rel}","templated":true}]}}