{"id":27040,"date":"2025-05-14T11:48:12","date_gmt":"2025-05-14T09:48:12","guid":{"rendered":"https:\/\/vivarapro.nl\/product\/ib-di-03-nichoir-a-encastrer-semi-ouvert\/"},"modified":"2025-10-30T10:20:46","modified_gmt":"2025-10-30T09:20:46","slug":"ib-di-03-nichoir-a-encastrer-semi-ouvert","status":"publish","type":"product","link":"https:\/\/viva.ezxdemo.com\/fr\/produit\/ib-di-03-nichoir-a-encastrer-semi-ouvert\/","title":{"rendered":"IB DI 03 Nichoir \u00e0 encastrer semi-ouvert"},"content":{"rendered":"<p class=\"\" data-start=\"92\" data-end=\"327\">Ce nichoir semi-ouvert est con\u00e7u pour offrir un gite d\u2019accouplement adapt\u00e9 \u00e0 plusieurs esp\u00e8ces d\u2019oiseaux, notamment les rougegorges, bergeronnettes, les rouges-queues noirs et communs et les troglodytes mignons. Les esp\u00e8ces attir\u00e9es d\u00e9pendront de l\u2019emplacement du nichoir.<\/p>\n<p class=\"\" data-start=\"329\" data-end=\"578\">Ce nichoir est con\u00e7u pour correspondre aux dimensions standard des briques anglaises, ce qui lui permet de s\u2019int\u00e9grer parfaitement dans des b\u00e2timents neufs, \u00e0 fleur de mur. Il peut \u00e9galement \u00eatre fix\u00e9 en surface sur un mur existant si l\u2019on pr\u00e9f\u00e8re.<\/p>\n<p class=\"\" data-start=\"580\" data-end=\"817\">Pour un emplacement optimal, installez le nichoir \u00e0 au moins 3\u00a0m\u00e8tres de hauteur sur la fa\u00e7ade du b\u00e2timent, de pr\u00e9f\u00e9rence sous le toit ou la goutti\u00e8re afin de lui fournir un peu d\u2019ombre. \u00c9vitez de le placer dans les zones expos\u00e9es directement au soleil pendant de longues p\u00e9riodes<\/p>\n<p class=\"\" data-start=\"575\" data-end=\"638\">Ce nichoir est enti\u00e8rement fabriqu\u00e9 en b\u00e9ton de bois certifi\u00e9 FSC\u00ae.<\/p>\n","protected":false},"excerpt":{"rendered":"<p>Ce nichoir semi-ouvert est con\u00e7u pour offrir un gite d\u2019accouplement adapt\u00e9 \u00e0 plusieurs esp\u00e8ces d\u2019oiseaux, notamment les rougegorges, bergeronnettes, les rouges-queues noirs et communs et les troglodytes mignons. Les esp\u00e8ces attir\u00e9es d\u00e9pendront de l\u2019emplacement du nichoir. Ce nichoir est con\u00e7u pour correspondre aux dimensions standard des briques anglaises, ce qui lui permet de s\u2019int\u00e9grer parfaitement [&hellip;]<\/p>\n","protected":false},"featured_media":20128,"template":"","meta":{"_acf_changed":false,"_relevanssi_hide_post":"","_relevanssi_hide_content":"","_relevanssi_pin_for_all":"","_relevanssi_pin_keywords":"","_relevanssi_unpin_keywords":"","_relevanssi_related_keywords":"","_relevanssi_related_include_ids":"","_relevanssi_related_exclude_ids":"","_relevanssi_related_no_append":"","_relevanssi_related_not_related":"","_relevanssi_related_posts":"","_relevanssi_noindex_reason":""},"product_brand":[],"product_cat":[5023,5026,5036,5029],"product_tag":[],"class_list":{"0":"post-27040","1":"product","2":"type-product","3":"status-publish","4":"has-post-thumbnail","6":"product_cat-gites-et-nichoirs-a-encastrer","7":"product_cat-moineaux-domestiques","8":"product_cat-nichoirs-a-encastrer-autres","9":"product_cat-nichoirs-oiseaux-chanteurs","10":"pa_buitenmaat-b-x-h-x-d-cm-215x215x15-fr","11":"pa_kleur-gris","12":"pa_materiaal-beton-de-bois","13":"pa_materiaal-voor-filter-beton-de-bois","14":"pa_soort-bergeronnette-des-ruisseaux","15":"pa_soort-bergeronnette-grise","16":"pa_soort-gobe-mouche-gris","17":"pa_soort-moineau-domestique","18":"pa_soort-rougegorge","19":"pa_soort-rougequeue-noir","20":"pa_soortgroep-oiseaux-chanteurs","22":"first","23":"instock","24":"purchasable","25":"product-type-simple"},"acf":[],"_links":{"self":[{"href":"https:\/\/viva.ezxdemo.com\/fr\/wp-json\/wp\/v2\/product\/27040","targetHints":{"allow":["GET"]}}],"collection":[{"href":"https:\/\/viva.ezxdemo.com\/fr\/wp-json\/wp\/v2\/product"}],"about":[{"href":"https:\/\/viva.ezxdemo.com\/fr\/wp-json\/wp\/v2\/types\/product"}],"wp:featuredmedia":[{"embeddable":true,"href":"https:\/\/viva.ezxdemo.com\/fr\/wp-json\/wp\/v2\/media\/20128"}],"wp:attachment":[{"href":"https:\/\/viva.ezxdemo.com\/fr\/wp-json\/wp\/v2\/media?parent=27040"}],"wp:term":[{"taxonomy":"product_brand","embeddable":true,"href":"https:\/\/viva.ezxdemo.com\/fr\/wp-json\/wp\/v2\/product_brand?post=27040"},{"taxonomy":"product_cat","embeddable":true,"href":"https:\/\/viva.ezxdemo.com\/fr\/wp-json\/wp\/v2\/product_cat?post=27040"},{"taxonomy":"product_tag","embeddable":true,"href":"https:\/\/viva.ezxdemo.com\/fr\/wp-json\/wp\/v2\/product_tag?post=27040"}],"curies":[{"name":"wp","href":"https:\/\/api.w.org\/{rel}","templated":true}]}}