{"id":27041,"date":"2024-11-05T15:55:32","date_gmt":"2024-11-05T14:55:32","guid":{"rendered":"https:\/\/vivarapro.nl\/product\/nk-al-03-nichoir-32-mm\/"},"modified":"2026-02-24T09:56:10","modified_gmt":"2026-02-24T08:56:10","slug":"nk-al-03-nichoir-32-mm","status":"publish","type":"product","link":"https:\/\/viva.ezxdemo.com\/fr\/produit\/nk-al-03-nichoir-32-mm\/","title":{"rendered":"NK AL 03 Nichoir 32\u00a0mm"},"content":{"rendered":"<p data-start=\"147\" data-end=\"281\">Ce nichoir ovale en b\u00e9ton de bois certifi\u00e9 FSC\u00ae est tr\u00e8s appr\u00e9ci\u00e9 des oiseaux. \u00c9quip\u00e9 d\u2019une protection contre les martres, il renforce la s\u00e9curit\u00e9 des oiseaux.<\/p>\n<p data-start=\"283\" data-end=\"311\"><strong data-start=\"283\" data-end=\"309\">Avantages du Woodstone\u00ae<\/strong><\/p>\n<ul data-start=\"312\" data-end=\"469\">\n<li data-start=\"312\" data-end=\"379\">\n<p data-start=\"314\" data-end=\"379\">Mat\u00e9riau isolant et respirant qui maintient une temp\u00e9rature stable dans le nid<\/p>\n<\/li>\n<li data-start=\"380\" data-end=\"409\">\n<p data-start=\"382\" data-end=\"409\">Contribue au meilleur d\u00e9roulement de la reproduction<\/p>\n<\/li>\n<li data-start=\"410\" data-end=\"442\">\n<p data-start=\"412\" data-end=\"442\">Syst\u00e8me de protection anti-pr\u00e9dateurs<\/p>\n<\/li>\n<li data-start=\"443\" data-end=\"469\">\n<p data-start=\"445\" data-end=\"469\">R\u00e9sistant et durable dans le temps<\/p>\n<\/li>\n<\/ul>\n<p data-start=\"471\" data-end=\"586\">Les nichoirs en WoodStone\u00ae sont recommand\u00e9s par Vogelbescherming Nederland pour leur excellente qualit\u00e9 et leurs capacit\u00e9s de protection.<\/p>\n","protected":false},"excerpt":{"rendered":"<p>Ce nichoir ovale en b\u00e9ton de bois certifi\u00e9 FSC\u00ae est tr\u00e8s appr\u00e9ci\u00e9 des oiseaux. \u00c9quip\u00e9 d\u2019une protection contre les martres, il renforce la s\u00e9curit\u00e9 des oiseaux. Avantages du Woodstone\u00ae Mat\u00e9riau isolant et respirant qui maintient une temp\u00e9rature stable dans le nid Contribue au meilleur d\u00e9roulement de la reproduction Syst\u00e8me de protection anti-pr\u00e9dateurs R\u00e9sistant et durable [&hellip;]<\/p>\n","protected":false},"featured_media":15722,"template":"","meta":{"_acf_changed":false,"_relevanssi_hide_post":"","_relevanssi_hide_content":"","_relevanssi_pin_for_all":"","_relevanssi_pin_keywords":"","_relevanssi_unpin_keywords":"","_relevanssi_related_keywords":"","_relevanssi_related_include_ids":"","_relevanssi_related_exclude_ids":"","_relevanssi_related_no_append":"","_relevanssi_related_not_related":"","_relevanssi_related_posts":"","_relevanssi_noindex_reason":""},"product_brand":[],"product_cat":[5029,5063,5060,5061,5079,7868],"product_tag":[],"class_list":{"0":"post-27041","1":"product","2":"type-product","3":"status-publish","4":"has-post-thumbnail","6":"product_cat-nichoirs-oiseaux-chanteurs","7":"product_cat-nichoirs-autres","8":"product_cat-nichoirs-pour-les-gobe-mouches","9":"product_cat-nichoirs-pour-mesanges","10":"product_cat-nichoirs-pour-sittelles-torchepot","11":"product_cat-nichoirs","12":"pa_invliegopening-32mm-fr","13":"pa_kleur-vert","14":"pa_materiaal-beton-de-bois","15":"pa_soort-gobe-mouche-noir","16":"pa_soort-mesange-charbonniere","17":"pa_soort-mesange-huppee","18":"pa_soort-moineau-friquet","19":"pa_soort-sittelle-torchepot","20":"pa_soortgroep-oiseaux-chanteurs","22":"first","23":"instock","24":"purchasable","25":"product-type-simple"},"acf":[],"_links":{"self":[{"href":"https:\/\/viva.ezxdemo.com\/fr\/wp-json\/wp\/v2\/product\/27041","targetHints":{"allow":["GET"]}}],"collection":[{"href":"https:\/\/viva.ezxdemo.com\/fr\/wp-json\/wp\/v2\/product"}],"about":[{"href":"https:\/\/viva.ezxdemo.com\/fr\/wp-json\/wp\/v2\/types\/product"}],"wp:featuredmedia":[{"embeddable":true,"href":"https:\/\/viva.ezxdemo.com\/fr\/wp-json\/wp\/v2\/media\/15722"}],"wp:attachment":[{"href":"https:\/\/viva.ezxdemo.com\/fr\/wp-json\/wp\/v2\/media?parent=27041"}],"wp:term":[{"taxonomy":"product_brand","embeddable":true,"href":"https:\/\/viva.ezxdemo.com\/fr\/wp-json\/wp\/v2\/product_brand?post=27041"},{"taxonomy":"product_cat","embeddable":true,"href":"https:\/\/viva.ezxdemo.com\/fr\/wp-json\/wp\/v2\/product_cat?post=27041"},{"taxonomy":"product_tag","embeddable":true,"href":"https:\/\/viva.ezxdemo.com\/fr\/wp-json\/wp\/v2\/product_tag?post=27041"}],"curies":[{"name":"wp","href":"https:\/\/api.w.org\/{rel}","templated":true}]}}