{"id":27043,"date":"2025-01-20T14:03:26","date_gmt":"2025-01-20T13:03:26","guid":{"rendered":"https:\/\/vivarapro.nl\/product\/vk-ws-03-gite-pour-chauves-souris\/"},"modified":"2025-10-30T10:29:41","modified_gmt":"2025-10-30T09:29:41","slug":"vk-ws-03-gite-pour-chauves-souris","status":"publish","type":"product","link":"https:\/\/viva.ezxdemo.com\/fr\/produit\/vk-ws-03-gite-pour-chauves-souris\/","title":{"rendered":"VK WS 03 G\u00eete pour chauves-souris"},"content":{"rendered":"<p>Plusieurs esp\u00e8ces de chauves-souris peuvent utiliser ce g\u00eete, selon les esp\u00e8ces pr\u00e9sentes localement et l\u2019endroit o\u00f9 il est install\u00e9. Cet abri convient comme g\u00eete d\u2019\u00e9t\u00e9 et\/ou d\u2019accouplement et peut \u00e9galement servir de refuge pendant les hivers doux.<\/p>\n","protected":false},"excerpt":{"rendered":"<p>Plusieurs esp\u00e8ces de chauves-souris peuvent utiliser ce g\u00eete, selon les esp\u00e8ces pr\u00e9sentes localement et l\u2019endroit o\u00f9 il est install\u00e9. Cet abri convient comme g\u00eete d\u2019\u00e9t\u00e9 et\/ou d\u2019accouplement et peut \u00e9galement servir de refuge pendant les hivers doux.<\/p>\n","protected":false},"featured_media":28765,"template":"","meta":{"_acf_changed":false,"_relevanssi_hide_post":"","_relevanssi_hide_content":"","_relevanssi_pin_for_all":"","_relevanssi_pin_keywords":"","_relevanssi_unpin_keywords":"","_relevanssi_related_keywords":"","_relevanssi_related_include_ids":"","_relevanssi_related_exclude_ids":"","_relevanssi_related_no_append":"","_relevanssi_related_not_related":"","_relevanssi_related_posts":"","_relevanssi_noindex_reason":"Rank MathWooCommerce Relevanssi index exclude"},"product_brand":[],"product_cat":[5024,5040,5037],"product_tag":[],"class_list":{"0":"post-27043","1":"product","2":"type-product","3":"status-publish","4":"has-post-thumbnail","6":"product_cat-chauves-souris","7":"product_cat-nichoirs-muraux","8":"product_cat-nichoirs-muraux-chauves-souris","10":"first","11":"instock","12":"purchasable","13":"product-type-simple"},"acf":[],"_links":{"self":[{"href":"https:\/\/viva.ezxdemo.com\/fr\/wp-json\/wp\/v2\/product\/27043","targetHints":{"allow":["GET"]}}],"collection":[{"href":"https:\/\/viva.ezxdemo.com\/fr\/wp-json\/wp\/v2\/product"}],"about":[{"href":"https:\/\/viva.ezxdemo.com\/fr\/wp-json\/wp\/v2\/types\/product"}],"wp:featuredmedia":[{"embeddable":true,"href":"https:\/\/viva.ezxdemo.com\/fr\/wp-json\/wp\/v2\/media\/28765"}],"wp:attachment":[{"href":"https:\/\/viva.ezxdemo.com\/fr\/wp-json\/wp\/v2\/media?parent=27043"}],"wp:term":[{"taxonomy":"product_brand","embeddable":true,"href":"https:\/\/viva.ezxdemo.com\/fr\/wp-json\/wp\/v2\/product_brand?post=27043"},{"taxonomy":"product_cat","embeddable":true,"href":"https:\/\/viva.ezxdemo.com\/fr\/wp-json\/wp\/v2\/product_cat?post=27043"},{"taxonomy":"product_tag","embeddable":true,"href":"https:\/\/viva.ezxdemo.com\/fr\/wp-json\/wp\/v2\/product_tag?post=27043"}],"curies":[{"name":"wp","href":"https:\/\/api.w.org\/{rel}","templated":true}]}}