{"id":27044,"date":"2024-11-11T13:55:53","date_gmt":"2024-11-11T12:55:53","guid":{"rendered":"https:\/\/vivarapro.nl\/product\/ip-bl-05-hotel-a-insectes-jaune\/"},"modified":"2025-10-30T10:30:56","modified_gmt":"2025-10-30T09:30:56","slug":"ip-bl-05-hotel-a-insectes-jaune","status":"publish","type":"product","link":"https:\/\/viva.ezxdemo.com\/fr\/produit\/ip-bl-05-hotel-a-insectes-jaune\/","title":{"rendered":"IP BL 05 H\u00f4tel \u00e0 insectes jaune"},"content":{"rendered":"<p>L\u2019h\u00f4tel \u00e0 insectes jaune IP BL\u00a005 offre aux abeilles un lieu de nidification s\u00fbr. Face au d\u00e9clin des populations d\u2019abeilles, leur apporter un soutien est essentiel. Cet h\u00f4tel hexagonal, fabriqu\u00e9 en Woodstone\u00ae \u00e9coresponsable (un m\u00e9lange de fibres de bois et de b\u00e9ton), b\u00e9n\u00e9ficie d\u2019une longue dur\u00e9e de vie. L\u2019int\u00e9rieur en bambou peut \u00eatre facilement remplac\u00e9, afin que les insectes trouvent toujours un nouveau refuge. Le Woodstone\u00ae, produit en Europe, est \u00e0 la fois isolant et respirant. Installez l\u2019h\u00f4tel dans un endroit ensoleill\u00e9, \u00e0 proximit\u00e9 de plantes \u00e0 fleurs.<\/p>\n<p><strong>Fonctionnement :<\/strong><\/p>\n<ul>\n<li>Les abeilles collectent le pollen dans les tubes en bambou.<\/li>\n<li>Chaque alv\u00e9ole est remplie de pollen, puis un \u0153uf y est pondu et referm\u00e9.<\/li>\n<li>\u00c0 l\u2019\u00e9closion, les jeunes abeilles trouvent leur nourriture et sortent d\u2019elles-m\u00eames.<\/li>\n<\/ul>\n","protected":false},"excerpt":{"rendered":"<p>L\u2019h\u00f4tel \u00e0 insectes jaune IP BL\u00a005 offre aux abeilles un lieu de nidification s\u00fbr. Face au d\u00e9clin des populations d\u2019abeilles, leur apporter un soutien est essentiel. Cet h\u00f4tel hexagonal, fabriqu\u00e9 en Woodstone\u00ae \u00e9coresponsable (un m\u00e9lange de fibres de bois et de b\u00e9ton), b\u00e9n\u00e9ficie d\u2019une longue dur\u00e9e de vie. L\u2019int\u00e9rieur en bambou peut \u00eatre facilement remplac\u00e9, [&hellip;]<\/p>\n","protected":false},"featured_media":16072,"template":"","meta":{"_acf_changed":false,"_relevanssi_hide_post":"","_relevanssi_hide_content":"","_relevanssi_pin_for_all":"","_relevanssi_pin_keywords":"","_relevanssi_unpin_keywords":"","_relevanssi_related_keywords":"","_relevanssi_related_include_ids":"","_relevanssi_related_exclude_ids":"","_relevanssi_related_no_append":"","_relevanssi_related_not_related":"","_relevanssi_related_posts":"","_relevanssi_noindex_reason":""},"product_brand":[],"product_cat":[5057,5031],"product_tag":[],"class_list":{"0":"post-27044","1":"product","2":"type-product","3":"status-publish","4":"has-post-thumbnail","6":"product_cat-hotel-a-insectes","7":"product_cat-nichoirs-a-insectes","8":"pa_kleur-geel","9":"pa_materiaal-beton-de-bois","10":"pa_materiaal-voor-filter-beton-de-bois","11":"pa_soort-abeilles-solitaires","12":"pa_soortgroep-insectes","14":"first","15":"instock","16":"purchasable","17":"product-type-simple"},"acf":[],"_links":{"self":[{"href":"https:\/\/viva.ezxdemo.com\/fr\/wp-json\/wp\/v2\/product\/27044","targetHints":{"allow":["GET"]}}],"collection":[{"href":"https:\/\/viva.ezxdemo.com\/fr\/wp-json\/wp\/v2\/product"}],"about":[{"href":"https:\/\/viva.ezxdemo.com\/fr\/wp-json\/wp\/v2\/types\/product"}],"wp:featuredmedia":[{"embeddable":true,"href":"https:\/\/viva.ezxdemo.com\/fr\/wp-json\/wp\/v2\/media\/16072"}],"wp:attachment":[{"href":"https:\/\/viva.ezxdemo.com\/fr\/wp-json\/wp\/v2\/media?parent=27044"}],"wp:term":[{"taxonomy":"product_brand","embeddable":true,"href":"https:\/\/viva.ezxdemo.com\/fr\/wp-json\/wp\/v2\/product_brand?post=27044"},{"taxonomy":"product_cat","embeddable":true,"href":"https:\/\/viva.ezxdemo.com\/fr\/wp-json\/wp\/v2\/product_cat?post=27044"},{"taxonomy":"product_tag","embeddable":true,"href":"https:\/\/viva.ezxdemo.com\/fr\/wp-json\/wp\/v2\/product_tag?post=27044"}],"curies":[{"name":"wp","href":"https:\/\/api.w.org\/{rel}","templated":true}]}}