{"id":27078,"date":"2024-11-07T09:09:02","date_gmt":"2024-11-07T08:09:02","guid":{"rendered":"https:\/\/vivarapro.nl\/?post_type=product&#038;p=27078"},"modified":"2025-10-30T09:30:03","modified_gmt":"2025-10-30T08:30:03","slug":"ib-vl-32-gite-a-encastrer-pour-chauves-souris","status":"publish","type":"product","link":"https:\/\/viva.ezxdemo.com\/fr\/produit\/ib-vl-32-gite-a-encastrer-pour-chauves-souris\/","title":{"rendered":"IB VL 32 G\u00eete \u00e0 encastrer pour chauves-souris"},"content":{"rendered":"<p data-start=\"\"133\"\" data-end=\"\"496\"\">Ce g\u00eete est con\u00e7u pour \u00eatre encastr\u00e9 en combinaison avec la pierre d\u2019entr\u00e9e <strong data-start=\"\"193\"\" data-end=\"\"205\"\">IB VL 09<\/strong>, ou dans les murs o\u00f9 le rev\u00eatement de fa\u00e7ade est choisi de mani\u00e8re ind\u00e9pendante, comme ceux des constructions \u00e0 ossature bois (COB). Dans ce dernier cas, il est n\u00e9cessaire de bien relier le trou d\u2019envol du g\u00eete au rev\u00eatement de la fa\u00e7ade.<\/p>\n<p data-start=\"\"498\"\" data-end=\"\"789\"\">Le g\u00eete est fabriqu\u00e9 en contreplaqu\u00e9 ext\u00e9rieur et deux de ses faces int\u00e9rieures sont recouvertes de li\u00e8ge projet\u00e9. La couche de li\u00e8ge projet\u00e9 \u00e0 l\u2019ext\u00e9rieur offre une isolation suppl\u00e9mentaire. Le g\u00eete comporte deux chambres spacieuses permettant de cr\u00e9er diff\u00e9rents microclimats afin que les chauves-souris puissent toujours trouver un endroit qui leur convient.<\/p>\n<p data-start=\"\"791\"\" data-end=\"\"956\"\">La pente situ\u00e9e \u00e0 l\u2019int\u00e9rieur du mod\u00e8le <strong data-start=\"\"820\"\" data-end=\"\"832\"\">IB VL 32<\/strong> permet aux d\u00e9jections des chauves-souris d\u2019\u00eatre automatiquement \u00e9vacu\u00e9es par la pierre d\u2019entr\u00e9e, \u00e9vitant ainsi leur accumulation \u00e0 l\u2019int\u00e9rieur du g\u00eete.<\/p>\n<p data-start=\"\"958\"\" data-end=\"\"1004\"\"><strong data-start=\"\"958\"\" data-end=\"\"1004\"\">Convient comme g\u00eete d\u2019\u00e9t\u00e9 et d\u2019accouplement pour les esp\u00e8ces suivantes :<\/strong><\/p>\n<ul data-start=\"\"1005\"\" data-end=\"\"1078\"\">\n<li data-start=\"\"1005\"\" data-end=\"\"1027\"\">\n<p data-start=\"\"1007\"\" data-end=\"\"1027\"\">la pipistrelle commune<\/p>\n<\/li>\n<li data-start=\"\"1028\"\" data-end=\"\"1054\"\">\n<p data-start=\"\"1030\"\" data-end=\"\"1054\"\">la pipistrelle de Nathusius<\/p>\n<\/li>\n<li data-start=\"\"1055\"\" data-end=\"\"1078\"\">\n<p data-start=\"\"1057\"\" data-end=\"\"1078\"\">la pipistrelle pygm\u00e9e<\/p>\n<\/li>\n<\/ul>\n<p data-start=\"\"1080\"\" data-end=\"\"1294\"\">La noctule commune ainsi que de petites colonies de mise bas de pipistrelles peuvent \u00e9galement utiliser ce g\u00eete. Il peut par ailleurs servir de g\u00eete d\u2019hibernation et d\u2019autres esp\u00e8ces peuvent aussi y trouver refuge.<\/p>\n","protected":false},"excerpt":{"rendered":"<p>Ce g\u00eete est con\u00e7u pour \u00eatre encastr\u00e9 en combinaison avec la pierre d\u2019entr\u00e9e IB VL 09, ou dans les murs o\u00f9 le rev\u00eatement de fa\u00e7ade est choisi de mani\u00e8re ind\u00e9pendante, comme ceux des constructions \u00e0 ossature bois (COB). Dans ce dernier cas, il est n\u00e9cessaire de bien relier le trou d\u2019envol du g\u00eete au rev\u00eatement [&hellip;]<\/p>\n","protected":false},"featured_media":16773,"template":"","meta":{"_acf_changed":false,"_relevanssi_hide_post":"","_relevanssi_hide_content":"","_relevanssi_pin_for_all":"","_relevanssi_pin_keywords":"","_relevanssi_unpin_keywords":"","_relevanssi_related_keywords":"","_relevanssi_related_include_ids":"","_relevanssi_related_exclude_ids":"","_relevanssi_related_no_append":"","_relevanssi_related_not_related":"","_relevanssi_related_posts":"","_relevanssi_noindex_reason":""},"product_brand":[],"product_cat":[5024,5035,5023],"product_tag":[],"class_list":{"0":"post-27078","1":"product","2":"type-product","3":"status-publish","4":"has-post-thumbnail","6":"product_cat-chauves-souris","7":"product_cat-gites-a-encastrer-pour-chauves-souris","8":"product_cat-gites-et-nichoirs-a-encastrer","9":"pa_buitenmaat-b-x-h-x-d-cm-52-x-83-x-7-fr","10":"pa_gewicht-kg-9-fr","11":"pa_kleur-gris","12":"pa_materiaal-mulitplex-etanche","13":"pa_materiaal-revetement-en-liege","14":"pa_materiaal-voor-filter-bois-fsc","15":"pa_soort-murin-a-moustaches","16":"pa_soort-murin-des-marais","17":"pa_soort-pipistrelle-commune","18":"pa_soort-pipistrelle-de-nathusius","19":"pa_soort-pipistrelle-pygmee","20":"pa_soort-serotine-commune","21":"pa_soortgroep-chauves-souris","23":"first","24":"instock","25":"purchasable","26":"product-type-simple"},"acf":[],"_links":{"self":[{"href":"https:\/\/viva.ezxdemo.com\/fr\/wp-json\/wp\/v2\/product\/27078","targetHints":{"allow":["GET"]}}],"collection":[{"href":"https:\/\/viva.ezxdemo.com\/fr\/wp-json\/wp\/v2\/product"}],"about":[{"href":"https:\/\/viva.ezxdemo.com\/fr\/wp-json\/wp\/v2\/types\/product"}],"wp:featuredmedia":[{"embeddable":true,"href":"https:\/\/viva.ezxdemo.com\/fr\/wp-json\/wp\/v2\/media\/16773"}],"wp:attachment":[{"href":"https:\/\/viva.ezxdemo.com\/fr\/wp-json\/wp\/v2\/media?parent=27078"}],"wp:term":[{"taxonomy":"product_brand","embeddable":true,"href":"https:\/\/viva.ezxdemo.com\/fr\/wp-json\/wp\/v2\/product_brand?post=27078"},{"taxonomy":"product_cat","embeddable":true,"href":"https:\/\/viva.ezxdemo.com\/fr\/wp-json\/wp\/v2\/product_cat?post=27078"},{"taxonomy":"product_tag","embeddable":true,"href":"https:\/\/viva.ezxdemo.com\/fr\/wp-json\/wp\/v2\/product_tag?post=27078"}],"curies":[{"name":"wp","href":"https:\/\/api.w.org\/{rel}","templated":true}]}}