{"id":34519,"date":"2026-01-28T11:48:27","date_gmt":"2026-01-28T10:48:27","guid":{"rendered":"https:\/\/vivarapro.nl\/?post_type=product&#038;p=34519"},"modified":"2026-01-28T14:32:46","modified_gmt":"2026-01-28T13:32:46","slug":"vk-sk-12-tour-a-chauves-souris-sur-poteau-metallique","status":"publish","type":"product","link":"https:\/\/viva.ezxdemo.com\/fr\/produit\/vk-sk-12-tour-a-chauves-souris-sur-poteau-metallique\/","title":{"rendered":"VK SK 12 Tour \u00e0 chauves-souris sur poteau (M\u00e9tallique)"},"content":{"rendered":"<p>Cette tour \u00e0 chauves-souris sur poteau peut servir \u00e0 des actions de compensation ou de protection de certaines esp\u00e8ces de chauves-souris. Elle se r\u00e9v\u00e8le particuli\u00e8rement efficace comme g\u00eete de reproduction estivale et comme g\u00eete de maternit\u00e9 pour la pipistrelle commune.<\/p>\n<ul>\n<li>L\u2019ensemble comprend deux m\u00e2t m\u00e9tallique de 6\u00a0m\u00e8tres et deux g\u00eetes de maternit\u00e9 VK SK 03, ainsi que les sacs de b\u00e9ton \u00e0 prise rapide et les vis n\u00e9cessaires \u00e0 l\u2019installation.<\/li>\n<li>Le g\u00eete est dot\u00e9 d\u2019une paroi arri\u00e8re prolong\u00e9e, permettant aux chauves-souris de s\u2019y poser avant de p\u00e9n\u00e9trer \u00e0 l\u2019int\u00e9rieur. Ses trois compartiments, espac\u00e9s de 19\u00a0mm, communiquent entre eux gr\u00e2ce \u00e0 de petites ouvertures perc\u00e9es dans les cloisons. Plusieurs esp\u00e8ces de chauves-souris peuvent utiliser cette tour, selon les esp\u00e8ces pr\u00e9sentes localement. Elle est adapt\u00e9e comme g\u00eete d\u2019\u00e9t\u00e9\/de reproduction et, pour certaines esp\u00e8ces, comme g\u00eete de maternit\u00e9. Pendant les hivers doux, elle peut \u00e9galement faire office d\u2019abri. En tant que g\u00eete de maternit\u00e9, elle convient notamment \u00e0 la\u00a0:\u00a0:\n<ul>\n<li>Pipistrelle commune<\/li>\n<\/ul>\n<p>En tant que g\u00eete d\u2019\u00e9t\u00e9 ou de reproduction, elle convient notamment aux esp\u00e8ces suivantes\u00a0:<\/p>\n<ul>\n<li>Pipistrelle commune et Pipistrelle pygm\u00e9e<\/li>\n<li>Murin \u00e0 moustaches<\/li>\n<li>Noctule de Leisler<\/li>\n<li>Oreillard roux<\/li>\n<li>Murin de Daubenton<\/li>\n<li>Barbastelle d\u2019Europe<\/li>\n<li>Murin de Natterer<\/li>\n<\/ul>\n<p>Pendant les hivers doux, elle peut \u00eatre utilis\u00e9e par les\u00a0:<\/p>\n<ul>\n<li>Pipistrelle commune<\/li>\n<li>Oreillard roux<\/li>\n<\/ul>\n<\/li>\n<\/ul>\n<p>&nbsp;<\/p>\n","protected":false},"excerpt":{"rendered":"<p>VK SK 12 Tour \u00e0 chauves-souris sur poteau| Vivara Pro | Le plus grand fabricant europ\u00e9en de solutions de nidification pour les chauves-souris, les oiseaux et la faune sauvage<\/p>\n","protected":false},"featured_media":34543,"template":"","meta":{"_acf_changed":false,"_relevanssi_hide_post":"","_relevanssi_hide_content":"","_relevanssi_pin_for_all":"","_relevanssi_pin_keywords":"","_relevanssi_unpin_keywords":"","_relevanssi_related_keywords":"","_relevanssi_related_include_ids":"","_relevanssi_related_exclude_ids":"","_relevanssi_related_no_append":"","_relevanssi_related_not_related":"","_relevanssi_related_posts":"","_relevanssi_noindex_reason":""},"product_brand":[],"product_cat":[5024,5039,5055,5075],"product_tag":[],"class_list":{"0":"post-34519","1":"product","2":"type-product","3":"status-publish","4":"has-post-thumbnail","6":"product_cat-chauves-souris","7":"product_cat-gite-de-maternite-pour-chauves-souris","8":"product_cat-gites-sur-poteau-pour-chauves-souris","9":"product_cat-nichoir-sur-poteau","10":"pa_binnenmaat-b-x-h-x-d-cm-2-x-107-x-63-x-3-x-2-sans-le-poteau","11":"pa_buitenmaat-b-x-h-x-d-cm-2-x-118-x-79-x-15-sans-le-poteau","12":"pa_gewicht-kg-2-x-18-sans-poteau","13":"pa_materiaal-contreplaque-fsc","14":"pa_materiaal-revetement-en-liege","15":"pa_materiaal-voor-filter-bois-fsc","16":"pa_soort-murin-a-moustaches","17":"pa_soort-oreillard-roux","18":"pa_soort-oreillard-roux-fr","19":"pa_soort-pipistrelle-commune","20":"pa_soort-pipistrelle-de-nathusius","21":"pa_soort-pipistrelle-pygmee","22":"pa_soortgroep-chauves-souris","24":"first","25":"instock","26":"purchasable","27":"product-type-simple"},"acf":[],"_links":{"self":[{"href":"https:\/\/viva.ezxdemo.com\/fr\/wp-json\/wp\/v2\/product\/34519","targetHints":{"allow":["GET"]}}],"collection":[{"href":"https:\/\/viva.ezxdemo.com\/fr\/wp-json\/wp\/v2\/product"}],"about":[{"href":"https:\/\/viva.ezxdemo.com\/fr\/wp-json\/wp\/v2\/types\/product"}],"wp:featuredmedia":[{"embeddable":true,"href":"https:\/\/viva.ezxdemo.com\/fr\/wp-json\/wp\/v2\/media\/34543"}],"wp:attachment":[{"href":"https:\/\/viva.ezxdemo.com\/fr\/wp-json\/wp\/v2\/media?parent=34519"}],"wp:term":[{"taxonomy":"product_brand","embeddable":true,"href":"https:\/\/viva.ezxdemo.com\/fr\/wp-json\/wp\/v2\/product_brand?post=34519"},{"taxonomy":"product_cat","embeddable":true,"href":"https:\/\/viva.ezxdemo.com\/fr\/wp-json\/wp\/v2\/product_cat?post=34519"},{"taxonomy":"product_tag","embeddable":true,"href":"https:\/\/viva.ezxdemo.com\/fr\/wp-json\/wp\/v2\/product_tag?post=34519"}],"curies":[{"name":"wp","href":"https:\/\/api.w.org\/{rel}","templated":true}]}}