{"id":9810,"date":"2024-03-12T16:20:58","date_gmt":"2024-03-12T15:20:58","guid":{"rendered":"https:\/\/vivarapro.nl\/product\/escaliers-pour-amphibiens\/"},"modified":"2026-02-24T11:12:27","modified_gmt":"2026-02-24T10:12:27","slug":"escaliers-pour-amphibiens","status":"publish","type":"product","link":"https:\/\/viva.ezxdemo.com\/fr\/produit\/escaliers-pour-amphibiens\/","title":{"rendered":"AP AT 01 Escaliers pour amphibiens"},"content":{"rendered":"<p>Rien que pendant la migration printani\u00e8re, 185\u00a0000\u00a0crapauds finissent dans des avaloirs. Et ce ph\u00e9nom\u00e8ne ne se produit pas seulement pendant les migrations. Tout au long de l\u2019ann\u00e9e, grenouilles, crapauds et salamandres tombent aussi dans les caniveaux et fosses de drainage. Ils sont souvent incapables de s\u2019\u00e9chapper par eux-m\u00eames. Chaque ann\u00e9e, des centaines de milliers d\u2019amphibiens adultes et une multitude de petits sont concern\u00e9s. Ce dispositif simple permet aux crapauds, grenouilles et salamandres de s\u2019\u00e9chapper en toute s\u00e9curit\u00e9 des caniveaux et fosses de drainage. En plus d\u2019\u00eatre une solution universelle et durable pour les amphibiens, cet escalier est \u00e9galement facile \u00e0 installer. Le profil\u00e9 d\u2019angle sp\u00e9cialement con\u00e7u se fixe ais\u00e9ment dans le coin de l\u2019avaloir. Une \u00e9tude men\u00e9e par RAVON montre que ce syst\u00e8me d\u2019\u00e9vasion pour amphibiens est particuli\u00e8rement efficace. Plus de 90\u00a0% des amphibiens parviennent \u00e0 s\u2019extraire seuls de l\u2019avaloir, de la fosse ou du caniveau dans les 24\u00a0heures, gr\u00e2ce \u00e0 ces petites marches d\u2019escalier. Avantages de cet escalier pour amphibiens\u00a0:<\/p>\n<ul>\n<li>Mat\u00e9riau\u00a0: plastique recycl\u00e9<\/li>\n<li>Dos biseaut\u00e9 pour un meilleur ajustement dans les angles<\/li>\n<li>Profils larges offrant une bonne accroche pour les grenouilles et crapauds<\/li>\n<li>Installation facile<\/li>\n<li>Longueur ajustable gr\u00e2ce \u00e0 un syst\u00e8me de clips<\/li>\n<li>Enti\u00e8rement recyclable<\/li>\n<li>Durable<\/li>\n<\/ul>\n","protected":false},"excerpt":{"rendered":"<p>AP AT 01 Escaliers pour amphibiens | Vivara Pro | Le plus grand fabricant europ\u00e9en de solutions de nidification pour les chauves-souris, les oiseaux et la faune sauvage<\/p>\n","protected":false},"featured_media":18308,"template":"","meta":{"_acf_changed":false,"_relevanssi_hide_post":"","_relevanssi_hide_content":"","_relevanssi_pin_for_all":"","_relevanssi_pin_keywords":"","_relevanssi_unpin_keywords":"","_relevanssi_related_keywords":"","_relevanssi_related_include_ids":"","_relevanssi_related_exclude_ids":"","_relevanssi_related_no_append":"","_relevanssi_related_not_related":"","_relevanssi_related_posts":"","_relevanssi_noindex_reason":""},"product_brand":[],"product_cat":[5032],"product_tag":[],"class_list":{"0":"post-9810","1":"product","2":"type-product","3":"status-publish","4":"has-post-thumbnail","6":"product_cat-amphibiens","8":"first","9":"instock","10":"shipping-taxable","11":"purchasable","12":"product-type-simple"},"acf":[],"_links":{"self":[{"href":"https:\/\/viva.ezxdemo.com\/fr\/wp-json\/wp\/v2\/product\/9810","targetHints":{"allow":["GET"]}}],"collection":[{"href":"https:\/\/viva.ezxdemo.com\/fr\/wp-json\/wp\/v2\/product"}],"about":[{"href":"https:\/\/viva.ezxdemo.com\/fr\/wp-json\/wp\/v2\/types\/product"}],"wp:featuredmedia":[{"embeddable":true,"href":"https:\/\/viva.ezxdemo.com\/fr\/wp-json\/wp\/v2\/media\/18308"}],"wp:attachment":[{"href":"https:\/\/viva.ezxdemo.com\/fr\/wp-json\/wp\/v2\/media?parent=9810"}],"wp:term":[{"taxonomy":"product_brand","embeddable":true,"href":"https:\/\/viva.ezxdemo.com\/fr\/wp-json\/wp\/v2\/product_brand?post=9810"},{"taxonomy":"product_cat","embeddable":true,"href":"https:\/\/viva.ezxdemo.com\/fr\/wp-json\/wp\/v2\/product_cat?post=9810"},{"taxonomy":"product_tag","embeddable":true,"href":"https:\/\/viva.ezxdemo.com\/fr\/wp-json\/wp\/v2\/product_tag?post=9810"}],"curies":[{"name":"wp","href":"https:\/\/api.w.org\/{rel}","templated":true}]}}