{"id":9811,"date":"2023-12-20T19:03:26","date_gmt":"2023-12-20T19:03:26","guid":{"rendered":"https:\/\/vivarapro.nl\/product\/ib-gz-03-nichoir-a-encastrer-pour-le-martinet-noir-renovation\/"},"modified":"2025-10-29T20:59:38","modified_gmt":"2025-10-29T19:59:38","slug":"ib-gz-03-nichoir-a-encastrer-pour-le-martinet-noir-renovation","status":"publish","type":"product","link":"https:\/\/viva.ezxdemo.com\/fr\/produit\/ib-gz-03-nichoir-a-encastrer-pour-le-martinet-noir-renovation\/","title":{"rendered":"IB GZ 03\u00a0Nichoir \u00e0 encastrer pour martinet noir (r\u00e9novation)"},"content":{"rendered":"<p>Ce nichoir \u00e0 encastrer remplace efficacement les sites de nidification naturels des martinets noirs dans les fa\u00e7ades. Gr\u00e2ce \u00e0 sa profondeur maximale de 160\u00a0mm, il s\u2019int\u00e8gre aux b\u00e2timents existants et peut donc \u00eatre mis en place lors de r\u00e9novations ou de travaux de post-isolation. La hauteur de ce NICHOIR \u00c0 ENCASTRER pour martinet correspond parfaitement \u00e0 un format de mur en trois rangs de briques, et l\u2019entr\u00e9e peut \u00eatre orient\u00e9e \u00e0 gauche ou \u00e0 droite. Les moineaux domestiques aiment \u00e9galement utiliser ce nichoir encastrable, ce qui favorise sa d\u00e9couverte par les martinets noirs. Si un martinet souhaite occuper un nichoir d\u00e9j\u00e0 pris par des moineaux, il les d\u00e9logera tout simplement. Ce nichoir \u00e0 encastrer est fabriqu\u00e9 \u00e0 100\u00a0% en WoodStone\u00ae certifi\u00e9 FSC\u00ae, avec un panneau arri\u00e8re en contreplaqu\u00e9 coll\u00e9 et \u00e9tanche.<\/p>\n","protected":false},"excerpt":{"rendered":"<p>IB GZ 03\u00a0Nichoir \u00e0 encastrer pour martinet noir (r\u00e9novation) | Vivara Pro | Le plus grand fabricant europ\u00e9en de solutions de nidification pour les chauves-souris, les oiseaux et la faune sauvage<\/p>\n","protected":false},"featured_media":30246,"template":"","meta":{"_acf_changed":false,"_relevanssi_hide_post":"","_relevanssi_hide_content":"","_relevanssi_pin_for_all":"","_relevanssi_pin_keywords":"","_relevanssi_unpin_keywords":"","_relevanssi_related_keywords":"","_relevanssi_related_include_ids":"","_relevanssi_related_exclude_ids":"","_relevanssi_related_no_append":"","_relevanssi_related_not_related":"","_relevanssi_related_posts":"","_relevanssi_noindex_reason":""},"product_brand":[],"product_cat":[5023,5025,5034,5038],"product_tag":[],"class_list":{"0":"post-9811","1":"product","2":"type-product","3":"status-publish","4":"has-post-thumbnail","6":"product_cat-gites-et-nichoirs-a-encastrer","7":"product_cat-martinets-noir","8":"product_cat-nichoir-a-encastrer-pour-les-moineaux-domestiques","9":"product_cat-nichoirs-a-encastrer-pour-martinets-noir","10":"pa_binnenmaat-b-x-h-x-d-cm-37-x-13-x-13-fr","11":"pa_buitenmaat-b-x-h-x-d-cm-42-x-18-x-161-fr","12":"pa_gewicht-kg-4830","13":"pa_invliegopening-30-x-65-fr","14":"pa_kleur-gris","15":"pa_materiaal-woodstone-fr","16":"pa_materiaal-voor-filter-beton-de-bois","17":"pa_soort-martinet-noir","18":"pa_soortgroep-martinets","20":"first","21":"instock","22":"purchasable","23":"product-type-simple"},"acf":[],"_links":{"self":[{"href":"https:\/\/viva.ezxdemo.com\/fr\/wp-json\/wp\/v2\/product\/9811","targetHints":{"allow":["GET"]}}],"collection":[{"href":"https:\/\/viva.ezxdemo.com\/fr\/wp-json\/wp\/v2\/product"}],"about":[{"href":"https:\/\/viva.ezxdemo.com\/fr\/wp-json\/wp\/v2\/types\/product"}],"wp:featuredmedia":[{"embeddable":true,"href":"https:\/\/viva.ezxdemo.com\/fr\/wp-json\/wp\/v2\/media\/30246"}],"wp:attachment":[{"href":"https:\/\/viva.ezxdemo.com\/fr\/wp-json\/wp\/v2\/media?parent=9811"}],"wp:term":[{"taxonomy":"product_brand","embeddable":true,"href":"https:\/\/viva.ezxdemo.com\/fr\/wp-json\/wp\/v2\/product_brand?post=9811"},{"taxonomy":"product_cat","embeddable":true,"href":"https:\/\/viva.ezxdemo.com\/fr\/wp-json\/wp\/v2\/product_cat?post=9811"},{"taxonomy":"product_tag","embeddable":true,"href":"https:\/\/viva.ezxdemo.com\/fr\/wp-json\/wp\/v2\/product_tag?post=9811"}],"curies":[{"name":"wp","href":"https:\/\/api.w.org\/{rel}","templated":true}]}}