{"id":9826,"date":"2023-12-20T19:08:38","date_gmt":"2023-12-20T18:08:38","guid":{"rendered":"https:\/\/vivarapro.nl\/product\/ht-hz-01-hotel-a-hirondelles-de-fenetre-complet\/"},"modified":"2025-10-29T20:59:39","modified_gmt":"2025-10-29T19:59:39","slug":"ht-hz-01-hotel-a-hirondelles-de-fenetre-complet","status":"publish","type":"product","link":"https:\/\/viva.ezxdemo.com\/fr\/produit\/ht-hz-01-hotel-a-hirondelles-de-fenetre-complet\/","title":{"rendered":"HT HZ 01\u00a0Tour \u00e0 hirondelles de fen\u00eatre"},"content":{"rendered":"<p>Le tour \u00e0 hirondelles de fen\u00eatre remplace efficacement les nids naturels des hirondelles de fen\u00eatre. Ce type de nichoir offre plusieurs emplacements artificiels de nidification tout en laissant suffisamment d\u2019espace pour que les hirondelles de fen\u00eatre puissent construire des nids naturels sur le m\u00eame poteau. Un tour \u00e0 hirondelles de fen\u00eatre a plus de chances d\u2019\u00eatre rep\u00e9r\u00e9 et utilis\u00e9 par l\u2019oiseau s\u2019il est plac\u00e9 \u00e0 proximit\u00e9 d\u2019une colonie existante. En l\u2019absence de colonie \u00e0 proximit\u00e9, les chances d\u2019occupation restent faibles. Pour augmenter les chances de d\u00e9couverte, vous pouvez utiliser des leurres sonores. Cette m\u00e9thode semble donner certains r\u00e9sultats, sans garantie toutefois. Au total, 18\u00a0nids artificiels sont pr\u00e9-install\u00e9s. Pour rendre le tour \u00e0 hirondelles de fen\u00eatre plus attractif, il est possible d\u2019am\u00e9nager un bassin de boue \u00e0 proximit\u00e9 imm\u00e9diate, o\u00f9 les hirondelles pourront venir pr\u00e9lever la boue n\u00e9cessaire pour refermer les entr\u00e9es des nids ou pour construire des nids naturels. Ce tour \u00e0 hirondelles de fen\u00eatre est fabriqu\u00e9 avec une ossature m\u00e9tallique et un habillage en contreplaqu\u00e9 ext\u00e9rieur, trait\u00e9 avec une couche de li\u00e8ge projet\u00e9 et une peinture portant l\u2019\u00e9colabel, coloris RAL\u00a09010. Le toit est recouvert d\u2019une membrane d\u2019\u00e9tanch\u00e9it\u00e9 noire. Une fois correctement install\u00e9, ce tour \u00e0 hirondelles de fen\u00eatre r\u00e9siste \u00e0 des vents d\u2019au moins force\u00a010.<\/p>\n","protected":false},"excerpt":{"rendered":"<p>HT HZ 01\u00a0Tour \u00e0 hirondelles de fen\u00eatre | Vivara Pro | Le plus grand fabricant europ\u00e9en de solutions de nidification pour les chauves-souris, les oiseaux et la faune sauvage<\/p>\n","protected":false},"featured_media":17036,"template":"","meta":{"_acf_changed":false,"_relevanssi_hide_post":"","_relevanssi_hide_content":"","_relevanssi_pin_for_all":"","_relevanssi_pin_keywords":"","_relevanssi_unpin_keywords":"","_relevanssi_related_keywords":"","_relevanssi_related_include_ids":"","_relevanssi_related_exclude_ids":"","_relevanssi_related_no_append":"","_relevanssi_related_not_related":"","_relevanssi_related_posts":"","_relevanssi_noindex_reason":""},"product_brand":[],"product_cat":[5027,5075,5049],"product_tag":[],"class_list":{"0":"post-9826","1":"product","2":"type-product","3":"status-publish","4":"has-post-thumbnail","6":"product_cat-hirondelles","7":"product_cat-nichoir-sur-poteau","8":"product_cat-tour-a-hirondelles-de-fenetre","9":"pa_buitenmaat-b-x-h-x-d-cm-60-hotel-x-130","10":"pa_gewicht-kg-95-sans-poteau","11":"pa_materiaal-voor-filter-beton-de-bois","12":"pa_soort-hirondelle-de-fenetre","13":"pa_soortgroep-hirondelles","15":"first","16":"instock","17":"purchasable","18":"product-type-variable"},"acf":[],"_links":{"self":[{"href":"https:\/\/viva.ezxdemo.com\/fr\/wp-json\/wp\/v2\/product\/9826","targetHints":{"allow":["GET"]}}],"collection":[{"href":"https:\/\/viva.ezxdemo.com\/fr\/wp-json\/wp\/v2\/product"}],"about":[{"href":"https:\/\/viva.ezxdemo.com\/fr\/wp-json\/wp\/v2\/types\/product"}],"wp:featuredmedia":[{"embeddable":true,"href":"https:\/\/viva.ezxdemo.com\/fr\/wp-json\/wp\/v2\/media\/17036"}],"wp:attachment":[{"href":"https:\/\/viva.ezxdemo.com\/fr\/wp-json\/wp\/v2\/media?parent=9826"}],"wp:term":[{"taxonomy":"product_brand","embeddable":true,"href":"https:\/\/viva.ezxdemo.com\/fr\/wp-json\/wp\/v2\/product_brand?post=9826"},{"taxonomy":"product_cat","embeddable":true,"href":"https:\/\/viva.ezxdemo.com\/fr\/wp-json\/wp\/v2\/product_cat?post=9826"},{"taxonomy":"product_tag","embeddable":true,"href":"https:\/\/viva.ezxdemo.com\/fr\/wp-json\/wp\/v2\/product_tag?post=9826"}],"curies":[{"name":"wp","href":"https:\/\/api.w.org\/{rel}","templated":true}]}}