{"id":9830,"date":"2023-12-20T19:03:26","date_gmt":"2023-12-20T18:03:26","guid":{"rendered":"https:\/\/vivarapro.nl\/product\/ib-gz-04-nichoir-a-encastrer-pour-le-martinet-noir\/"},"modified":"2025-10-29T20:59:39","modified_gmt":"2025-10-29T19:59:39","slug":"ib-gz-04-nichoir-a-encastrer-pour-le-martinet-noir","status":"publish","type":"product","link":"https:\/\/viva.ezxdemo.com\/fr\/produit\/ib-gz-04-nichoir-a-encastrer-pour-le-martinet-noir\/","title":{"rendered":"IB GZ 04\u00a0Nichoir \u00e0 encastrer pour martinet noir"},"content":{"rendered":"<p>Ce nichoir \u00e0 encastrer remplace efficacement les lieux de nidification naturels des martinets noirs dans les fa\u00e7ades et peut \u00eatre install\u00e9 dans les constructions neuves. Il peut \u00e9galement s\u2019int\u00e9grer dans des b\u00e2timents existants lors de r\u00e9novations ou de travaux de post-isolation. La hauteur de ce nichoir \u00e0 encastrer correspond parfaitement \u00e0 un format de mur en trois rangs de briques. Les moineaux domestiques appr\u00e9cient \u00e9galement l\u2019utilisation de cet abri int\u00e9gr\u00e9, ce qui permet d\u2019ailleurs aux martinets de rep\u00e9rer le nichoir. Si un martinet souhaite s\u2019approprier le nichoir occup\u00e9 par un moineau domestique, il le d\u00e9logera pour prendre sa place tout simplement. Ce nichoir \u00e0 encastrer est fabriqu\u00e9 en WoodStone\u00ae certifi\u00e9 FSC\u00ae avec une paroi arri\u00e8re en contreplaqu\u00e9 coll\u00e9 et \u00e9tanche.<\/p>\n","protected":false},"excerpt":{"rendered":"<p>IB GZ 04\u00a0Nichoir \u00e0 encastrer pour martinet noir | Vivara Pro | Le plus grand fabricant europ\u00e9en de solutions de nidification pour les chauves-souris, les oiseaux et la faune sauvage<\/p>\n","protected":false},"featured_media":30299,"template":"","meta":{"_acf_changed":false,"_relevanssi_hide_post":"","_relevanssi_hide_content":"","_relevanssi_pin_for_all":"","_relevanssi_pin_keywords":"","_relevanssi_unpin_keywords":"","_relevanssi_related_keywords":"","_relevanssi_related_include_ids":"","_relevanssi_related_exclude_ids":"","_relevanssi_related_no_append":"","_relevanssi_related_not_related":"","_relevanssi_related_posts":"","_relevanssi_noindex_reason":""},"product_brand":[],"product_cat":[5023,5025,5038],"product_tag":[],"class_list":{"0":"post-9830","1":"product","2":"type-product","3":"status-publish","4":"has-post-thumbnail","6":"product_cat-gites-et-nichoirs-a-encastrer","7":"product_cat-martinets-noir","8":"product_cat-nichoirs-a-encastrer-pour-martinets-noir","9":"pa_binnenmaat-b-x-h-x-d-cm-37-x-13-x-145-fr","10":"pa_buitenmaat-b-x-h-x-d-cm-42-x-18-x-156-fr","11":"pa_gewicht-kg-55-fr","12":"pa_invliegopening-65-x-30-mm-ovale","13":"pa_kleur-gris","14":"pa_materiaal-woodstone-fr","15":"pa_materiaal-voor-filter-beton-de-bois","16":"pa_soort-martinet-noir","17":"pa_soortgroep-martinets","19":"first","20":"instock","21":"purchasable","22":"product-type-simple"},"acf":[],"_links":{"self":[{"href":"https:\/\/viva.ezxdemo.com\/fr\/wp-json\/wp\/v2\/product\/9830","targetHints":{"allow":["GET"]}}],"collection":[{"href":"https:\/\/viva.ezxdemo.com\/fr\/wp-json\/wp\/v2\/product"}],"about":[{"href":"https:\/\/viva.ezxdemo.com\/fr\/wp-json\/wp\/v2\/types\/product"}],"wp:featuredmedia":[{"embeddable":true,"href":"https:\/\/viva.ezxdemo.com\/fr\/wp-json\/wp\/v2\/media\/30299"}],"wp:attachment":[{"href":"https:\/\/viva.ezxdemo.com\/fr\/wp-json\/wp\/v2\/media?parent=9830"}],"wp:term":[{"taxonomy":"product_brand","embeddable":true,"href":"https:\/\/viva.ezxdemo.com\/fr\/wp-json\/wp\/v2\/product_brand?post=9830"},{"taxonomy":"product_cat","embeddable":true,"href":"https:\/\/viva.ezxdemo.com\/fr\/wp-json\/wp\/v2\/product_cat?post=9830"},{"taxonomy":"product_tag","embeddable":true,"href":"https:\/\/viva.ezxdemo.com\/fr\/wp-json\/wp\/v2\/product_tag?post=9830"}],"curies":[{"name":"wp","href":"https:\/\/api.w.org\/{rel}","templated":true}]}}