{"id":9831,"date":"2023-12-20T19:03:26","date_gmt":"2023-12-20T18:03:26","guid":{"rendered":"https:\/\/vivarapro.nl\/product\/ib-vl-05-nichoir-a-encastrer\/"},"modified":"2025-12-02T13:30:09","modified_gmt":"2025-12-02T12:30:09","slug":"ib-vl-05-nichoir-a-encastrer","status":"publish","type":"product","link":"https:\/\/viva.ezxdemo.com\/fr\/produit\/ib-vl-05-nichoir-a-encastrer\/","title":{"rendered":"IB VL 05\u00a0G\u00eete \u00e0 encastrer"},"content":{"rendered":"<p>L\u2019IB VL\u00a005 est divis\u00e9 en deux compartiments espac\u00e9s de 22\u00a0mm. Les chauves-souris peuvent acc\u00e9der \u00e0 ces compartiments gr\u00e2ce \u00e0 l\u2019ouverture d\u2019entr\u00e9e et \u00e0 l\u2019ouverture dans la cloison int\u00e9rieure. Ce g\u00eete \u00e0 encastrer constitue donc un abri id\u00e9al pour les chauves-souris en \u00e9t\u00e9, lors de la reproduction ou, si les hivers sont doux, comme refuge pour l\u2019hiver. Les esp\u00e8ces qui utiliseront ce g\u00eete \u00e0 encastrer d\u00e9pendront de la r\u00e9gion o\u00f9 il est install\u00e9 et des esp\u00e8ces d\u00e9j\u00e0 pr\u00e9sentes localement. Si un seul g\u00eete est install\u00e9 sur un site, il servira soit d\u2019abri d\u2019\u00e9t\u00e9, soit de g\u00eete pour la reproduction. Le g\u00eete \u00e0 encastrer peut \u00e9galement s\u2019utiliser comme maternit\u00e9, mais cela n\u00e9cessite de relier plusieurs g\u00eetes (au moins 3) pour cr\u00e9er un espace plus grand. Il est ainsi possible de relier plusieurs g\u00eetes IB VL\u00a005, ou de les combiner avec un ou plusieurs g\u00eetes IB VL\u00a015. Cette configuration r\u00e9duit le nombre d\u2019ouvertures visibles sur la fa\u00e7ade. En \u00e9t\u00e9, les g\u00eetes \u00e0 encastrer pour chauve-souris (quand au moins 3 sont reli\u00e9s) conviennent aussi pour\u00a0:<\/p>\n<ul>\n<li>la pipistrelle commune, la pipistrelle de Nathusius et la pipistrelle pygm\u00e9e<\/li>\n<li>la s\u00e9rotine commune<\/li>\n<li>la s\u00e9rotine bicolore<\/li>\n<\/ul>\n<p>Pendant les hivers doux, ils pourront \u00e9galement \u00eatre utilis\u00e9s par\u00a0:<\/p>\n<ul>\n<li>la pipistrelle commune<\/li>\n<\/ul>\n<p>Pour les chauves-souris, plus il y a d\u2019espace disponible, mieux c\u2019est\u00a0!<\/p>\n","protected":false},"excerpt":{"rendered":"<p>IB VL 05\u00a0G\u00eete \u00e0 encastrer pour chauve-souris | Vivara Pro | Le plus grand fabricant europ\u00e9en de solutions de nidification pour les chauves-souris, les oiseaux et la faune sauvage<\/p>\n","protected":false},"featured_media":29762,"template":"","meta":{"_acf_changed":false,"_relevanssi_hide_post":"","_relevanssi_hide_content":"","_relevanssi_pin_for_all":"","_relevanssi_pin_keywords":"","_relevanssi_unpin_keywords":"","_relevanssi_related_keywords":"","_relevanssi_related_include_ids":"","_relevanssi_related_exclude_ids":"","_relevanssi_related_no_append":"","_relevanssi_related_not_related":"","_relevanssi_related_posts":"","_relevanssi_noindex_reason":""},"product_brand":[],"product_cat":[5024,5035,5023],"product_tag":[],"class_list":{"0":"post-9831","1":"product","2":"type-product","3":"status-publish","4":"has-post-thumbnail","6":"product_cat-chauves-souris","7":"product_cat-gites-a-encastrer-pour-chauves-souris","8":"product_cat-gites-et-nichoirs-a-encastrer","9":"pa_binnenmaat-b-x-h-x-d-cm-185-x-40-x-22-2x-fr","10":"pa_buitenmaat-b-x-h-x-d-cm-21-x-50-x-77-fr","11":"pa_gewicht-kg-6-fr","12":"pa_kleur-gris","13":"pa_materiaal-beton-de-bois","14":"pa_materiaal-contreplaque-fsc","15":"pa_materiaal-voor-filter-beton-de-bois","16":"pa_soort-murin-a-moustaches","17":"pa_soort-murin-des-marais","18":"pa_soort-pipistrelle-commune","19":"pa_soort-pipistrelle-de-nathusius","20":"pa_soort-pipistrelle-pygmee","21":"pa_soort-serotine-commune","22":"pa_soortgroep-chauves-souris","24":"first","25":"instock","26":"purchasable","27":"product-type-simple"},"acf":[],"_links":{"self":[{"href":"https:\/\/viva.ezxdemo.com\/fr\/wp-json\/wp\/v2\/product\/9831","targetHints":{"allow":["GET"]}}],"collection":[{"href":"https:\/\/viva.ezxdemo.com\/fr\/wp-json\/wp\/v2\/product"}],"about":[{"href":"https:\/\/viva.ezxdemo.com\/fr\/wp-json\/wp\/v2\/types\/product"}],"wp:featuredmedia":[{"embeddable":true,"href":"https:\/\/viva.ezxdemo.com\/fr\/wp-json\/wp\/v2\/media\/29762"}],"wp:attachment":[{"href":"https:\/\/viva.ezxdemo.com\/fr\/wp-json\/wp\/v2\/media?parent=9831"}],"wp:term":[{"taxonomy":"product_brand","embeddable":true,"href":"https:\/\/viva.ezxdemo.com\/fr\/wp-json\/wp\/v2\/product_brand?post=9831"},{"taxonomy":"product_cat","embeddable":true,"href":"https:\/\/viva.ezxdemo.com\/fr\/wp-json\/wp\/v2\/product_cat?post=9831"},{"taxonomy":"product_tag","embeddable":true,"href":"https:\/\/viva.ezxdemo.com\/fr\/wp-json\/wp\/v2\/product_tag?post=9831"}],"curies":[{"name":"wp","href":"https:\/\/api.w.org\/{rel}","templated":true}]}}