{"id":9837,"date":"2023-12-20T19:08:38","date_gmt":"2023-12-20T18:08:38","guid":{"rendered":"https:\/\/vivarapro.nl\/product\/ht-hz-03-hirondelle-de-fenetre-murale\/"},"modified":"2025-10-29T20:59:41","modified_gmt":"2025-10-29T19:59:41","slug":"ht-hz-03-hirondelle-de-fenetre-murale","status":"publish","type":"product","link":"https:\/\/viva.ezxdemo.com\/fr\/produit\/ht-hz-03-hirondelle-de-fenetre-murale\/","title":{"rendered":"HT HZ 03\u00a0Nichoir mural pour hirondelles"},"content":{"rendered":"<p>Un nichoir mural remplace efficacement les lieux de nidification naturels des hirondelles de fen\u00eatre. Il cr\u00e9e plusieurs sites de nidification artificiels tout en laissant suffisamment d\u2019espace pour que les hirondelles puissent b\u00e2tir des nids naturels. Un nichoir mural fix\u00e9 \u00e0 la fa\u00e7ade permet de favoriser l\u2019installation d\u2019une colonie \u00e0 l\u2019emplacement souhait\u00e9. Un nichoir mural a plus de chances d\u2019\u00eatre d\u00e9couvert et utilis\u00e9 par les hirondelles s\u2019il est plac\u00e9 \u00e0 proximit\u00e9 d\u2019une colonie existante. En l\u2019absence de colonie voisine, les chances que le nichoir mural soit d\u00e9couvert sont faibles. Pour augmenter les chances de d\u00e9couverte, vous pouvez utiliser des leurres sonores. Cette m\u00e9thode semble donner certains r\u00e9sultats, sans garantie toutefois. Au total, neuf nids artificiels sont pr\u00e9assembl\u00e9s. Pour rendre ce nichoir encore plus attractif pour les hirondelles, il est possible d\u2019am\u00e9nager un bassin de boue \u00e0 proximit\u00e9 imm\u00e9diate, o\u00f9 les hirondelles pourront venir pr\u00e9lever la boue n\u00e9cessaire pour refermer les entr\u00e9es des nids ou pour construire des nids naturels. Ce nichoir mural est fabriqu\u00e9 avec une ossature m\u00e9tallique et un habillage en contreplaqu\u00e9 ext\u00e9rieur, trait\u00e9 avec une couche de li\u00e8ge projet\u00e9 et une peinture portant l\u2019\u00e9colabel, coloris RAL\u00a09010. Le toit est recouvert d\u2019une membrane d\u2019\u00e9tanch\u00e9it\u00e9 noire.<\/p>\n","protected":false},"excerpt":{"rendered":"<p>HT HZ 03\u00a0Nichoir mural pour hirondelles | Vivara Pro | Le plus grand fabricant europ\u00e9en de solutions de nidification pour les chauves-souris, les oiseaux et la faune sauvage<\/p>\n","protected":false},"featured_media":9842,"template":"","meta":{"_acf_changed":false,"_relevanssi_hide_post":"","_relevanssi_hide_content":"","_relevanssi_pin_for_all":"","_relevanssi_pin_keywords":"","_relevanssi_unpin_keywords":"","_relevanssi_related_keywords":"","_relevanssi_related_include_ids":"","_relevanssi_related_exclude_ids":"","_relevanssi_related_no_append":"","_relevanssi_related_not_related":"","_relevanssi_related_posts":"","_relevanssi_noindex_reason":""},"product_brand":[],"product_cat":[5027,5040,5048,5047,5075,5049,7868],"product_tag":[],"class_list":{"0":"post-9837","1":"product","2":"type-product","3":"status-publish","4":"has-post-thumbnail","6":"product_cat-hirondelles","7":"product_cat-nichoirs-muraux","8":"product_cat-nichoirs-muraux-pour-hirondelles","9":"product_cat-nichoirs-pour-hirondelles-de-fenetre","10":"product_cat-nichoir-sur-poteau","11":"product_cat-tour-a-hirondelles-de-fenetre","12":"product_cat-nichoirs","13":"pa_buitenmaat-b-x-h-x-d-cm-120-x-85-x-60-fr","14":"pa_gewicht-kg-50-fr","15":"pa_materiaal-voor-filter-beton-de-bois","16":"pa_soort-hirondelle-de-fenetre","17":"pa_soortgroep-hirondelles","19":"first","20":"instock","21":"purchasable","22":"product-type-simple"},"acf":[],"_links":{"self":[{"href":"https:\/\/viva.ezxdemo.com\/fr\/wp-json\/wp\/v2\/product\/9837","targetHints":{"allow":["GET"]}}],"collection":[{"href":"https:\/\/viva.ezxdemo.com\/fr\/wp-json\/wp\/v2\/product"}],"about":[{"href":"https:\/\/viva.ezxdemo.com\/fr\/wp-json\/wp\/v2\/types\/product"}],"wp:featuredmedia":[{"embeddable":true,"href":"https:\/\/viva.ezxdemo.com\/fr\/wp-json\/wp\/v2\/media\/9842"}],"wp:attachment":[{"href":"https:\/\/viva.ezxdemo.com\/fr\/wp-json\/wp\/v2\/media?parent=9837"}],"wp:term":[{"taxonomy":"product_brand","embeddable":true,"href":"https:\/\/viva.ezxdemo.com\/fr\/wp-json\/wp\/v2\/product_brand?post=9837"},{"taxonomy":"product_cat","embeddable":true,"href":"https:\/\/viva.ezxdemo.com\/fr\/wp-json\/wp\/v2\/product_cat?post=9837"},{"taxonomy":"product_tag","embeddable":true,"href":"https:\/\/viva.ezxdemo.com\/fr\/wp-json\/wp\/v2\/product_tag?post=9837"}],"curies":[{"name":"wp","href":"https:\/\/api.w.org\/{rel}","templated":true}]}}