{"id":9844,"date":"2023-12-20T19:03:26","date_gmt":"2023-12-20T18:03:26","guid":{"rendered":"https:\/\/vivarapro.nl\/product\/ib-gz-05-nichoir-a-encastrer-pour-le-martinet-noir-nouvelle-construction\/"},"modified":"2025-10-29T20:59:41","modified_gmt":"2025-10-29T19:59:41","slug":"ib-gz-05-nichoir-a-encastrer-pour-le-martinet-noir-nouvelle-construction","status":"publish","type":"product","link":"https:\/\/viva.ezxdemo.com\/fr\/produit\/ib-gz-05-nichoir-a-encastrer-pour-le-martinet-noir-nouvelle-construction\/","title":{"rendered":"IB GZ 05\u00a0Nichoir \u00e0 encastrer pour martinet noir (nouvelle construction)"},"content":{"rendered":"<p>Ce nichoir \u00e0 encastrer remplace efficacement les lieux de nidification naturels des martinets noirs dans les fa\u00e7ades et peut \u00eatre install\u00e9 dans les nouveaux b\u00e2timents. La hauteur de ce nichoir \u00e0 encastrer pour martinet correspond parfaitement \u00e0 un format de mur en trois rangs de briques, et l\u2019entr\u00e9e peut \u00eatre orient\u00e9e \u00e0 gauche ou \u00e0 droite. Les moineaux domestiques aiment \u00e9galement utiliser ce nichoir encastrable, ce qui favorise sa d\u00e9couverte par les martinets noirs. Si un martinet souhaite occuper un nichoir d\u00e9j\u00e0 pris par des moineaux, il les d\u00e9logera tout simplement.<\/p>\n","protected":false},"excerpt":{"rendered":"<p>IB GZ 05\u00a0Nichoir \u00e0 encastrer pour martinet noir (nouvelle construction) | Vivara Pro | Le plus grand fabricant europ\u00e9en de solutions de nidification pour les chauves-souris, les oiseaux et la faune sauvage<\/p>\n","protected":false},"featured_media":30328,"template":"","meta":{"_acf_changed":false,"_relevanssi_hide_post":"","_relevanssi_hide_content":"","_relevanssi_pin_for_all":"","_relevanssi_pin_keywords":"","_relevanssi_unpin_keywords":"","_relevanssi_related_keywords":"","_relevanssi_related_include_ids":"","_relevanssi_related_exclude_ids":"","_relevanssi_related_no_append":"","_relevanssi_related_not_related":"","_relevanssi_related_posts":"","_relevanssi_noindex_reason":""},"product_brand":[],"product_cat":[5023,5025,5026,5034,5038],"product_tag":[],"class_list":{"0":"post-9844","1":"product","2":"type-product","3":"status-publish","4":"has-post-thumbnail","6":"product_cat-gites-et-nichoirs-a-encastrer","7":"product_cat-martinets-noir","8":"product_cat-moineaux-domestiques","9":"product_cat-nichoir-a-encastrer-pour-les-moineaux-domestiques","10":"product_cat-nichoirs-a-encastrer-pour-martinets-noir","11":"pa_binnenmaat-b-x-h-x-d-cm-37-x-13-x-15-fr","12":"pa_buitenmaat-b-x-h-x-d-cm-42-x-18-x-181-fr","13":"pa_gewicht-kg-67-fr","14":"pa_invliegopening-30-x-65-fr","15":"pa_kleur-gris","16":"pa_materiaal-woodstone-fr","17":"pa_materiaal-voor-filter-beton-de-bois","18":"pa_soort-martinet-noir","19":"pa_soortgroep-martinets","21":"first","22":"instock","23":"purchasable","24":"product-type-simple"},"acf":[],"_links":{"self":[{"href":"https:\/\/viva.ezxdemo.com\/fr\/wp-json\/wp\/v2\/product\/9844","targetHints":{"allow":["GET"]}}],"collection":[{"href":"https:\/\/viva.ezxdemo.com\/fr\/wp-json\/wp\/v2\/product"}],"about":[{"href":"https:\/\/viva.ezxdemo.com\/fr\/wp-json\/wp\/v2\/types\/product"}],"wp:featuredmedia":[{"embeddable":true,"href":"https:\/\/viva.ezxdemo.com\/fr\/wp-json\/wp\/v2\/media\/30328"}],"wp:attachment":[{"href":"https:\/\/viva.ezxdemo.com\/fr\/wp-json\/wp\/v2\/media?parent=9844"}],"wp:term":[{"taxonomy":"product_brand","embeddable":true,"href":"https:\/\/viva.ezxdemo.com\/fr\/wp-json\/wp\/v2\/product_brand?post=9844"},{"taxonomy":"product_cat","embeddable":true,"href":"https:\/\/viva.ezxdemo.com\/fr\/wp-json\/wp\/v2\/product_cat?post=9844"},{"taxonomy":"product_tag","embeddable":true,"href":"https:\/\/viva.ezxdemo.com\/fr\/wp-json\/wp\/v2\/product_tag?post=9844"}],"curies":[{"name":"wp","href":"https:\/\/api.w.org\/{rel}","templated":true}]}}