{"id":9852,"date":"2023-12-20T19:08:38","date_gmt":"2023-12-20T18:08:38","guid":{"rendered":"https:\/\/vivarapro.nl\/product\/ht-mu-02-hotel-a-moineaux-domestique-complet\/"},"modified":"2025-10-29T20:59:43","modified_gmt":"2025-10-29T19:59:43","slug":"ht-mu-02-hotel-a-moineaux-domestique-complet","status":"publish","type":"product","link":"https:\/\/viva.ezxdemo.com\/fr\/produit\/ht-mu-02-hotel-a-moineaux-domestique-complet\/","title":{"rendered":"HT MU 02 Tour \u00e0 moineaux domestiques complet"},"content":{"rendered":"<p>Les mesures de mitigation et de compensation en faveur des moineaux domestiques passent souvent par l\u2019installation de diff\u00e9rents am\u00e9nagements. Il peut s\u2019agir de nichoirs classiques, mais aussi de ce que l\u2019on appelle \u00ab\u00a0une tour pour moineaux domestiques\u00a0\u00bb. Cette tour respecte les dimensions d\u00e9finies dans le document de r\u00e9f\u00e9rence\u00a0\u00ab\u00a0Bij12\u00a0\u00bb. Elle offre 18\u00a0compartiments de nidification regroup\u00e9s sous un m\u00eame toit, permettant l\u2019installation d\u2019une colonie de moineaux domestiques. Lorsqu\u2019elle est install\u00e9e en zone agricole ou dans les cours de ferme, elle peut \u00e9galement \u00eatre utilis\u00e9e par des moineaux friquets. La structure de cette tour repose sur un cadre m\u00e9tallique, habill\u00e9 de contreplaqu\u00e9 ext\u00e9rieur et recouvert d\u2019une peinture certifi\u00e9e \u00c9colabel, couleur RAL\u00a09010. Son toit est recouvert d\u2019ardoises noires. Une seconde toiture int\u00e9gr\u00e9e assure la ventilation afin d\u2019\u00e9viter toute surchauffe des nids en p\u00e9riode estivale. Correctement install\u00e9e, cette tour r\u00e9siste \u00e0 des vents d\u2019au moins force\u00a010.<\/p>\n","protected":false},"excerpt":{"rendered":"<p>HT MU 02 Tour \u00e0 moineaux domestiques complet | Vivara Pro | Le plus grand fabricant europ\u00e9en de solutions de nidification pour les chauves-souris, les oiseaux et la faune sauvage<\/p>\n","protected":false},"featured_media":17029,"template":"","meta":{"_acf_changed":false,"_relevanssi_hide_post":"","_relevanssi_hide_content":"","_relevanssi_pin_for_all":"","_relevanssi_pin_keywords":"","_relevanssi_unpin_keywords":"","_relevanssi_related_keywords":"","_relevanssi_related_include_ids":"","_relevanssi_related_exclude_ids":"","_relevanssi_related_no_append":"","_relevanssi_related_not_related":"","_relevanssi_related_posts":"","_relevanssi_noindex_reason":""},"product_brand":[],"product_cat":[5044,5026,5075],"product_tag":[],"class_list":{"0":"post-9852","1":"product","2":"type-product","3":"status-publish","4":"has-post-thumbnail","6":"product_cat-tour-a-moineaux-domestiques","7":"product_cat-moineaux-domestiques","8":"product_cat-nichoir-sur-poteau","9":"pa_buitenmaat-b-x-h-x-d-cm-90-x-120-sans-poteau","10":"pa_gewicht-kg-82-sans-poteau","11":"pa_materiaal-bois-fsc","12":"pa_materiaal-voor-filter-beton-de-bois","13":"pa_soort-mesange-bleue","14":"pa_soort-mesange-charbonniere","15":"pa_soort-moineau-domestique","16":"pa_soort-moineau-friquet","17":"pa_soortgroep-moineaux","19":"first","20":"instock","21":"purchasable","22":"product-type-variable"},"acf":[],"_links":{"self":[{"href":"https:\/\/viva.ezxdemo.com\/fr\/wp-json\/wp\/v2\/product\/9852","targetHints":{"allow":["GET"]}}],"collection":[{"href":"https:\/\/viva.ezxdemo.com\/fr\/wp-json\/wp\/v2\/product"}],"about":[{"href":"https:\/\/viva.ezxdemo.com\/fr\/wp-json\/wp\/v2\/types\/product"}],"wp:featuredmedia":[{"embeddable":true,"href":"https:\/\/viva.ezxdemo.com\/fr\/wp-json\/wp\/v2\/media\/17029"}],"wp:attachment":[{"href":"https:\/\/viva.ezxdemo.com\/fr\/wp-json\/wp\/v2\/media?parent=9852"}],"wp:term":[{"taxonomy":"product_brand","embeddable":true,"href":"https:\/\/viva.ezxdemo.com\/fr\/wp-json\/wp\/v2\/product_brand?post=9852"},{"taxonomy":"product_cat","embeddable":true,"href":"https:\/\/viva.ezxdemo.com\/fr\/wp-json\/wp\/v2\/product_cat?post=9852"},{"taxonomy":"product_tag","embeddable":true,"href":"https:\/\/viva.ezxdemo.com\/fr\/wp-json\/wp\/v2\/product_tag?post=9852"}],"curies":[{"name":"wp","href":"https:\/\/api.w.org\/{rel}","templated":true}]}}