{"id":9871,"date":"2023-12-20T19:03:26","date_gmt":"2023-12-20T18:03:26","guid":{"rendered":"https:\/\/vivarapro.nl\/product\/ib-vl-07-nichoir-a-encastrer\/"},"modified":"2025-10-29T20:59:44","modified_gmt":"2025-10-29T19:59:44","slug":"ib-vl-07-nichoir-a-encastrer","status":"publish","type":"product","link":"https:\/\/viva.ezxdemo.com\/fr\/produit\/ib-vl-07-nichoir-a-encastrer\/","title":{"rendered":"IB VL 07 G\u00eete \u00e0 encastrer pour chauves-souris"},"content":{"rendered":"<p>Nous recommandons de relier plusieurs g\u00eetes entre eux afin d\u2019offrir aux chauves-souris plus d\u2019espace pour se d\u00e9placer. Pour effectuer ce raccordement, il est n\u00e9cessaire de retirer les petits blocs en WoodStone\u00ae situ\u00e9s sur les c\u00f4t\u00e9s. Les g\u00eetes peuvent \u00eatre assembl\u00e9s par la gauche, la droite ou le dessus, cr\u00e9ant ainsi une pi\u00e8ce interne plus spacieuse pour les chauves-souris. Des esp\u00e8ces telles que la Pipistrelle commune, la Pipistrelle pygm\u00e9e, la Pipistrelle de Nathusius et la S\u00e9rotine bicolore peuvent utiliser ce type d\u2019abri.<\/p>\n","protected":false},"excerpt":{"rendered":"<p>IB VL 07 G\u00eete \u00e0 encastrer pour chauves-souris | Vivara Pro | Le plus grand fabricant europ\u00e9en de solutions de nidification pour les chauves-souris, les oiseaux et la faune sauvage<\/p>\n","protected":false},"featured_media":30133,"template":"","meta":{"_acf_changed":false,"_relevanssi_hide_post":"","_relevanssi_hide_content":"","_relevanssi_pin_for_all":"","_relevanssi_pin_keywords":"","_relevanssi_unpin_keywords":"","_relevanssi_related_keywords":"","_relevanssi_related_include_ids":"","_relevanssi_related_exclude_ids":"","_relevanssi_related_no_append":"","_relevanssi_related_not_related":"","_relevanssi_related_posts":"","_relevanssi_noindex_reason":""},"product_brand":[],"product_cat":[5024,5035,5023],"product_tag":[],"class_list":{"0":"post-9871","1":"product","2":"type-product","3":"status-publish","4":"has-post-thumbnail","6":"product_cat-chauves-souris","7":"product_cat-gites-a-encastrer-pour-chauves-souris","8":"product_cat-gites-et-nichoirs-a-encastrer","9":"pa_binnenmaat-b-x-h-x-d-cm-185-x-46-x-25-fr","10":"pa_buitenmaat-b-x-h-x-d-cm-21-x-50-x-49-fr","11":"pa_gewicht-kg-37-fr","12":"pa_kleur-gris","13":"pa_materiaal-beton-de-bois","14":"pa_materiaal-contreplaque-fsc","15":"pa_materiaal-voor-filter-beton-de-bois","16":"pa_soort-murin-des-marais","17":"pa_soort-pipistrelle-commune","18":"pa_soort-pipistrelle-de-nathusius","19":"pa_soort-pipistrelle-pygmee","20":"pa_soort-serotine-commune","21":"pa_soortgroep-chauves-souris","23":"first","24":"instock","25":"purchasable","26":"product-type-simple"},"acf":[],"_links":{"self":[{"href":"https:\/\/viva.ezxdemo.com\/fr\/wp-json\/wp\/v2\/product\/9871","targetHints":{"allow":["GET"]}}],"collection":[{"href":"https:\/\/viva.ezxdemo.com\/fr\/wp-json\/wp\/v2\/product"}],"about":[{"href":"https:\/\/viva.ezxdemo.com\/fr\/wp-json\/wp\/v2\/types\/product"}],"wp:featuredmedia":[{"embeddable":true,"href":"https:\/\/viva.ezxdemo.com\/fr\/wp-json\/wp\/v2\/media\/30133"}],"wp:attachment":[{"href":"https:\/\/viva.ezxdemo.com\/fr\/wp-json\/wp\/v2\/media?parent=9871"}],"wp:term":[{"taxonomy":"product_brand","embeddable":true,"href":"https:\/\/viva.ezxdemo.com\/fr\/wp-json\/wp\/v2\/product_brand?post=9871"},{"taxonomy":"product_cat","embeddable":true,"href":"https:\/\/viva.ezxdemo.com\/fr\/wp-json\/wp\/v2\/product_cat?post=9871"},{"taxonomy":"product_tag","embeddable":true,"href":"https:\/\/viva.ezxdemo.com\/fr\/wp-json\/wp\/v2\/product_tag?post=9871"}],"curies":[{"name":"wp","href":"https:\/\/api.w.org\/{rel}","templated":true}]}}