{"id":9872,"date":"2023-12-20T19:03:26","date_gmt":"2023-12-20T18:03:26","guid":{"rendered":"https:\/\/vivarapro.nl\/product\/ib-di-01-nichoir-a-encastrer\/"},"modified":"2025-10-29T20:59:44","modified_gmt":"2025-10-29T19:59:44","slug":"ib-di-01-nichoir-a-encastrer","status":"publish","type":"product","link":"https:\/\/viva.ezxdemo.com\/fr\/produit\/ib-di-01-nichoir-a-encastrer\/","title":{"rendered":"IB DI 01 Nichoir \u00e0 encastrer"},"content":{"rendered":"<p>Ce nichoir \u00e0 encastrer est adapt\u00e9 comme lieu de nidification pour les oiseaux semi-cavernicoles. Install\u00e9 \u00e0 des endroits appropri\u00e9s dans les fa\u00e7ades des constructions neuves, il pourra accueillir des esp\u00e8ces telles que le rouge-queue noir ou la bergeronnette grise. D\u2019autres esp\u00e8ces comme le rouge-gorge, le gobe-mouche gris ou le moineau peuvent \u00e9galement l\u2019occuper. Les esp\u00e8ces pr\u00e9sentes d\u00e9pendront principalement de l\u2019emplacement choisi pour installer ce nichoir. La hauteur de ce nichoir int\u00e9gr\u00e9 correspond exactement \u00e0 un format de mur en trois rangs de briques. Ce nichoir \u00e0 encastrer est enti\u00e8rement fabriqu\u00e9 en WoodStone certifi\u00e9 FSC\u00ae.<\/p>\n","protected":false},"excerpt":{"rendered":"<p>IB DI 01 Nichoir \u00e0 encastrer | Vivara Pro | Le plus grand fabricant europ\u00e9en de solutions de nidification pour les chauves-souris, les oiseaux et la faune sauvage<\/p>\n","protected":false},"featured_media":9878,"template":"","meta":{"_acf_changed":false,"_relevanssi_hide_post":"","_relevanssi_hide_content":"","_relevanssi_pin_for_all":"","_relevanssi_pin_keywords":"","_relevanssi_unpin_keywords":"","_relevanssi_related_keywords":"","_relevanssi_related_include_ids":"","_relevanssi_related_exclude_ids":"","_relevanssi_related_no_append":"","_relevanssi_related_not_related":"","_relevanssi_related_posts":"","_relevanssi_noindex_reason":""},"product_brand":[],"product_cat":[5023,5026,5036,5029,7868],"product_tag":[],"class_list":{"0":"post-9872","1":"product","2":"type-product","3":"status-publish","4":"has-post-thumbnail","6":"product_cat-gites-et-nichoirs-a-encastrer","7":"product_cat-moineaux-domestiques","8":"product_cat-nichoirs-a-encastrer-autres","9":"product_cat-nichoirs-oiseaux-chanteurs","10":"product_cat-nichoirs","11":"pa_binnenmaat-b-x-h-x-d-cm-17-x-13-x-14-fr","12":"pa_buitenmaat-b-x-h-x-d-cm-21-x-17-x-18-fr","13":"pa_gewicht-kg-42-fr","14":"pa_kleur-gris","15":"pa_materiaal-woodstone-fr","16":"pa_materiaal-voor-filter-beton-de-bois","17":"pa_soort-bergeronnette-grise","18":"pa_soort-gobe-mouche-gris","19":"pa_soort-rougegorge","20":"pa_soort-rougequeue-noir","21":"pa_soortgroep-oiseaux-chanteurs","23":"first","24":"instock","25":"purchasable","26":"product-type-simple"},"acf":[],"_links":{"self":[{"href":"https:\/\/viva.ezxdemo.com\/fr\/wp-json\/wp\/v2\/product\/9872","targetHints":{"allow":["GET"]}}],"collection":[{"href":"https:\/\/viva.ezxdemo.com\/fr\/wp-json\/wp\/v2\/product"}],"about":[{"href":"https:\/\/viva.ezxdemo.com\/fr\/wp-json\/wp\/v2\/types\/product"}],"wp:featuredmedia":[{"embeddable":true,"href":"https:\/\/viva.ezxdemo.com\/fr\/wp-json\/wp\/v2\/media\/9878"}],"wp:attachment":[{"href":"https:\/\/viva.ezxdemo.com\/fr\/wp-json\/wp\/v2\/media?parent=9872"}],"wp:term":[{"taxonomy":"product_brand","embeddable":true,"href":"https:\/\/viva.ezxdemo.com\/fr\/wp-json\/wp\/v2\/product_brand?post=9872"},{"taxonomy":"product_cat","embeddable":true,"href":"https:\/\/viva.ezxdemo.com\/fr\/wp-json\/wp\/v2\/product_cat?post=9872"},{"taxonomy":"product_tag","embeddable":true,"href":"https:\/\/viva.ezxdemo.com\/fr\/wp-json\/wp\/v2\/product_tag?post=9872"}],"curies":[{"name":"wp","href":"https:\/\/api.w.org\/{rel}","templated":true}]}}