{"id":9881,"date":"2023-12-20T19:03:26","date_gmt":"2023-12-20T18:03:26","guid":{"rendered":"https:\/\/vivarapro.nl\/product\/ib-mu-06-nichoir-a-encastrer-pour-moineau-domestique-simple-renovation\/"},"modified":"2025-10-29T20:59:45","modified_gmt":"2025-10-29T19:59:45","slug":"ib-mu-06-nichoir-a-encastrer-pour-moineau-domestique-simple-renovation","status":"publish","type":"product","link":"https:\/\/viva.ezxdemo.com\/fr\/produit\/ib-mu-06-nichoir-a-encastrer-pour-moineau-domestique-simple-renovation\/","title":{"rendered":"IB MU 06 Nichoir \u00e0 encastrer pour moineaux domestiques (r\u00e9novation)"},"content":{"rendered":"<p>Ce nichoir \u00e0 encastrer permet de compenser la perte des nids des moineaux domestiques dans les fa\u00e7ades. Gr\u00e2ce \u00e0 sa profondeur maximale de 16 cm, il peut \u00e9galement s\u2019int\u00e9grer dans des b\u00e2timents existants lors de r\u00e9novations ou de travaux de post-isolation. La hauteur de ce nichoir \u00e0 encastrer correspond parfaitement \u00e0 un format de mur de 4\u00a0rang\u00e9es de briques. Les moineaux vivant en colonies, il est recommand\u00e9 de placer plusieurs nichoirs c\u00f4te \u00e0 c\u00f4te en respectant un espacement minimal de 50\u00a0cm afin de limiter le stress et les comportements agressifs entre individus. Le nichoir \u00e0 encastrer est aussi r\u00e9guli\u00e8rement habit\u00e9 par d\u2019autres esp\u00e8ces comme les m\u00e9sanges. Il est fabriqu\u00e9 en WoodStone FSC\u00ae et peut \u00eatre ouvert \u00e0 l\u2019avant pour \u00eatre nettoy\u00e9 si n\u00e9cessaire.<\/p>\n","protected":false},"excerpt":{"rendered":"<p>IB MU 06 Nichoir \u00e0 encastrer pour moineaux domestiques (r\u00e9novation) | Vivara Pro | Le plus grand fabricant europ\u00e9en de solutions de nidification pour les chauves-souris, les oiseaux et la faune sauvage<\/p>\n","protected":false},"featured_media":31376,"template":"","meta":{"_acf_changed":false,"_relevanssi_hide_post":"","_relevanssi_hide_content":"","_relevanssi_pin_for_all":"","_relevanssi_pin_keywords":"","_relevanssi_unpin_keywords":"","_relevanssi_related_keywords":"","_relevanssi_related_include_ids":"","_relevanssi_related_exclude_ids":"","_relevanssi_related_no_append":"","_relevanssi_related_not_related":"","_relevanssi_related_posts":"","_relevanssi_noindex_reason":""},"product_brand":[],"product_cat":[5023,5026,5034],"product_tag":[],"class_list":{"0":"post-9881","1":"product","2":"type-product","3":"status-publish","4":"has-post-thumbnail","6":"product_cat-gites-et-nichoirs-a-encastrer","7":"product_cat-moineaux-domestiques","8":"product_cat-nichoir-a-encastrer-pour-les-moineaux-domestiques","9":"pa_binnenmaat-b-x-h-x-d-cm-22-x-17-x-12-fr","10":"pa_buitenmaat-b-x-h-x-d-cm-29-x-24-x-155-fr","11":"pa_gewicht-kg-7-fr","12":"pa_invliegopening-34-mm-fr","13":"pa_kleur-gris-blanc","14":"pa_materiaal-woodstone-fr","15":"pa_materiaal-voor-filter-beton-de-bois","16":"pa_soort-moineau-domestique","17":"pa_soortgroep-moineaux","19":"first","20":"instock","21":"sale","22":"purchasable","23":"product-type-simple"},"acf":[],"_links":{"self":[{"href":"https:\/\/viva.ezxdemo.com\/fr\/wp-json\/wp\/v2\/product\/9881","targetHints":{"allow":["GET"]}}],"collection":[{"href":"https:\/\/viva.ezxdemo.com\/fr\/wp-json\/wp\/v2\/product"}],"about":[{"href":"https:\/\/viva.ezxdemo.com\/fr\/wp-json\/wp\/v2\/types\/product"}],"wp:featuredmedia":[{"embeddable":true,"href":"https:\/\/viva.ezxdemo.com\/fr\/wp-json\/wp\/v2\/media\/31376"}],"wp:attachment":[{"href":"https:\/\/viva.ezxdemo.com\/fr\/wp-json\/wp\/v2\/media?parent=9881"}],"wp:term":[{"taxonomy":"product_brand","embeddable":true,"href":"https:\/\/viva.ezxdemo.com\/fr\/wp-json\/wp\/v2\/product_brand?post=9881"},{"taxonomy":"product_cat","embeddable":true,"href":"https:\/\/viva.ezxdemo.com\/fr\/wp-json\/wp\/v2\/product_cat?post=9881"},{"taxonomy":"product_tag","embeddable":true,"href":"https:\/\/viva.ezxdemo.com\/fr\/wp-json\/wp\/v2\/product_tag?post=9881"}],"curies":[{"name":"wp","href":"https:\/\/api.w.org\/{rel}","templated":true}]}}