{"id":9886,"date":"2023-12-20T19:03:26","date_gmt":"2023-12-20T18:03:26","guid":{"rendered":"https:\/\/vivarapro.nl\/product\/ib-vl-08-nichoir-a-encastrer\/"},"modified":"2025-10-29T20:59:46","modified_gmt":"2025-10-29T19:59:46","slug":"ib-vl-08-nichoir-a-encastrer","status":"publish","type":"product","link":"https:\/\/viva.ezxdemo.com\/fr\/produit\/ib-vl-08-nichoir-a-encastrer\/","title":{"rendered":"IB VL 08 G\u00eete \u00e0 encastrer"},"content":{"rendered":"<p>Ce g\u00eete \u00e0 encastrer pour chauves-souris peut \u00eatre utilis\u00e9 aussi bien dans les constructions neuves que dans les projets de r\u00e9novation. La face fendue de ce g\u00eete \u00e0 encastrer s\u2019adapte parfaitement au format de mur en 1\u00a0rang de briques. Ces g\u00eetes \u00e0 encastrer peuvent \u00eatre install\u00e9s individuellement ou combin\u00e9s avec plusieurs g\u00eetes IB VL\u00a008 reli\u00e9s lat\u00e9ralement. Il est \u00e9galement possible de les relier \u00e0 l\u2019int\u00e9rieur de la cavit\u00e9, horizontalement ou verticalement, avec le g\u00eete <a href=\"https:\/\/viva.ezxdemo.com\/product\/ib-vl-07-inbouwsteen-vleermuizen\/\">IB VL\u00a007<\/a>. D\u2019autres esp\u00e8ces comme la pipistrelle commune, la pipistrelle pygm\u00e9e, la pipistrelle de Nathusius et la s\u00e9rotine bicolore peuvent aussi utiliser cet abri. Comme la partie g\u00eete est int\u00e9gr\u00e9e derri\u00e8re la paroi ext\u00e9rieure, les chauves-souris sont mieux prot\u00e9g\u00e9es contre les temp\u00e9ratures extr\u00eames, qu\u2019elles soient \u00e9lev\u00e9es ou basses. Le g\u00eete \u00e0 encastrer est fabriqu\u00e9 en WoodStone\u00ae FSC\u00ae, avec un panneau arri\u00e8re en contreplaqu\u00e9 coll\u00e9 et \u00e9tanche. La paroi arri\u00e8re est recouverte \u00e0 l\u2019int\u00e9rieur de li\u00e8ge pulv\u00e9ris\u00e9 pour offrir une meilleure adh\u00e9rence.<\/p>\n","protected":false},"excerpt":{"rendered":"<p>IB VL 08 G\u00eete \u00e0 encastrer | Vivara Pro | Le plus grand fabricant europ\u00e9en de solutions de nidification pour les chauves-souris, les oiseaux et la faune sauvage<\/p>\n","protected":false},"featured_media":29794,"template":"","meta":{"_acf_changed":false,"_relevanssi_hide_post":"","_relevanssi_hide_content":"","_relevanssi_pin_for_all":"","_relevanssi_pin_keywords":"","_relevanssi_unpin_keywords":"","_relevanssi_related_keywords":"","_relevanssi_related_include_ids":"","_relevanssi_related_exclude_ids":"","_relevanssi_related_no_append":"","_relevanssi_related_not_related":"","_relevanssi_related_posts":"","_relevanssi_noindex_reason":""},"product_brand":[],"product_cat":[5024,5035,5023],"product_tag":[],"class_list":{"0":"post-9886","1":"product","2":"type-product","3":"status-publish","4":"has-post-thumbnail","6":"product_cat-chauves-souris","7":"product_cat-gites-a-encastrer-pour-chauves-souris","8":"product_cat-gites-et-nichoirs-a-encastrer","9":"pa_binnenmaat-b-x-h-x-d-cm-16-x-425-x-22-fr","10":"pa_buitenmaat-b-x-h-x-d-cm-21-x-50-x-15-fr","11":"pa_gewicht-kg-4838","12":"pa_kleur-gris","13":"pa_materiaal-beton-de-bois","14":"pa_materiaal-contreplaque-fsc","15":"pa_materiaal-voor-filter-beton-de-bois","16":"pa_soort-murin-a-moustaches","17":"pa_soort-murin-des-marais","18":"pa_soort-pipistrelle-commune","19":"pa_soort-pipistrelle-de-nathusius","20":"pa_soort-pipistrelle-pygmee","21":"pa_soort-serotine-commune","22":"pa_soortgroep-chauves-souris","24":"first","25":"instock","26":"purchasable","27":"product-type-simple"},"acf":[],"_links":{"self":[{"href":"https:\/\/viva.ezxdemo.com\/fr\/wp-json\/wp\/v2\/product\/9886","targetHints":{"allow":["GET"]}}],"collection":[{"href":"https:\/\/viva.ezxdemo.com\/fr\/wp-json\/wp\/v2\/product"}],"about":[{"href":"https:\/\/viva.ezxdemo.com\/fr\/wp-json\/wp\/v2\/types\/product"}],"wp:featuredmedia":[{"embeddable":true,"href":"https:\/\/viva.ezxdemo.com\/fr\/wp-json\/wp\/v2\/media\/29794"}],"wp:attachment":[{"href":"https:\/\/viva.ezxdemo.com\/fr\/wp-json\/wp\/v2\/media?parent=9886"}],"wp:term":[{"taxonomy":"product_brand","embeddable":true,"href":"https:\/\/viva.ezxdemo.com\/fr\/wp-json\/wp\/v2\/product_brand?post=9886"},{"taxonomy":"product_cat","embeddable":true,"href":"https:\/\/viva.ezxdemo.com\/fr\/wp-json\/wp\/v2\/product_cat?post=9886"},{"taxonomy":"product_tag","embeddable":true,"href":"https:\/\/viva.ezxdemo.com\/fr\/wp-json\/wp\/v2\/product_tag?post=9886"}],"curies":[{"name":"wp","href":"https:\/\/api.w.org\/{rel}","templated":true}]}}