{"id":9887,"date":"2023-12-20T19:08:38","date_gmt":"2023-12-20T18:08:38","guid":{"rendered":"https:\/\/vivarapro.nl\/product\/kn-hz-04-nid-dhirondelles-de-fenetre-gauche\/"},"modified":"2025-10-29T20:59:46","modified_gmt":"2025-10-29T19:59:46","slug":"kn-hz-04-nid-dhirondelles-de-fenetre-gauche","status":"publish","type":"product","link":"https:\/\/viva.ezxdemo.com\/fr\/produit\/kn-hz-04-nid-dhirondelles-de-fenetre-gauche\/","title":{"rendered":"KN HZ 04 Nid d\u2019hirondelles de fen\u00eatre (gauche)"},"content":{"rendered":"<p>Vu de face, ce nid artificiel unique pr\u00e9sente le trou d\u2019envol sur le c\u00f4t\u00e9 gauche du nid. Il est fabriqu\u00e9 \u00e0 100\u00a0% en WoodStone\u00ae. La partie ronde des nichoirs n\u2019est pas amovible.<\/p>\n","protected":false},"excerpt":{"rendered":"<p>KN HZ 04 Nid d\u2019hirondelles de fen\u00eatre (gauche) | Vivara Pro | Le plus grand fabricant europ\u00e9en de solutions de nidification pour les chauves-souris, les oiseaux et la faune sauvage<\/p>\n","protected":false},"featured_media":31575,"template":"","meta":{"_acf_changed":false,"_relevanssi_hide_post":"","_relevanssi_hide_content":"","_relevanssi_pin_for_all":"","_relevanssi_pin_keywords":"","_relevanssi_unpin_keywords":"","_relevanssi_related_keywords":"","_relevanssi_related_include_ids":"","_relevanssi_related_exclude_ids":"","_relevanssi_related_no_append":"","_relevanssi_related_not_related":"","_relevanssi_related_posts":"","_relevanssi_noindex_reason":""},"product_brand":[],"product_cat":[5027,5040,5048,5047,7868],"product_tag":[],"class_list":{"0":"post-9887","1":"product","2":"type-product","3":"status-publish","4":"has-post-thumbnail","6":"product_cat-hirondelles","7":"product_cat-nichoirs-muraux","8":"product_cat-nichoirs-muraux-pour-hirondelles","9":"product_cat-nichoirs-pour-hirondelles-de-fenetre","10":"product_cat-nichoirs","11":"pa_binnenmaat-b-x-h-x-d-cm-11-x-6-x-10-fr","12":"pa_buitenmaat-b-x-h-x-d-cm-20-x-125-x-165-fr","13":"pa_gewicht-kg-4848","14":"pa_kleur-blanc-gris","15":"pa_materiaal-woodstone-fr","16":"pa_materiaal-voor-filter-beton-de-bois","17":"pa_soort-hirondelle-de-fenetre","18":"pa_soortgroep-hirondelles","20":"first","21":"instock","22":"purchasable","23":"product-type-simple"},"acf":[],"_links":{"self":[{"href":"https:\/\/viva.ezxdemo.com\/fr\/wp-json\/wp\/v2\/product\/9887","targetHints":{"allow":["GET"]}}],"collection":[{"href":"https:\/\/viva.ezxdemo.com\/fr\/wp-json\/wp\/v2\/product"}],"about":[{"href":"https:\/\/viva.ezxdemo.com\/fr\/wp-json\/wp\/v2\/types\/product"}],"wp:featuredmedia":[{"embeddable":true,"href":"https:\/\/viva.ezxdemo.com\/fr\/wp-json\/wp\/v2\/media\/31575"}],"wp:attachment":[{"href":"https:\/\/viva.ezxdemo.com\/fr\/wp-json\/wp\/v2\/media?parent=9887"}],"wp:term":[{"taxonomy":"product_brand","embeddable":true,"href":"https:\/\/viva.ezxdemo.com\/fr\/wp-json\/wp\/v2\/product_brand?post=9887"},{"taxonomy":"product_cat","embeddable":true,"href":"https:\/\/viva.ezxdemo.com\/fr\/wp-json\/wp\/v2\/product_cat?post=9887"},{"taxonomy":"product_tag","embeddable":true,"href":"https:\/\/viva.ezxdemo.com\/fr\/wp-json\/wp\/v2\/product_tag?post=9887"}],"curies":[{"name":"wp","href":"https:\/\/api.w.org\/{rel}","templated":true}]}}