{"id":9888,"date":"2023-12-20T19:08:38","date_gmt":"2023-12-20T18:08:38","guid":{"rendered":"https:\/\/vivarapro.nl\/product\/kn-hz-10-nid-dhirondelles-de-fenetre\/"},"modified":"2025-10-29T20:59:47","modified_gmt":"2025-10-29T19:59:47","slug":"kn-hz-10-nid-dhirondelles-de-fenetre","status":"publish","type":"product","link":"https:\/\/viva.ezxdemo.com\/fr\/produit\/kn-hz-10-nid-dhirondelles-de-fenetre\/","title":{"rendered":"KN HZ 10 Nid d\u2019hirondelles de fen\u00eatre"},"content":{"rendered":"<p>Ce nid artificiel unique est \u00e9quip\u00e9 d\u2019un syst\u00e8me de tiroirs permettant de retirer facilement la partie ronde du nid afin de la nettoyer apr\u00e8s la saison de reproduction. N\u2019ouvrez jamais les nids pendant la saison de reproduction, car cela perturbe le processus.<\/p>\n","protected":false},"excerpt":{"rendered":"<p>KN HZ 10 Nid d\u2019hirondelles de fen\u00eatre | Vivara Pro | Le plus grand fabricant europ\u00e9en de solutions de nidification pour les chauves-souris, les oiseaux et la faune sauvage<\/p>\n","protected":false},"featured_media":31729,"template":"","meta":{"_acf_changed":false,"_relevanssi_hide_post":"","_relevanssi_hide_content":"","_relevanssi_pin_for_all":"","_relevanssi_pin_keywords":"","_relevanssi_unpin_keywords":"","_relevanssi_related_keywords":"","_relevanssi_related_include_ids":"","_relevanssi_related_exclude_ids":"","_relevanssi_related_no_append":"","_relevanssi_related_not_related":"","_relevanssi_related_posts":"","_relevanssi_noindex_reason":""},"product_brand":[],"product_cat":[5027,5040,5048,5047,7868],"product_tag":[],"class_list":{"0":"post-9888","1":"product","2":"type-product","3":"status-publish","4":"has-post-thumbnail","6":"product_cat-hirondelles","7":"product_cat-nichoirs-muraux","8":"product_cat-nichoirs-muraux-pour-hirondelles","9":"product_cat-nichoirs-pour-hirondelles-de-fenetre","10":"product_cat-nichoirs","11":"pa_binnenmaat-b-x-h-x-d-cm-115-x-6-x-10-fr","12":"pa_buitenmaat-b-x-h-x-d-cm-20-x-11-x-16-fr","13":"pa_gewicht-kg-22-fr","14":"pa_kleur-gris","15":"pa_materiaal-beton-de-bois","16":"pa_materiaal-contreplaque-fsc","17":"pa_materiaal-voor-filter-beton-de-bois","18":"pa_soort-hirondelle-de-fenetre","19":"pa_soortgroep-hirondelles","21":"first","22":"instock","23":"purchasable","24":"product-type-simple"},"acf":[],"_links":{"self":[{"href":"https:\/\/viva.ezxdemo.com\/fr\/wp-json\/wp\/v2\/product\/9888","targetHints":{"allow":["GET"]}}],"collection":[{"href":"https:\/\/viva.ezxdemo.com\/fr\/wp-json\/wp\/v2\/product"}],"about":[{"href":"https:\/\/viva.ezxdemo.com\/fr\/wp-json\/wp\/v2\/types\/product"}],"wp:featuredmedia":[{"embeddable":true,"href":"https:\/\/viva.ezxdemo.com\/fr\/wp-json\/wp\/v2\/media\/31729"}],"wp:attachment":[{"href":"https:\/\/viva.ezxdemo.com\/fr\/wp-json\/wp\/v2\/media?parent=9888"}],"wp:term":[{"taxonomy":"product_brand","embeddable":true,"href":"https:\/\/viva.ezxdemo.com\/fr\/wp-json\/wp\/v2\/product_brand?post=9888"},{"taxonomy":"product_cat","embeddable":true,"href":"https:\/\/viva.ezxdemo.com\/fr\/wp-json\/wp\/v2\/product_cat?post=9888"},{"taxonomy":"product_tag","embeddable":true,"href":"https:\/\/viva.ezxdemo.com\/fr\/wp-json\/wp\/v2\/product_tag?post=9888"}],"curies":[{"name":"wp","href":"https:\/\/api.w.org\/{rel}","templated":true}]}}