{"id":9890,"date":"2023-12-20T19:15:02","date_gmt":"2023-12-20T18:15:02","guid":{"rendered":"https:\/\/vivarapro.nl\/product\/ib-vl-16-nichoir-a-encastrer\/"},"modified":"2025-10-29T21:01:22","modified_gmt":"2025-10-29T20:01:22","slug":"ib-vl-16-nichoir-a-encastrer","status":"publish","type":"product","link":"https:\/\/viva.ezxdemo.com\/fr\/produit\/ib-vl-16-nichoir-a-encastrer\/","title":{"rendered":"IB VL 34 G\u00eete \u00e0 encastrer pour chauves-souris"},"content":{"rendered":"<p class=\"\" data-start=\"62\" data-end=\"509\">Ce g\u00eete \u00e0 encastrer pour chauves-souris IB VL 34 s\u2019utilise en combinaison avec <a href=\"https:\/\/www.vivarapro.fr\/produit\/ib-vl-12-nichoir-a-encastrer\/\" target=\"_blank\" rel=\"noopener\">le g\u00eete \u00e0 encastrer IB VL 33<\/a>\u00a0dans les b\u00e2timents neufs ou en r\u00e9novation. Avant la pose, les petits blocs de b\u00e9ton de bois situ\u00e9s sur les c\u00f4t\u00e9s doivent \u00eatre retir\u00e9s. Ce retrait se fait tr\u00e8s facilement. Les g\u00eetes \u00e0 encastrer peuvent \u00eatre reli\u00e9s ensemble aussi bien du c\u00f4t\u00e9 gauche que du c\u00f4t\u00e9 droit. Plusieurs g\u00eetes IB VL 34 peuvent \u00e9galement \u00eatre plac\u00e9s c\u00f4te \u00e0 c\u00f4te dans le mur afin de cr\u00e9er un vaste refuge pour chauves-souris \u00e0 l\u2019int\u00e9rieur du mur creux.<\/p>\n<p class=\"\" data-start=\"511\" data-end=\"619\"><strong data-start=\"511\" data-end=\"619\">Il convient comme g\u00eete d\u2019\u00e9t\u00e9, g\u00eete d\u2019accouplement et g\u00eete de maternit\u00e9 (en reliant au minimum 3\u00a0g\u00eetes) pour les esp\u00e8ces suivantes :<\/strong><\/p>\n<ul data-start=\"621\" data-end=\"734\">\n<li class=\"\" data-start=\"621\" data-end=\"643\">\n<p class=\"\" data-start=\"623\" data-end=\"643\">la pipistrelle commune<\/p>\n<\/li>\n<li class=\"\" data-start=\"644\" data-end=\"670\">\n<p class=\"\" data-start=\"646\" data-end=\"670\">la pipistrelle de Nathusius<\/p>\n<\/li>\n<li class=\"\" data-start=\"671\" data-end=\"694\">\n<p class=\"\" data-start=\"673\" data-end=\"694\">la pipistrelle pygm\u00e9e<\/p>\n<\/li>\n<li class=\"\" data-start=\"695\" data-end=\"711\">\n<p class=\"\" data-start=\"697\" data-end=\"711\">la s\u00e9rotine commune<\/p>\n<\/li>\n<li class=\"\" data-start=\"712\" data-end=\"734\">\n<p class=\"\" data-start=\"714\" data-end=\"734\">la s\u00e9rotine bicolore<\/p>\n<\/li>\n<\/ul>\n<p class=\"\" data-start=\"736\" data-end=\"777\"><strong data-start=\"736\" data-end=\"777\">Il peut \u00eatre utilis\u00e9 pendant les hivers doux par :<\/strong><\/p>\n<ul data-start=\"779\" data-end=\"801\">\n<li class=\"\" data-start=\"779\" data-end=\"801\">\n<p class=\"\" data-start=\"781\" data-end=\"801\">la pipistrelle commune<\/p>\n<\/li>\n<\/ul>\n<p class=\"\" data-start=\"803\" data-end=\"856\"><strong data-start=\"803\" data-end=\"854\">Pour les chauves-souris, plus il y a d\u2019espace disponible, mieux c\u2019est\u00a0!<\/strong><\/p>\n","protected":false},"excerpt":{"rendered":"<p>Ce g\u00eete \u00e0 encastrer pour chauves-souris IB VL 34 s\u2019utilise en combinaison avec le g\u00eete \u00e0 encastrer IB VL 33\u00a0dans les b\u00e2timents neufs ou en r\u00e9novation. Avant la pose, les petits blocs de b\u00e9ton de bois situ\u00e9s sur les c\u00f4t\u00e9s doivent \u00eatre retir\u00e9s. Ce retrait se fait tr\u00e8s facilement. Les g\u00eetes \u00e0 encastrer peuvent \u00eatre [&hellip;]<\/p>\n","protected":false},"featured_media":30015,"template":"","meta":{"_acf_changed":false,"_relevanssi_hide_post":"","_relevanssi_hide_content":"","_relevanssi_pin_for_all":"","_relevanssi_pin_keywords":"","_relevanssi_unpin_keywords":"","_relevanssi_related_keywords":"","_relevanssi_related_include_ids":"","_relevanssi_related_exclude_ids":"","_relevanssi_related_no_append":"","_relevanssi_related_not_related":"","_relevanssi_related_posts":"","_relevanssi_noindex_reason":""},"product_brand":[],"product_cat":[5024,5035,5023],"product_tag":[],"class_list":{"0":"post-9890","1":"product","2":"type-product","3":"status-publish","4":"has-post-thumbnail","6":"product_cat-chauves-souris","7":"product_cat-gites-a-encastrer-pour-chauves-souris","8":"product_cat-gites-et-nichoirs-a-encastrer","9":"pa_binnenmaat-b-x-h-x-d-cm-16-x-45-x-2-fr","10":"pa_buitenmaat-b-x-h-x-d-cm-21-x-50-x-10-fr","11":"pa_gewicht-kg-6-fr","12":"pa_kleur-gris","13":"pa_materiaal-beton-de-bois","14":"pa_materiaal-contreplaque-fsc","15":"pa_materiaal-voor-filter-beton-de-bois","16":"pa_soort-murin-a-moustaches","17":"pa_soort-murin-des-marais","18":"pa_soort-pipistrelle-commune","19":"pa_soort-pipistrelle-de-nathusius","20":"pa_soort-pipistrelle-pygmee","21":"pa_soortgroep-chauves-souris","23":"first","24":"instock","25":"purchasable","26":"product-type-simple"},"acf":[],"_links":{"self":[{"href":"https:\/\/viva.ezxdemo.com\/fr\/wp-json\/wp\/v2\/product\/9890","targetHints":{"allow":["GET"]}}],"collection":[{"href":"https:\/\/viva.ezxdemo.com\/fr\/wp-json\/wp\/v2\/product"}],"about":[{"href":"https:\/\/viva.ezxdemo.com\/fr\/wp-json\/wp\/v2\/types\/product"}],"wp:featuredmedia":[{"embeddable":true,"href":"https:\/\/viva.ezxdemo.com\/fr\/wp-json\/wp\/v2\/media\/30015"}],"wp:attachment":[{"href":"https:\/\/viva.ezxdemo.com\/fr\/wp-json\/wp\/v2\/media?parent=9890"}],"wp:term":[{"taxonomy":"product_brand","embeddable":true,"href":"https:\/\/viva.ezxdemo.com\/fr\/wp-json\/wp\/v2\/product_brand?post=9890"},{"taxonomy":"product_cat","embeddable":true,"href":"https:\/\/viva.ezxdemo.com\/fr\/wp-json\/wp\/v2\/product_cat?post=9890"},{"taxonomy":"product_tag","embeddable":true,"href":"https:\/\/viva.ezxdemo.com\/fr\/wp-json\/wp\/v2\/product_tag?post=9890"}],"curies":[{"name":"wp","href":"https:\/\/api.w.org\/{rel}","templated":true}]}}