{"id":9919,"date":"2023-12-20T19:03:26","date_gmt":"2023-12-20T18:03:26","guid":{"rendered":"https:\/\/vivarapro.nl\/product\/ib-vl-09-pierre-dentree-pour-les-chauves-souris\/"},"modified":"2025-10-29T20:59:56","modified_gmt":"2025-10-29T19:59:56","slug":"ib-vl-09-pierre-dentree-pour-les-chauves-souris","status":"publish","type":"product","link":"https:\/\/viva.ezxdemo.com\/fr\/produit\/ib-vl-09-pierre-dentree-pour-les-chauves-souris\/","title":{"rendered":"IB VL 09 Pierre d\u2019entr\u00e9e pour chauves-souris"},"content":{"rendered":"<p>Cette pierre d\u2019entr\u00e9e peut \u00eatre int\u00e9gr\u00e9e directement \u00e0 la fa\u00e7ade. Les esp\u00e8ces qui l\u2019utiliseront d\u00e9pendent de la zone d\u2019installation et des esp\u00e8ces d\u00e9j\u00e0 pr\u00e9sentes. Cette pierre d\u2019entr\u00e9e convient particuli\u00e8rement \u00e0 la pipistrelle commune, la pipistrelle de Nathusius, la pipistrelle pygm\u00e9e, la s\u00e9rotine commune et la s\u00e9rotine bicolore. La pierre est dot\u00e9e d\u2019une fente \u00e0 l\u2019avant qui sert d\u2019acc\u00e8s au mur creux. Cette ouverture mesure 2\u00a0cm de hauteur sur 15\u00a0cm de largeur, avec une surface inf\u00e9rieure inclin\u00e9e. La pierre est enti\u00e8rement fabriqu\u00e9e en WoodStone\u00ae, un mat\u00e9riau durable. Il s\u2019agit d\u2019un mat\u00e9riau naturel o\u00f9 aucun additif chimique n\u2019a \u00e9t\u00e9 utilis\u00e9. Gr\u00e2ce \u00e0 sa surface rugueuse, il offre une excellente accroche aux chauves-souris.<\/p>\n","protected":false},"excerpt":{"rendered":"<p>IB VL 09 Pierre d\u2019entr\u00e9e pour chauves-souris | Vivara Pro | Le plus grand fabricant europ\u00e9en de solutions de nidification pour les chauves-souris, les oiseaux et la faune sauvage<\/p>\n","protected":false},"featured_media":29822,"template":"","meta":{"_acf_changed":false,"_relevanssi_hide_post":"","_relevanssi_hide_content":"","_relevanssi_pin_for_all":"","_relevanssi_pin_keywords":"","_relevanssi_unpin_keywords":"","_relevanssi_related_keywords":"","_relevanssi_related_include_ids":"","_relevanssi_related_exclude_ids":"","_relevanssi_related_no_append":"","_relevanssi_related_not_related":"","_relevanssi_related_posts":"","_relevanssi_noindex_reason":""},"product_brand":[],"product_cat":[5024,5035,5023],"product_tag":[],"class_list":{"0":"post-9919","1":"product","2":"type-product","3":"status-publish","4":"has-post-thumbnail","6":"product_cat-chauves-souris","7":"product_cat-gites-a-encastrer-pour-chauves-souris","8":"product_cat-gites-et-nichoirs-a-encastrer","9":"pa_buitenmaat-b-x-h-x-d-cm-21-x-11-x-10-fr","10":"pa_gewicht-kg-36-fr","11":"pa_kleur-gris","12":"pa_materiaal-woodstone-fr","13":"pa_materiaal-voor-filter-beton-de-bois","14":"pa_soort-murin-a-moustaches","15":"pa_soort-murin-de-daubenton","16":"pa_soort-murin-de-natterer","17":"pa_soort-murin-des-marais","18":"pa_soort-oreillard-roux","19":"pa_soort-pipistrelle-commune","20":"pa_soort-pipistrelle-de-nathusius","21":"pa_soort-pipistrelle-pygmee","22":"pa_soort-serotine-commune","23":"pa_soortgroep-chauves-souris","25":"first","26":"instock","27":"purchasable","28":"product-type-simple"},"acf":[],"_links":{"self":[{"href":"https:\/\/viva.ezxdemo.com\/fr\/wp-json\/wp\/v2\/product\/9919","targetHints":{"allow":["GET"]}}],"collection":[{"href":"https:\/\/viva.ezxdemo.com\/fr\/wp-json\/wp\/v2\/product"}],"about":[{"href":"https:\/\/viva.ezxdemo.com\/fr\/wp-json\/wp\/v2\/types\/product"}],"wp:featuredmedia":[{"embeddable":true,"href":"https:\/\/viva.ezxdemo.com\/fr\/wp-json\/wp\/v2\/media\/29822"}],"wp:attachment":[{"href":"https:\/\/viva.ezxdemo.com\/fr\/wp-json\/wp\/v2\/media?parent=9919"}],"wp:term":[{"taxonomy":"product_brand","embeddable":true,"href":"https:\/\/viva.ezxdemo.com\/fr\/wp-json\/wp\/v2\/product_brand?post=9919"},{"taxonomy":"product_cat","embeddable":true,"href":"https:\/\/viva.ezxdemo.com\/fr\/wp-json\/wp\/v2\/product_cat?post=9919"},{"taxonomy":"product_tag","embeddable":true,"href":"https:\/\/viva.ezxdemo.com\/fr\/wp-json\/wp\/v2\/product_tag?post=9919"}],"curies":[{"name":"wp","href":"https:\/\/api.w.org\/{rel}","templated":true}]}}