{"id":9920,"date":"2023-12-20T19:13:08","date_gmt":"2023-12-20T18:13:08","guid":{"rendered":"https:\/\/vivarapro.nl\/product\/nk-bi-01-nichoir-ovale\/"},"modified":"2025-10-29T20:59:56","modified_gmt":"2025-10-29T19:59:56","slug":"nk-bi-01-nichoir-ovale","status":"publish","type":"product","link":"https:\/\/viva.ezxdemo.com\/fr\/produit\/nk-bi-01-nichoir-ovale\/","title":{"rendered":"NK BI 01 Nichoir ovale"},"content":{"rendered":"<p>Ce nichoir en 100\u00a0% WoodStone\u00ae offre une protection contre les martres et des possibilit\u00e9s de nidification pour les moineaux domestiques, les moineaux friquets et les parulines ceintur\u00e9es, entre autres. Les m\u00e9sanges, les sittelles torchepots et les gobe-mouches noirs y trouvent aussi refuge. Sa fa\u00e7ade noire le rend plus discret dans les endroits o\u00f9 l\u2019on souhaite limiter sa visibilit\u00e9.<\/p>\n","protected":false},"excerpt":{"rendered":"<p>NK BI 01 Nichoir ovale | Vivara Pro | Le plus grand fabricant europ\u00e9en de solutions de nidification pour les chauves-souris, les oiseaux et la faune sauvage<\/p>\n","protected":false},"featured_media":9938,"template":"","meta":{"_acf_changed":false,"_relevanssi_hide_post":"","_relevanssi_hide_content":"","_relevanssi_pin_for_all":"","_relevanssi_pin_keywords":"","_relevanssi_unpin_keywords":"","_relevanssi_related_keywords":"","_relevanssi_related_include_ids":"","_relevanssi_related_exclude_ids":"","_relevanssi_related_no_append":"","_relevanssi_related_not_related":"","_relevanssi_related_posts":"","_relevanssi_noindex_reason":""},"product_brand":[],"product_cat":[5026,5051,5040,5043,5059,5029,7868],"product_tag":[],"class_list":{"0":"post-9920","1":"product","2":"type-product","3":"status-publish","4":"has-post-thumbnail","6":"product_cat-moineaux-domestiques","7":"product_cat-nichoirs-a-moineaux-domestiques","8":"product_cat-nichoirs-muraux","9":"product_cat-nichoirs-muraux-pour-moineaux-domestiques","10":"product_cat-nichoirs-pour-les-rouge-queues-a-front-blanc","11":"product_cat-nichoirs-oiseaux-chanteurs","12":"product_cat-nichoirs","13":"pa_binnenmaat-b-x-h-x-d-cm-12-x-24-x-12-fr","14":"pa_buitenmaat-b-x-h-x-d-cm-21-x-305-x-19-fr","15":"pa_gewicht-kg-environ-6","16":"pa_invliegopening-ovale","17":"pa_kleur-marron-noir","18":"pa_materiaal-woodstone-fr","19":"pa_materiaal-voor-filter-beton-de-bois","20":"pa_soort-moineau-domestique","21":"pa_soort-rougequeue-a-front-blanc","22":"pa_soortgroep-oiseaux-chanteurs","24":"first","25":"instock","26":"purchasable","27":"product-type-simple"},"acf":[],"_links":{"self":[{"href":"https:\/\/viva.ezxdemo.com\/fr\/wp-json\/wp\/v2\/product\/9920","targetHints":{"allow":["GET"]}}],"collection":[{"href":"https:\/\/viva.ezxdemo.com\/fr\/wp-json\/wp\/v2\/product"}],"about":[{"href":"https:\/\/viva.ezxdemo.com\/fr\/wp-json\/wp\/v2\/types\/product"}],"wp:featuredmedia":[{"embeddable":true,"href":"https:\/\/viva.ezxdemo.com\/fr\/wp-json\/wp\/v2\/media\/9938"}],"wp:attachment":[{"href":"https:\/\/viva.ezxdemo.com\/fr\/wp-json\/wp\/v2\/media?parent=9920"}],"wp:term":[{"taxonomy":"product_brand","embeddable":true,"href":"https:\/\/viva.ezxdemo.com\/fr\/wp-json\/wp\/v2\/product_brand?post=9920"},{"taxonomy":"product_cat","embeddable":true,"href":"https:\/\/viva.ezxdemo.com\/fr\/wp-json\/wp\/v2\/product_cat?post=9920"},{"taxonomy":"product_tag","embeddable":true,"href":"https:\/\/viva.ezxdemo.com\/fr\/wp-json\/wp\/v2\/product_tag?post=9920"}],"curies":[{"name":"wp","href":"https:\/\/api.w.org\/{rel}","templated":true}]}}