{"id":9942,"date":"2023-12-20T19:10:55","date_gmt":"2023-12-20T18:10:55","guid":{"rendered":"https:\/\/vivarapro.nl\/product\/ip-wa-04-mur-dinsectes\/"},"modified":"2025-10-29T20:59:58","modified_gmt":"2025-10-29T19:59:58","slug":"ip-wa-04-mur-dinsectes","status":"publish","type":"product","link":"https:\/\/viva.ezxdemo.com\/fr\/produit\/ip-wa-04-mur-dinsectes\/","title":{"rendered":"IP WA 04 H\u00f4tel \u00e0 insectes"},"content":{"rendered":"<p>Cet h\u00f4tel \u00e0 insectes est utile \u00e0 plusieurs esp\u00e8ces d\u2019abeilles et de gu\u00eapes solitaires comme support de nidification. Les quatre casiers int\u00e9gr\u00e9s sont principalement garnis de tiges de bambou et de roseaux, de diam\u00e8tres internes variant g\u00e9n\u00e9ralement entre 2 et 10\u00a0mm, permettant \u00e0 plusieurs esp\u00e8ces d\u2019y pondre leurs \u0153ufs. Le m\u00e9lange de bambous contient aussi des tubes de plus gros diam\u00e8tre ainsi que des tiges partiellement ferm\u00e9es ou obtur\u00e9es, mais ce n\u2019est pas un probl\u00e8me car il reste toujours assez de tiges adapt\u00e9es. L\u2019h\u00f4tel est fabriqu\u00e9 avec un cadre et un toit en sapin de Douglas, compl\u00e9t\u00e9s par des supports m\u00e9talliques qui assurent un ancrage stable dans le sol. Les casiers garnis de bambou s\u2019ins\u00e8rent facilement dans la structure. Si vous le souhaitez, vous pouvez tendre un filet devant les casiers afin d\u2019emp\u00eacher certains oiseaux, comme les m\u00e9sanges, de manger les larves. Ces parois sont fabriqu\u00e9es dans l\u2019atelier social de Natuurpunt, \u00e0 Ekeren<\/p>\n","protected":false},"excerpt":{"rendered":"<p>IP WA 04 H\u00f4tel \u00e0 insectes | Vivara Pro | Le plus grand fabricant europ\u00e9en de solutions de nidification pour les chauves-souris, les oiseaux et la faune sauvage<\/p>\n","protected":false},"featured_media":9947,"template":"","meta":{"_acf_changed":false,"_relevanssi_hide_post":"","_relevanssi_hide_content":"","_relevanssi_pin_for_all":"","_relevanssi_pin_keywords":"","_relevanssi_unpin_keywords":"","_relevanssi_related_keywords":"","_relevanssi_related_include_ids":"","_relevanssi_related_exclude_ids":"","_relevanssi_related_no_append":"","_relevanssi_related_not_related":"","_relevanssi_related_posts":"","_relevanssi_noindex_reason":""},"product_brand":[],"product_cat":[5057,5031],"product_tag":[],"class_list":{"0":"post-9942","1":"product","2":"type-product","3":"status-publish","4":"has-post-thumbnail","6":"product_cat-hotel-a-insectes","7":"product_cat-nichoirs-a-insectes","8":"pa_buitenmaat-b-x-h-x-d-cm-160-x-240-x-126-fr","9":"pa_kleur-naturel-fr","10":"pa_materiaal-bois-douglas","11":"pa_materiaal-voor-filter-bois-fsc","12":"pa_soort-abeilles-solitaires","13":"pa_soortgroep-abeilles-solitaires","14":"pa_soortgroep-insectes","16":"first","17":"instock","18":"purchasable","19":"product-type-simple"},"acf":[],"_links":{"self":[{"href":"https:\/\/viva.ezxdemo.com\/fr\/wp-json\/wp\/v2\/product\/9942","targetHints":{"allow":["GET"]}}],"collection":[{"href":"https:\/\/viva.ezxdemo.com\/fr\/wp-json\/wp\/v2\/product"}],"about":[{"href":"https:\/\/viva.ezxdemo.com\/fr\/wp-json\/wp\/v2\/types\/product"}],"wp:featuredmedia":[{"embeddable":true,"href":"https:\/\/viva.ezxdemo.com\/fr\/wp-json\/wp\/v2\/media\/9947"}],"wp:attachment":[{"href":"https:\/\/viva.ezxdemo.com\/fr\/wp-json\/wp\/v2\/media?parent=9942"}],"wp:term":[{"taxonomy":"product_brand","embeddable":true,"href":"https:\/\/viva.ezxdemo.com\/fr\/wp-json\/wp\/v2\/product_brand?post=9942"},{"taxonomy":"product_cat","embeddable":true,"href":"https:\/\/viva.ezxdemo.com\/fr\/wp-json\/wp\/v2\/product_cat?post=9942"},{"taxonomy":"product_tag","embeddable":true,"href":"https:\/\/viva.ezxdemo.com\/fr\/wp-json\/wp\/v2\/product_tag?post=9942"}],"curies":[{"name":"wp","href":"https:\/\/api.w.org\/{rel}","templated":true}]}}