{"id":9944,"date":"2023-12-20T19:17:54","date_gmt":"2023-12-20T18:17:54","guid":{"rendered":"https:\/\/vivarapro.nl\/product\/kn-hz-12-planche-a-fumier\/"},"modified":"2026-02-24T11:38:11","modified_gmt":"2026-02-24T10:38:11","slug":"kn-hz-12-planche-a-fumier","status":"publish","type":"product","link":"https:\/\/viva.ezxdemo.com\/fr\/produit\/kn-hz-12-planche-a-fumier\/","title":{"rendered":"KN HZ 12 Planche \u00e0 fientes"},"content":{"rendered":"<p>Cette planche \u00e0 fientes permet de collecter les d\u00e9jections produites par les hirondelles de fen\u00eatre. Nous avons laiss\u00e9 un espace de 2\u00a0cm entre le pignon et l\u2019arri\u00e8re de la planche, afin de permettre \u00e9ventuellement aux chauves-souris de se glisser derri\u00e8re. Cela emp\u00eache aussi les hirondelles de construire un nouveau nid sous la planche \u00e0 fientes.<\/p>\n","protected":false},"excerpt":{"rendered":"<p>KN HZ 12 Planche \u00e0 fientes | Vivara Pro | Le plus grand fabricant europ\u00e9en de solutions de nidification pour les chauves-souris, les oiseaux et la faune sauvage<\/p>\n","protected":false},"featured_media":31758,"template":"","meta":{"_acf_changed":false,"_relevanssi_hide_post":"","_relevanssi_hide_content":"","_relevanssi_pin_for_all":"","_relevanssi_pin_keywords":"","_relevanssi_unpin_keywords":"","_relevanssi_related_keywords":"","_relevanssi_related_include_ids":"","_relevanssi_related_exclude_ids":"","_relevanssi_related_no_append":"","_relevanssi_related_not_related":"","_relevanssi_related_posts":"","_relevanssi_noindex_reason":""},"product_brand":[],"product_cat":[5027,5048,5047],"product_tag":[],"class_list":{"0":"post-9944","1":"product","2":"type-product","3":"status-publish","4":"has-post-thumbnail","6":"product_cat-hirondelles","7":"product_cat-nichoirs-muraux-pour-hirondelles","8":"product_cat-nichoirs-pour-hirondelles-de-fenetre","9":"pa_buitenmaat-b-x-h-x-d-cm-50-x-29-x-18-fr","10":"pa_gewicht-kg-2-fr","11":"pa_kleur-blanc","12":"pa_materiaal-mulitplex-etanche","13":"pa_materiaal-voor-filter-bois-fsc","14":"pa_soort-hirondelle-de-fenetre","15":"pa_soortgroep-hirondelles","17":"first","18":"instock","19":"purchasable","20":"product-type-simple"},"acf":[],"_links":{"self":[{"href":"https:\/\/viva.ezxdemo.com\/fr\/wp-json\/wp\/v2\/product\/9944","targetHints":{"allow":["GET"]}}],"collection":[{"href":"https:\/\/viva.ezxdemo.com\/fr\/wp-json\/wp\/v2\/product"}],"about":[{"href":"https:\/\/viva.ezxdemo.com\/fr\/wp-json\/wp\/v2\/types\/product"}],"wp:featuredmedia":[{"embeddable":true,"href":"https:\/\/viva.ezxdemo.com\/fr\/wp-json\/wp\/v2\/media\/31758"}],"wp:attachment":[{"href":"https:\/\/viva.ezxdemo.com\/fr\/wp-json\/wp\/v2\/media?parent=9944"}],"wp:term":[{"taxonomy":"product_brand","embeddable":true,"href":"https:\/\/viva.ezxdemo.com\/fr\/wp-json\/wp\/v2\/product_brand?post=9944"},{"taxonomy":"product_cat","embeddable":true,"href":"https:\/\/viva.ezxdemo.com\/fr\/wp-json\/wp\/v2\/product_cat?post=9944"},{"taxonomy":"product_tag","embeddable":true,"href":"https:\/\/viva.ezxdemo.com\/fr\/wp-json\/wp\/v2\/product_tag?post=9944"}],"curies":[{"name":"wp","href":"https:\/\/api.w.org\/{rel}","templated":true}]}}