{"id":9945,"date":"2023-12-20T19:03:26","date_gmt":"2023-12-20T18:03:26","guid":{"rendered":"https:\/\/vivarapro.nl\/product\/ib-vl-10-nichoir-a-encastrer\/"},"modified":"2025-10-29T20:59:59","modified_gmt":"2025-10-29T19:59:59","slug":"ib-vl-10-nichoir-a-encastrer","status":"publish","type":"product","link":"https:\/\/viva.ezxdemo.com\/fr\/produit\/ib-vl-10-nichoir-a-encastrer\/","title":{"rendered":"IB VL 10 G\u00eete \u00e0 encastrer"},"content":{"rendered":"<p>Remarque\u00a0! Ce g\u00eete doit toujours \u00eatre utilis\u00e9 en combinaison avec la pierre d\u2019entr\u00e9e IB VL\u00a009, ma\u00e7onn\u00e9e directement dans le mur ext\u00e9rieur. La conception chanfrein\u00e9e \u00e0 l\u2019int\u00e9rieur de l\u2019IB VL\u00a010 permet aux d\u00e9jections des chauves-souris d\u2019\u00eatre automatiquement \u00e9vacu\u00e9es par la pierre d\u2019entr\u00e9e, de sorte qu\u2019il n\u2019y a pas d\u2019accumulation d\u2019excr\u00e9ments \u00e0 l\u2019int\u00e9rieur du g\u00eete. La couche ext\u00e9rieure de li\u00e8ge projet\u00e9 ajoute une isolation suppl\u00e9mentaire. Convient comme g\u00eete de maternit\u00e9 et d\u2019hibernation pour les esp\u00e8ces suivantes\u00a0: <\/p>\n<ul>\n<li>Pipistrelle commune<\/li>\n<li>Pipistrelle de Nathusius<\/li>\n<li>Pipistrelle pygm\u00e9e<\/li>\n<\/ul>\n<p> &#038; nbsp\u00a0;<\/p>\n","protected":false},"excerpt":{"rendered":"<p>IB VL 10 G\u00eete \u00e0 encastrer | Vivara Pro | Le plus grand fabricant europ\u00e9en de solutions de nidification pour les chauves-souris, les oiseaux et la faune sauvage<\/p>\n","protected":false},"featured_media":16788,"template":"","meta":{"_acf_changed":false,"_relevanssi_hide_post":"","_relevanssi_hide_content":"","_relevanssi_pin_for_all":"","_relevanssi_pin_keywords":"","_relevanssi_unpin_keywords":"","_relevanssi_related_keywords":"","_relevanssi_related_include_ids":"","_relevanssi_related_exclude_ids":"","_relevanssi_related_no_append":"","_relevanssi_related_not_related":"","_relevanssi_related_posts":"","_relevanssi_noindex_reason":""},"product_brand":[],"product_cat":[5024,5039,5035,5023],"product_tag":[],"class_list":{"0":"post-9945","1":"product","2":"type-product","3":"status-publish","4":"has-post-thumbnail","6":"product_cat-chauves-souris","7":"product_cat-gite-de-maternite-pour-chauves-souris","8":"product_cat-gites-a-encastrer-pour-chauves-souris","9":"product_cat-gites-et-nichoirs-a-encastrer","10":"pa_binnenmaat-b-x-h-x-d-cm-76-x-116-x-3-fr","11":"pa_buitenmaat-b-x-h-x-d-cm-78-x-118-x-5-fr","12":"pa_gewicht-kg-26-fr","13":"pa_materiaal-mulitplex-etanche","14":"pa_materiaal-revetement-en-liege","15":"pa_materiaal-voor-filter-bois-fsc","16":"pa_soort-murin-a-moustaches","17":"pa_soort-murin-des-marais","18":"pa_soort-pipistrelle-commune","19":"pa_soort-pipistrelle-de-nathusius","20":"pa_soort-serotine-commune","21":"pa_soortgroep-chauves-souris","23":"first","24":"instock","25":"purchasable","26":"product-type-simple"},"acf":[],"_links":{"self":[{"href":"https:\/\/viva.ezxdemo.com\/fr\/wp-json\/wp\/v2\/product\/9945","targetHints":{"allow":["GET"]}}],"collection":[{"href":"https:\/\/viva.ezxdemo.com\/fr\/wp-json\/wp\/v2\/product"}],"about":[{"href":"https:\/\/viva.ezxdemo.com\/fr\/wp-json\/wp\/v2\/types\/product"}],"wp:featuredmedia":[{"embeddable":true,"href":"https:\/\/viva.ezxdemo.com\/fr\/wp-json\/wp\/v2\/media\/16788"}],"wp:attachment":[{"href":"https:\/\/viva.ezxdemo.com\/fr\/wp-json\/wp\/v2\/media?parent=9945"}],"wp:term":[{"taxonomy":"product_brand","embeddable":true,"href":"https:\/\/viva.ezxdemo.com\/fr\/wp-json\/wp\/v2\/product_brand?post=9945"},{"taxonomy":"product_cat","embeddable":true,"href":"https:\/\/viva.ezxdemo.com\/fr\/wp-json\/wp\/v2\/product_cat?post=9945"},{"taxonomy":"product_tag","embeddable":true,"href":"https:\/\/viva.ezxdemo.com\/fr\/wp-json\/wp\/v2\/product_tag?post=9945"}],"curies":[{"name":"wp","href":"https:\/\/api.w.org\/{rel}","templated":true}]}}