{"id":9946,"date":"2023-12-20T19:10:55","date_gmt":"2023-12-20T18:10:55","guid":{"rendered":"https:\/\/vivarapro.nl\/product\/ip-ho-02-hotel-a-insectes\/"},"modified":"2025-10-29T21:00:00","modified_gmt":"2025-10-29T20:00:00","slug":"ip-ho-02-hotel-a-insectes","status":"publish","type":"product","link":"https:\/\/viva.ezxdemo.com\/fr\/produit\/ip-ho-02-hotel-a-insectes\/","title":{"rendered":"IP HO 02 H\u00f4tel \u00e0 insectes"},"content":{"rendered":"<p>Cet h\u00f4tel \u00e0 insectes peut abriter plusieurs esp\u00e8ces d\u2019insectes. Les abeilles et gu\u00eapes solitaires l\u2019appr\u00e9cient particuli\u00e8rement. L\u2019ext\u00e9rieur de l\u2019h\u00f4tel \u00e0 insectes est en bois de pin, le toit est fabriqu\u00e9 en contreplaqu\u00e9 certifi\u00e9 FSC\u00ae pour usage ext\u00e9rieur et recouvert d\u2019une membrane d\u2019\u00e9tanch\u00e9it\u00e9. L\u2019int\u00e9rieur est rempli de tiges de bambou, de rondins de bouleau et de calcaire. Pour faciliter le transport, les pieds de l\u2019h\u00f4tel n\u2019ont pas \u00e9t\u00e9 mont\u00e9s \u00e0 l\u2019avance, mais des vis sont fournies et des trous ont \u00e9t\u00e9 pr\u00e9-perc\u00e9s pour permettre une installation simple. Les pieds sont munis d\u2019un joint en caoutchouc \u00e0 leur base pour prolonger leur dur\u00e9e de vie.<\/p>\n","protected":false},"excerpt":{"rendered":"<p>IP HO 02 H\u00f4tel \u00e0 insectes | Vivara Pro | Le plus grand fabricant europ\u00e9en de solutions de nidification pour les chauves-souris, les oiseaux et la faune sauvage<\/p>\n","protected":false},"featured_media":9964,"template":"","meta":{"_acf_changed":false,"_relevanssi_hide_post":"","_relevanssi_hide_content":"","_relevanssi_pin_for_all":"","_relevanssi_pin_keywords":"","_relevanssi_unpin_keywords":"","_relevanssi_related_keywords":"","_relevanssi_related_include_ids":"","_relevanssi_related_exclude_ids":"","_relevanssi_related_no_append":"","_relevanssi_related_not_related":"","_relevanssi_related_posts":"","_relevanssi_noindex_reason":""},"product_brand":[],"product_cat":[5057,5031],"product_tag":[],"class_list":{"0":"post-9946","1":"product","2":"type-product","3":"status-publish","4":"has-post-thumbnail","6":"product_cat-hotel-a-insectes","7":"product_cat-nichoirs-a-insectes","8":"pa_buitenmaat-b-x-h-x-d-cm-100-x-250-x-40-fr","9":"pa_gewicht-kg-685-fr","10":"pa_kleur-divers-fr","11":"pa_materiaal-hotel-whitewood-fsc-fr","12":"pa_materiaal-voor-filter-bois-fsc","13":"pa_soort-abeilles-solitaires","14":"pa_soort-coccinelles","15":"pa_soortgroep-insectes","17":"first","18":"instock","19":"purchasable","20":"product-type-simple"},"acf":[],"_links":{"self":[{"href":"https:\/\/viva.ezxdemo.com\/fr\/wp-json\/wp\/v2\/product\/9946","targetHints":{"allow":["GET"]}}],"collection":[{"href":"https:\/\/viva.ezxdemo.com\/fr\/wp-json\/wp\/v2\/product"}],"about":[{"href":"https:\/\/viva.ezxdemo.com\/fr\/wp-json\/wp\/v2\/types\/product"}],"wp:featuredmedia":[{"embeddable":true,"href":"https:\/\/viva.ezxdemo.com\/fr\/wp-json\/wp\/v2\/media\/9964"}],"wp:attachment":[{"href":"https:\/\/viva.ezxdemo.com\/fr\/wp-json\/wp\/v2\/media?parent=9946"}],"wp:term":[{"taxonomy":"product_brand","embeddable":true,"href":"https:\/\/viva.ezxdemo.com\/fr\/wp-json\/wp\/v2\/product_brand?post=9946"},{"taxonomy":"product_cat","embeddable":true,"href":"https:\/\/viva.ezxdemo.com\/fr\/wp-json\/wp\/v2\/product_cat?post=9946"},{"taxonomy":"product_tag","embeddable":true,"href":"https:\/\/viva.ezxdemo.com\/fr\/wp-json\/wp\/v2\/product_tag?post=9946"}],"curies":[{"name":"wp","href":"https:\/\/api.w.org\/{rel}","templated":true}]}}