{"id":9950,"date":"2023-12-20T19:15:02","date_gmt":"2023-12-20T18:15:02","guid":{"rendered":"https:\/\/vivarapro.nl\/product\/nk-bi-02-nichoir-28mm\/"},"modified":"2026-02-24T09:54:57","modified_gmt":"2026-02-24T08:54:57","slug":"nk-bi-02-nichoir-28mm","status":"publish","type":"product","link":"https:\/\/viva.ezxdemo.com\/fr\/produit\/nk-bi-02-nichoir-28mm\/","title":{"rendered":"NK BI 02 Nichoir 28mm"},"content":{"rendered":"<p>Ce nichoir en 100\u00a0% WoodStone\u00ae offre une protection contre les martres et des possibilit\u00e9s de nidification pour la m\u00e9sange bleue et la m\u00e9sange noire, entre autres. Sa fa\u00e7ade noire le rend plus discret dans les endroits o\u00f9 l\u2019on souhaite limiter sa visibilit\u00e9.<\/p>\n","protected":false},"excerpt":{"rendered":"<p>NK BI 02 Nichoir 28mm | Vivara Pro | Le plus grand fabricant europ\u00e9en de solutions de nidification pour les chauves-souris, les oiseaux et la faune sauvage<\/p>\n","protected":false},"featured_media":9968,"template":"","meta":{"_acf_changed":false,"_relevanssi_hide_post":"","_relevanssi_hide_content":"","_relevanssi_pin_for_all":"","_relevanssi_pin_keywords":"","_relevanssi_unpin_keywords":"","_relevanssi_related_keywords":"","_relevanssi_related_include_ids":"","_relevanssi_related_exclude_ids":"","_relevanssi_related_no_append":"","_relevanssi_related_not_related":"","_relevanssi_related_posts":"","_relevanssi_noindex_reason":""},"product_brand":[],"product_cat":[5061,5029,7868],"product_tag":[],"class_list":{"0":"post-9950","1":"product","2":"type-product","3":"status-publish","4":"has-post-thumbnail","6":"product_cat-nichoirs-pour-mesanges","7":"product_cat-nichoirs-oiseaux-chanteurs","8":"product_cat-nichoirs","9":"pa_binnenmaat-b-x-h-x-d-cm-12-x-24-x-12-fr","10":"pa_buitenmaat-b-x-h-x-d-cm-21-x-305-x-19-fr","11":"pa_gewicht-kg-environ-6","12":"pa_invliegopening-28mm-fr","13":"pa_kleur-marron-noir","14":"pa_materiaal-woodstone-fr","15":"pa_materiaal-voor-filter-beton-de-bois","16":"pa_soort-mesange-bleue","17":"pa_soort-mesange-noire","18":"pa_soortgroep-oiseaux-chanteurs","20":"first","21":"instock","22":"purchasable","23":"product-type-simple"},"acf":[],"_links":{"self":[{"href":"https:\/\/viva.ezxdemo.com\/fr\/wp-json\/wp\/v2\/product\/9950","targetHints":{"allow":["GET"]}}],"collection":[{"href":"https:\/\/viva.ezxdemo.com\/fr\/wp-json\/wp\/v2\/product"}],"about":[{"href":"https:\/\/viva.ezxdemo.com\/fr\/wp-json\/wp\/v2\/types\/product"}],"wp:featuredmedia":[{"embeddable":true,"href":"https:\/\/viva.ezxdemo.com\/fr\/wp-json\/wp\/v2\/media\/9968"}],"wp:attachment":[{"href":"https:\/\/viva.ezxdemo.com\/fr\/wp-json\/wp\/v2\/media?parent=9950"}],"wp:term":[{"taxonomy":"product_brand","embeddable":true,"href":"https:\/\/viva.ezxdemo.com\/fr\/wp-json\/wp\/v2\/product_brand?post=9950"},{"taxonomy":"product_cat","embeddable":true,"href":"https:\/\/viva.ezxdemo.com\/fr\/wp-json\/wp\/v2\/product_cat?post=9950"},{"taxonomy":"product_tag","embeddable":true,"href":"https:\/\/viva.ezxdemo.com\/fr\/wp-json\/wp\/v2\/product_tag?post=9950"}],"curies":[{"name":"wp","href":"https:\/\/api.w.org\/{rel}","templated":true}]}}