{"id":9972,"date":"2023-12-20T19:08:38","date_gmt":"2023-12-20T18:08:38","guid":{"rendered":"https:\/\/vivarapro.nl\/product\/kn-bz-02-nid-dhirondelle-rustique\/"},"modified":"2025-12-17T11:28:38","modified_gmt":"2025-12-17T10:28:38","slug":"kn-bz-02-nid-dhirondelle-rustique","status":"publish","type":"product","link":"https:\/\/viva.ezxdemo.com\/fr\/produit\/kn-bz-02-nid-dhirondelle-rustique\/","title":{"rendered":"KN BZ 02 Nid d\u2019hirondelle de chemin\u00e9e"},"content":{"rendered":"<p>L\u2019hirondelle de chemin\u00e9e niche dans les hangars, les granges ou sous les auvents, presque toujours \u00e0 proximit\u00e9 de chevaux, de porcs, de bovins ou d\u2019autres animaux d\u2019\u00e9levage. Ce nid artificiel offre des possibilit\u00e9s de nidification \u00e0 l\u2019hirondelle de chemin\u00e9e. Il est fabriqu\u00e9 en WoodStone\u00ae, un m\u00e9lange de fibres de bois 100 % certifi\u00e9es FSC\u00ae et de b\u00e9ton. Ce mat\u00e9riau robuste est respectueux de l\u2019environnement et con\u00e7u pour durer des d\u00e9cennies.<\/p>\n","protected":false},"excerpt":{"rendered":"<p>KN BZ 02 Nid d\u2019<strong class=\"Yjhzub\" data-processed=\"true\">hirondelle de chemin\u00e9e<\/strong> | Vivara Pro | Le plus grand fabricant europ\u00e9en de solutions de nidification pour les chauves-souris, les oiseaux et la faune sauvage<\/p>\n","protected":false},"featured_media":9977,"template":"","meta":{"_acf_changed":false,"_relevanssi_hide_post":"","_relevanssi_hide_content":"","_relevanssi_pin_for_all":"","_relevanssi_pin_keywords":"","_relevanssi_unpin_keywords":"","_relevanssi_related_keywords":"","_relevanssi_related_include_ids":"","_relevanssi_related_exclude_ids":"","_relevanssi_related_no_append":"","_relevanssi_related_not_related":"","_relevanssi_related_posts":"","_relevanssi_noindex_reason":""},"product_brand":[],"product_cat":[5027,5040,5048,5045,7868],"product_tag":[],"class_list":{"0":"post-9972","1":"product","2":"type-product","3":"status-publish","4":"has-post-thumbnail","6":"product_cat-hirondelles","7":"product_cat-nichoirs-muraux","8":"product_cat-nichoirs-muraux-pour-hirondelles","9":"product_cat-nichoirs-pour-hirondelle-de-cheminee","10":"product_cat-nichoirs","11":"pa_binnenmaat-b-x-h-x-d-cm-12-x-45-x-9-fr","12":"pa_buitenmaat-b-x-h-x-d-cm-20-x-12-x-14-fr","13":"pa_gewicht-kg-14-fr","14":"pa_kleur-gris","15":"pa_materiaal-woodstone-fr","16":"pa_materiaal-voor-filter-beton-de-bois","17":"pa_soort-hirondelle-de-cheminee","18":"pa_soortgroep-hirondelles","20":"first","21":"instock","22":"purchasable","23":"product-type-simple"},"acf":[],"_links":{"self":[{"href":"https:\/\/viva.ezxdemo.com\/fr\/wp-json\/wp\/v2\/product\/9972","targetHints":{"allow":["GET"]}}],"collection":[{"href":"https:\/\/viva.ezxdemo.com\/fr\/wp-json\/wp\/v2\/product"}],"about":[{"href":"https:\/\/viva.ezxdemo.com\/fr\/wp-json\/wp\/v2\/types\/product"}],"wp:featuredmedia":[{"embeddable":true,"href":"https:\/\/viva.ezxdemo.com\/fr\/wp-json\/wp\/v2\/media\/9977"}],"wp:attachment":[{"href":"https:\/\/viva.ezxdemo.com\/fr\/wp-json\/wp\/v2\/media?parent=9972"}],"wp:term":[{"taxonomy":"product_brand","embeddable":true,"href":"https:\/\/viva.ezxdemo.com\/fr\/wp-json\/wp\/v2\/product_brand?post=9972"},{"taxonomy":"product_cat","embeddable":true,"href":"https:\/\/viva.ezxdemo.com\/fr\/wp-json\/wp\/v2\/product_cat?post=9972"},{"taxonomy":"product_tag","embeddable":true,"href":"https:\/\/viva.ezxdemo.com\/fr\/wp-json\/wp\/v2\/product_tag?post=9972"}],"curies":[{"name":"wp","href":"https:\/\/api.w.org\/{rel}","templated":true}]}}