{"id":9976,"date":"2023-12-20T19:15:02","date_gmt":"2023-12-20T18:15:02","guid":{"rendered":"https:\/\/vivarapro.nl\/product\/ib-vl-12-nichoir-a-encastrer\/"},"modified":"2025-12-02T13:25:39","modified_gmt":"2025-12-02T12:25:39","slug":"ib-vl-33-gite-a-encastrer-pour-chauves-souris","status":"publish","type":"product","link":"https:\/\/viva.ezxdemo.com\/fr\/produit\/ib-vl-33-gite-a-encastrer-pour-chauves-souris\/","title":{"rendered":"IB VL 33 G\u00eete \u00e0 encastrer pour chauves-souris"},"content":{"rendered":"<p>L\u2019IB VL\u00a033 est divis\u00e9 en trois compartiments distants de 20\u00a0mm. Ces compartiments sont accessibles par la fente d\u2019entr\u00e9e ainsi que par les ouvertures situ\u00e9es dans les cloisons internes. Ce g\u00eete \u00e0 encastrer est parfait pour les chauves-souris en tant qu\u2019abri d\u2019\u00e9t\u00e9, site de reproduction et comme g\u00eete d\u2019hibernation pendant les hivers doux. Les esp\u00e8ces qui utiliseront ce g\u00eete \u00e0 encastrer d\u00e9pendront de la r\u00e9gion o\u00f9 il est install\u00e9 et des esp\u00e8ces d\u00e9j\u00e0 pr\u00e9sentes localement. Si un seul g\u00eete est install\u00e9 sur un site, il servira soit d\u2019abri d\u2019\u00e9t\u00e9, soit de g\u00eete pour la reproduction. Le g\u00eete \u00e0 encastrer peut \u00e9galement s\u2019utiliser comme maternit\u00e9, mais cela n\u00e9cessite de relier plusieurs g\u00eetes (au moins 3) pour cr\u00e9er un espace plus grand. Il est ainsi possible de relier plusieurs g\u00eetes IB VL\u00a033, ou de les combiner avec un ou plusieurs g\u00eetes IB VL\u00a016. Cette configuration r\u00e9duit le nombre d\u2019ouvertures visibles sur la fa\u00e7ade. En \u00e9t\u00e9, les g\u00eetes \u00e0 encastrer pour chauve-souris (quand au moins 3 sont reli\u00e9s) conviennent aussi pour les esp\u00e8ces suivantes\u00a0:<\/p>\n<ul>\n<li>Pipistrelle commune, Pipistrelle de Nathusius et Pipistrelle pygm\u00e9e<\/li>\n<li>S\u00e9rotine commune<\/li>\n<li>S\u00e9rotine bicolore<\/li>\n<\/ul>\n<p>Pendant les hivers doux, ils pourront \u00e9galement \u00eatre utilis\u00e9s par la\u00a0:<\/p>\n<ul>\n<li>Pipistrelle commune<\/li>\n<\/ul>\n<p>Pour les chauves-souris, plus il y a d\u2019espace disponible, mieux c\u2019est\u00a0!<\/p>\n","protected":false},"excerpt":{"rendered":"<p>Ce g\u00eete \u00e0 encastrer est parfait pour les chauves-souris en tant qu\u2019abri d\u2019\u00e9t\u00e9, site de reproduction et comme refuge pendant les hivers doux. Les esp\u00e8ces qui utiliseront ce g\u00eete \u00e0 encastrer d\u00e9pendront de la r\u00e9gion o\u00f9 il est install\u00e9 et des esp\u00e8ces d\u00e9j\u00e0 pr\u00e9sentes localement.<\/p>\n","protected":false},"featured_media":29980,"template":"","meta":{"_acf_changed":false,"_relevanssi_hide_post":"","_relevanssi_hide_content":"","_relevanssi_pin_for_all":"","_relevanssi_pin_keywords":"","_relevanssi_unpin_keywords":"","_relevanssi_related_keywords":"","_relevanssi_related_include_ids":"","_relevanssi_related_exclude_ids":"","_relevanssi_related_no_append":"","_relevanssi_related_not_related":"","_relevanssi_related_posts":"","_relevanssi_noindex_reason":""},"product_brand":[],"product_cat":[5024,5035,5023],"product_tag":[],"class_list":{"0":"post-9976","1":"product","2":"type-product","3":"status-publish","4":"has-post-thumbnail","6":"product_cat-chauves-souris","7":"product_cat-gites-a-encastrer-pour-chauves-souris","8":"product_cat-gites-et-nichoirs-a-encastrer","9":"pa_binnenmaat-b-x-h-x-d-cm-162-x-404-x-61-fr","10":"pa_buitenmaat-b-x-h-x-d-cm-21-x-50-x-105-fr","11":"pa_gewicht-kg-4841","12":"pa_materiaal-beton-de-bois","13":"pa_materiaal-voor-filter-beton-de-bois","14":"pa_soort-murin-a-moustaches","15":"pa_soort-murin-des-marais","16":"pa_soort-pipistrelle-commune","17":"pa_soort-pipistrelle-de-nathusius","18":"pa_soort-pipistrelle-pygmee","19":"pa_soortgroep-chauves-souris","21":"first","22":"instock","23":"purchasable","24":"product-type-simple"},"acf":[],"_links":{"self":[{"href":"https:\/\/viva.ezxdemo.com\/fr\/wp-json\/wp\/v2\/product\/9976","targetHints":{"allow":["GET"]}}],"collection":[{"href":"https:\/\/viva.ezxdemo.com\/fr\/wp-json\/wp\/v2\/product"}],"about":[{"href":"https:\/\/viva.ezxdemo.com\/fr\/wp-json\/wp\/v2\/types\/product"}],"wp:featuredmedia":[{"embeddable":true,"href":"https:\/\/viva.ezxdemo.com\/fr\/wp-json\/wp\/v2\/media\/29980"}],"wp:attachment":[{"href":"https:\/\/viva.ezxdemo.com\/fr\/wp-json\/wp\/v2\/media?parent=9976"}],"wp:term":[{"taxonomy":"product_brand","embeddable":true,"href":"https:\/\/viva.ezxdemo.com\/fr\/wp-json\/wp\/v2\/product_brand?post=9976"},{"taxonomy":"product_cat","embeddable":true,"href":"https:\/\/viva.ezxdemo.com\/fr\/wp-json\/wp\/v2\/product_cat?post=9976"},{"taxonomy":"product_tag","embeddable":true,"href":"https:\/\/viva.ezxdemo.com\/fr\/wp-json\/wp\/v2\/product_tag?post=9976"}],"curies":[{"name":"wp","href":"https:\/\/api.w.org\/{rel}","templated":true}]}}