{"id":9986,"date":"2023-12-20T19:15:02","date_gmt":"2023-12-20T18:15:02","guid":{"rendered":"https:\/\/vivarapro.nl\/product\/nk-bi-03-nichoir-32mm\/"},"modified":"2025-10-29T21:00:04","modified_gmt":"2025-10-29T20:00:04","slug":"nk-bi-03-nichoir-32mm","status":"publish","type":"product","link":"https:\/\/viva.ezxdemo.com\/fr\/produit\/nk-bi-03-nichoir-32mm\/","title":{"rendered":"NK BI 03 Nichoir 32mm"},"content":{"rendered":"<p>Ce nichoir en 100\u00a0% WoodStone\u00ae offre une protection contre les martres et des possibilit\u00e9s de nidification aux m\u00e9sanges, sittelles torchepots et gobe-mouches noirs, entre autres. Sa fa\u00e7ade noire le rend plus discret dans les endroits o\u00f9 l\u2019on souhaite limiter sa visibilit\u00e9.<\/p>\n","protected":false},"excerpt":{"rendered":"<p>NK BI 03 Nichoir 32mm | Vivara Pro | Le plus grand fabricant europ\u00e9en de solutions de nidification pour les chauves-souris, les oiseaux et la faune sauvage<\/p>\n","protected":false},"featured_media":9995,"template":"","meta":{"_acf_changed":false,"_relevanssi_hide_post":"","_relevanssi_hide_content":"","_relevanssi_pin_for_all":"","_relevanssi_pin_keywords":"","_relevanssi_unpin_keywords":"","_relevanssi_related_keywords":"","_relevanssi_related_include_ids":"","_relevanssi_related_exclude_ids":"","_relevanssi_related_no_append":"","_relevanssi_related_not_related":"","_relevanssi_related_posts":"","_relevanssi_noindex_reason":""},"product_brand":[],"product_cat":[5063,5060,5061,5079,5029,7868],"product_tag":[],"class_list":{"0":"post-9986","1":"product","2":"type-product","3":"status-publish","4":"has-post-thumbnail","6":"product_cat-nichoirs-autres","7":"product_cat-nichoirs-pour-les-gobe-mouches","8":"product_cat-nichoirs-pour-mesanges","9":"product_cat-nichoirs-pour-sittelles-torchepot","10":"product_cat-nichoirs-oiseaux-chanteurs","11":"product_cat-nichoirs","12":"pa_binnenmaat-b-x-h-x-d-cm-12-x-24-x-12-fr","13":"pa_buitenmaat-b-x-h-x-d-cm-21-x-305-x-19-fr","14":"pa_gewicht-kg-environ-6","15":"pa_invliegopening-32mm-fr","16":"pa_kleur-marron-noir","17":"pa_materiaal-woodstone-fr","18":"pa_materiaal-voor-filter-beton-de-bois","19":"pa_soort-gobe-mouche-noir","20":"pa_soort-mesange-charbonniere","21":"pa_soort-moineau-domestique","22":"pa_soort-moineau-friquet","23":"pa_soort-sittelle-torchepot","24":"pa_soortgroep-oiseaux-chanteurs","26":"first","27":"instock","28":"purchasable","29":"product-type-simple"},"acf":[],"_links":{"self":[{"href":"https:\/\/viva.ezxdemo.com\/fr\/wp-json\/wp\/v2\/product\/9986","targetHints":{"allow":["GET"]}}],"collection":[{"href":"https:\/\/viva.ezxdemo.com\/fr\/wp-json\/wp\/v2\/product"}],"about":[{"href":"https:\/\/viva.ezxdemo.com\/fr\/wp-json\/wp\/v2\/types\/product"}],"wp:featuredmedia":[{"embeddable":true,"href":"https:\/\/viva.ezxdemo.com\/fr\/wp-json\/wp\/v2\/media\/9995"}],"wp:attachment":[{"href":"https:\/\/viva.ezxdemo.com\/fr\/wp-json\/wp\/v2\/media?parent=9986"}],"wp:term":[{"taxonomy":"product_brand","embeddable":true,"href":"https:\/\/viva.ezxdemo.com\/fr\/wp-json\/wp\/v2\/product_brand?post=9986"},{"taxonomy":"product_cat","embeddable":true,"href":"https:\/\/viva.ezxdemo.com\/fr\/wp-json\/wp\/v2\/product_cat?post=9986"},{"taxonomy":"product_tag","embeddable":true,"href":"https:\/\/viva.ezxdemo.com\/fr\/wp-json\/wp\/v2\/product_tag?post=9986"}],"curies":[{"name":"wp","href":"https:\/\/api.w.org\/{rel}","templated":true}]}}