{"id":9999,"date":"2023-12-20T19:08:38","date_gmt":"2023-12-20T18:08:38","guid":{"rendered":"https:\/\/vivarapro.nl\/product\/kn-hz-03-nid-dhirondelles-de-fenetre\/"},"modified":"2025-10-29T21:00:05","modified_gmt":"2025-10-29T20:00:05","slug":"kn-hz-03-nid-dhirondelles-de-fenetre","status":"publish","type":"product","link":"https:\/\/viva.ezxdemo.com\/fr\/produit\/kn-hz-03-nid-dhirondelles-de-fenetre\/","title":{"rendered":"KN HZ 03 Nid d\u2019hirondelles de fen\u00eatre"},"content":{"rendered":"<p>Ce double nid artificiel en forme de demi-lune est fabriqu\u00e9 \u00e0 100\u00a0% en WoodStone\u00ae, un mat\u00e9riau durable compos\u00e9 d\u2019un m\u00e9lange de fibres de bois certifi\u00e9es FSC\u00ae et de b\u00e9ton. Ce mat\u00e9riau robuste est \u00e0 la fois durable et respectueux de l\u2019environnement, et il est con\u00e7u pour durer des d\u00e9cennies. La partie ronde des nichoirs n\u2019est pas amovible.<\/p>\n","protected":false},"excerpt":{"rendered":"<p>KN HZ 03 Nid d\u2019hirondelles de fen\u00eatre | Vivara Pro | Le plus grand fabricant europ\u00e9en de solutions de nidification pour les chauves-souris, les oiseaux et la faune sauvage<\/p>\n","protected":false},"featured_media":31547,"template":"","meta":{"_acf_changed":false,"_relevanssi_hide_post":"","_relevanssi_hide_content":"","_relevanssi_pin_for_all":"","_relevanssi_pin_keywords":"","_relevanssi_unpin_keywords":"","_relevanssi_related_keywords":"","_relevanssi_related_include_ids":"","_relevanssi_related_exclude_ids":"","_relevanssi_related_no_append":"","_relevanssi_related_not_related":"","_relevanssi_related_posts":"","_relevanssi_noindex_reason":""},"product_brand":[],"product_cat":[5027,5040,5048,5047,7868],"product_tag":[],"class_list":{"0":"post-9999","1":"product","2":"type-product","3":"status-publish","4":"has-post-thumbnail","6":"product_cat-hirondelles","7":"product_cat-nichoirs-muraux","8":"product_cat-nichoirs-muraux-pour-hirondelles","9":"product_cat-nichoirs-pour-hirondelles-de-fenetre","10":"product_cat-nichoirs","11":"pa_binnenmaat-b-x-h-x-d-cm-11-x-6-x-10-fr","12":"pa_buitenmaat-b-x-h-x-d-cm-38-x-125-x-165-fr","13":"pa_gewicht-kg-35-fr","14":"pa_kleur-blanc-gris","15":"pa_materiaal-woodstone-fr","16":"pa_materiaal-voor-filter-beton-de-bois","17":"pa_soort-hirondelle-de-fenetre","18":"pa_soortgroep-hirondelles","20":"first","21":"instock","22":"purchasable","23":"product-type-simple"},"acf":[],"_links":{"self":[{"href":"https:\/\/viva.ezxdemo.com\/fr\/wp-json\/wp\/v2\/product\/9999","targetHints":{"allow":["GET"]}}],"collection":[{"href":"https:\/\/viva.ezxdemo.com\/fr\/wp-json\/wp\/v2\/product"}],"about":[{"href":"https:\/\/viva.ezxdemo.com\/fr\/wp-json\/wp\/v2\/types\/product"}],"wp:featuredmedia":[{"embeddable":true,"href":"https:\/\/viva.ezxdemo.com\/fr\/wp-json\/wp\/v2\/media\/31547"}],"wp:attachment":[{"href":"https:\/\/viva.ezxdemo.com\/fr\/wp-json\/wp\/v2\/media?parent=9999"}],"wp:term":[{"taxonomy":"product_brand","embeddable":true,"href":"https:\/\/viva.ezxdemo.com\/fr\/wp-json\/wp\/v2\/product_brand?post=9999"},{"taxonomy":"product_cat","embeddable":true,"href":"https:\/\/viva.ezxdemo.com\/fr\/wp-json\/wp\/v2\/product_cat?post=9999"},{"taxonomy":"product_tag","embeddable":true,"href":"https:\/\/viva.ezxdemo.com\/fr\/wp-json\/wp\/v2\/product_tag?post=9999"}],"curies":[{"name":"wp","href":"https:\/\/api.w.org\/{rel}","templated":true}]}}